{"id":162543,"date":"2025-12-19T12:17:53","date_gmt":"2025-12-19T09:17:53","guid":{"rendered":"https:\/\/baldumarket.lt\/product\/twenty-twek03-szafka-nocna-1s-dab-honey-castello-biala-szara\/"},"modified":"2026-04-06T20:05:45","modified_gmt":"2026-04-06T17:05:45","slug":"twenty-twek03-szafka-nocna-1s-dab-honey-castello-biala-szara","status":"publish","type":"product","link":"https:\/\/baldumarket.lt\/lt\/product\/twenty-twek03-szafka-nocna-1s-dab-honey-castello-biala-szara\/","title":{"rendered":"Twenty TWEK03 &#8211; 1S naktinis staliukas, medaus \u0105\u017euolo spalvos, Castello\/balta\/pilka"},"content":{"rendered":"<p>Atraskite unikali\u0105 \u2019Twenty\u201c serijos naktin\u012f staliuk\u0105 TWEK03, kuriame dera Honey Castello \u0105\u017euolo elegancija su modernia balta ir subtilia pilka spalvomis, sukurdami rafinuot\u0105 bet kurio miegamojo akcent\u0105. Spalv\u0173 sodrumas ir rafinuotas dizainas daro \u0161\u012f bald\u0105 puikiai tinkant\u012f \u0161iuolaikiniam interjerui \u2013 tiek suaugusi\u0173j\u0173, tiek paaugli\u0173 miegamuosiuose. Neabejotinas \u201eTwenty TWEK03\u201c naktinio staliuko privalumas yra kompakti\u0161kas dydis \u2013 50 cm plo\u010dio, 45 cm auk\u0161\u010dio ir 40 cm gylio matmenys puikiai tinka ma\u017eesn\u0117ms erdv\u0117ms ir suteikia ne\u012fkainojam\u0105 komfort\u0105. Gerai apgalvota bald\u0173 konstrukcija ir pilno i\u0161traukimo stal\u010diai, pritvirtinti prie rutulini\u0173 guoli\u0173 b\u0117geli\u0173, leid\u017eia lengvai pasiekti viduje laikomus daiktus. Eleganti\u0161ka metalin\u0117 plastikini\u0173 ranken\u0117li\u0173 apdaila suteikia visam baldui \u0161iuolaiki\u0161k\u0105 charakter\u012f, kur\u012f pabr\u0117\u017eia modernus bald\u0173 stilius ir geometrin\u0117s linijos. Be to, spintel\u0117s korpusas ir priekin\u0117 dalis pagaminti i\u0161 auk\u0161tos kokyb\u0117s laminuotos med\u017eio dro\u017eli\u0173 plok\u0161t\u0117s, u\u017etikrinan\u010dios patvarum\u0105 ir atsparum\u0105 kasdieniam naudojimui. Papildom\u0105 funkcionalumo lyg\u012f suteikia specialiai profiliuotos plastikin\u0117s kojel\u0117s, kurios stabilizuoja baldus ant bet kokio pavir\u0161iaus.<\/p>","protected":false},"excerpt":{"rendered":"<p>Plotis (cm): 50<br \/>\n\u016agis (cm): 45<br \/>\nGylis (cm): 40<\/p>","protected":false},"featured_media":162544,"comment_status":"open","ping_status":"open","template":"","meta":[],"product_brand":[],"product_cat":[9500,1176,4107],"product_tag":[],"class_list":{"0":"post-162543","1":"product","2":"type-product","3":"status-publish","4":"has-post-thumbnail","6":"product_cat-furniture-system-twenty-wojcik-meble","7":"product_cat-bedside-tables","8":"product_cat-meble-wojcik","10":"first","11":"instock","12":"purchasable","13":"product-type-simple"},"_links":{"self":[{"href":"https:\/\/baldumarket.lt\/lt\/wp-json\/wp\/v2\/product\/162543","targetHints":{"allow":["GET"]}}],"collection":[{"href":"https:\/\/baldumarket.lt\/lt\/wp-json\/wp\/v2\/product"}],"about":[{"href":"https:\/\/baldumarket.lt\/lt\/wp-json\/wp\/v2\/types\/product"}],"replies":[{"embeddable":true,"href":"https:\/\/baldumarket.lt\/lt\/wp-json\/wp\/v2\/comments?post=162543"}],"wp:featuredmedia":[{"embeddable":true,"href":"https:\/\/baldumarket.lt\/lt\/wp-json\/wp\/v2\/media\/162544"}],"wp:attachment":[{"href":"https:\/\/baldumarket.lt\/lt\/wp-json\/wp\/v2\/media?parent=162543"}],"wp:term":[{"taxonomy":"product_brand","embeddable":true,"href":"https:\/\/baldumarket.lt\/lt\/wp-json\/wp\/v2\/product_brand?post=162543"},{"taxonomy":"product_cat","embeddable":true,"href":"https:\/\/baldumarket.lt\/lt\/wp-json\/wp\/v2\/product_cat?post=162543"},{"taxonomy":"product_tag","embeddable":true,"href":"https:\/\/baldumarket.lt\/lt\/wp-json\/wp\/v2\/product_tag?post=162543"}],"curies":[{"name":"wp","href":"https:\/\/api.w.org\/{rel}","templated":true}]}}