{"id":162538,"date":"2025-12-19T12:17:43","date_gmt":"2025-12-19T09:17:43","guid":{"rendered":"https:\/\/baldumarket.lt\/product\/twenty-twek02-komoda-2d2s-dab-honey-castello-biala-szara\/"},"modified":"2026-04-06T20:05:45","modified_gmt":"2026-04-06T17:05:45","slug":"twenty-twek02-komoda-2d2s-dab-honey-castello-biala-szara","status":"publish","type":"product","link":"https:\/\/baldumarket.lt\/lt\/product\/twenty-twek02-komoda-2d2s-dab-honey-castello-biala-szara\/","title":{"rendered":"Twenty TWEK02 \u2013 Komoda 2D2S Medaus \u0105\u017euolo Castello\/balta\/pilka"},"content":{"rendered":"<p>Sveiki atvyk\u0119 \u012f eleganti\u0161ko paprastumo ir modernaus dizaino pasaul\u012f su \u201eTwenty TWEK02\u201c indauja. \u0160is baldas \u017eavi harmoningu nat\u016brali\u0173 atspalvi\u0173 ir geometrini\u0173 form\u0173 deriniu. Jos matmenys \u2013 plotis: 150 cm, auk\u0161tis: 86 cm ir gylis: 40 cm \u2013 paver\u010dia j\u012f prakti\u0161ku ir \u012fsp\u016bdingu j\u016bs\u0173 interjero papildymu. I\u0161siskirianti kruop\u0161\u010diai parinktomis spalvomis \u2013 medaus ir Castello \u0105\u017euolo, balta ir pilka \u2013 \u0161i indauja pagaminta i\u0161 auk\u0161tos kokyb\u0117s laminuotos plok\u0161t\u0117s, u\u017etikrinan\u010dios patvarum\u0105 ir atsparum\u0105 kasdieniam naudojimui. Spalva ir med\u017eiagos, naudojamos jos gamyboje, sukurtos taip, kad atitikt\u0173 net ir reikliausi\u0173 interjer\u0173 reikalavimus. Indauja pagaminta i\u0161 laminuotos med\u017eio dro\u017eli\u0173 plok\u0161t\u0117s, kuri \u017eavi ne tik estetika, bet ir funkcionalumu. Plastikin\u0117s rankenos yra malonios tekst\u016bros ir patvarios, o rutuliniai guoliai u\u017etikrina skland\u0173 ir piln\u0105 stal\u010di\u0173 i\u0161traukim\u0105. J\u016bs\u0173 patogumui indauja turi \u0161velnaus u\u017edarymo vyrius, leid\u017eian\u010dius durel\u0117ms u\u017esidaryti tyliai ir \u0161velniai.<\/p>","protected":false},"excerpt":{"rendered":"<p>Plotis (cm): 150<br \/>\n\u016agis (cm): 86<br \/>\nGylis (cm): 40<\/p>","protected":false},"featured_media":162539,"comment_status":"open","ping_status":"open","template":"","meta":[],"product_brand":[],"product_cat":[9500,1173,4107],"product_tag":[],"class_list":{"0":"post-162538","1":"product","2":"type-product","3":"status-publish","4":"has-post-thumbnail","6":"product_cat-furniture-system-twenty-wojcik-meble","7":"product_cat-chests-of-drawers","8":"product_cat-meble-wojcik","10":"first","11":"instock","12":"purchasable","13":"product-type-simple"},"_links":{"self":[{"href":"https:\/\/baldumarket.lt\/lt\/wp-json\/wp\/v2\/product\/162538","targetHints":{"allow":["GET"]}}],"collection":[{"href":"https:\/\/baldumarket.lt\/lt\/wp-json\/wp\/v2\/product"}],"about":[{"href":"https:\/\/baldumarket.lt\/lt\/wp-json\/wp\/v2\/types\/product"}],"replies":[{"embeddable":true,"href":"https:\/\/baldumarket.lt\/lt\/wp-json\/wp\/v2\/comments?post=162538"}],"wp:featuredmedia":[{"embeddable":true,"href":"https:\/\/baldumarket.lt\/lt\/wp-json\/wp\/v2\/media\/162539"}],"wp:attachment":[{"href":"https:\/\/baldumarket.lt\/lt\/wp-json\/wp\/v2\/media?parent=162538"}],"wp:term":[{"taxonomy":"product_brand","embeddable":true,"href":"https:\/\/baldumarket.lt\/lt\/wp-json\/wp\/v2\/product_brand?post=162538"},{"taxonomy":"product_cat","embeddable":true,"href":"https:\/\/baldumarket.lt\/lt\/wp-json\/wp\/v2\/product_cat?post=162538"},{"taxonomy":"product_tag","embeddable":true,"href":"https:\/\/baldumarket.lt\/lt\/wp-json\/wp\/v2\/product_tag?post=162538"}],"curies":[{"name":"wp","href":"https:\/\/api.w.org\/{rel}","templated":true}]}}