{"id":162532,"date":"2025-12-19T12:17:30","date_gmt":"2025-12-19T09:17:30","guid":{"rendered":"https:\/\/baldumarket.lt\/product\/twenty-twek01-komoda-1d2s-dab-honey-castello-biala-szara\/"},"modified":"2026-04-06T20:05:45","modified_gmt":"2026-04-06T17:05:45","slug":"twenty-twek01-komoda-1d2s-dab-honey-castello-biala-szara","status":"publish","type":"product","link":"https:\/\/baldumarket.lt\/lt\/product\/twenty-twek01-komoda-1d2s-dab-honey-castello-biala-szara\/","title":{"rendered":"Twenty TWEK01 \u2013 Komoda 1D2S Medaus \u0105\u017euolo Castello\/balta\/pilka"},"content":{"rendered":"<p>Pristatome \u201eTwenty TWEK01\u201c komod\u0105, pasi\u017eymin\u010di\u0105 moderniu charakteriu ir eleganti\u0161ku dizainu, puikiai tinkan\u010di\u0105 stilingam ir funkcionaliam interjerui sukurti. Jos matmenys \u2013 plotis: 100 cm, auk\u0161tis: 86 cm, gylis: 40 cm \u2013 puikiai tinka jaunimo kambariui, miegamajam ar moderniai svetainei. \u201eTwenty\u201c komoda derina nesenstant\u012f stili\u0173 su trimis skirtingomis spalv\u0173 gamomis: \u0161iltu medaus Castello \u0105\u017euolo atspalviu, \u0161vie\u017eia balta ir rafinuota pilka, suteikian\u010diomis bet kokiam kambariui dinami\u0161kumo ir unikalios atmosferos. \u0160ios komodos modernumas yra ne tik estetikos, bet ir funkcionalumo klausimas. Pagaminta i\u0161 auk\u0161\u010diausios kokyb\u0117s laminuotos plok\u0161t\u0117s, komoda atlaikys kasdien\u012f naudojim\u0105, ilgai i\u0161laikydama nepriekai\u0161ting\u0105 i\u0161vaizd\u0105. Tiek korpusas, tiek priekin\u0117 dalis padengta patvaria laminuota med\u017eio dro\u017eli\u0173 plok\u0161te, u\u017etikrinan\u010dia konstrukcijos tvirtum\u0105 ir ilgaam\u017ei\u0161kum\u0105. Rankenos, pagamintos i\u0161 patvaraus plastiko, dar labiau pabr\u0117\u017eia modern\u0173 baldo charakter\u012f ir u\u017etikrina komfort\u0105 naudojant.<\/p>","protected":false},"excerpt":{"rendered":"<p>Plotis (cm): 100<br \/>\n\u016agis (cm): 86<br \/>\nGylis (cm): 40<\/p>","protected":false},"featured_media":162533,"comment_status":"open","ping_status":"open","template":"","meta":[],"product_brand":[],"product_cat":[9500,1173,4107],"product_tag":[],"class_list":{"0":"post-162532","1":"product","2":"type-product","3":"status-publish","4":"has-post-thumbnail","6":"product_cat-furniture-system-twenty-wojcik-meble","7":"product_cat-chests-of-drawers","8":"product_cat-meble-wojcik","10":"first","11":"instock","12":"purchasable","13":"product-type-simple"},"_links":{"self":[{"href":"https:\/\/baldumarket.lt\/lt\/wp-json\/wp\/v2\/product\/162532","targetHints":{"allow":["GET"]}}],"collection":[{"href":"https:\/\/baldumarket.lt\/lt\/wp-json\/wp\/v2\/product"}],"about":[{"href":"https:\/\/baldumarket.lt\/lt\/wp-json\/wp\/v2\/types\/product"}],"replies":[{"embeddable":true,"href":"https:\/\/baldumarket.lt\/lt\/wp-json\/wp\/v2\/comments?post=162532"}],"wp:featuredmedia":[{"embeddable":true,"href":"https:\/\/baldumarket.lt\/lt\/wp-json\/wp\/v2\/media\/162533"}],"wp:attachment":[{"href":"https:\/\/baldumarket.lt\/lt\/wp-json\/wp\/v2\/media?parent=162532"}],"wp:term":[{"taxonomy":"product_brand","embeddable":true,"href":"https:\/\/baldumarket.lt\/lt\/wp-json\/wp\/v2\/product_brand?post=162532"},{"taxonomy":"product_cat","embeddable":true,"href":"https:\/\/baldumarket.lt\/lt\/wp-json\/wp\/v2\/product_cat?post=162532"},{"taxonomy":"product_tag","embeddable":true,"href":"https:\/\/baldumarket.lt\/lt\/wp-json\/wp\/v2\/product_tag?post=162532"}],"curies":[{"name":"wp","href":"https:\/\/api.w.org\/{rel}","templated":true}]}}