{"id":162521,"date":"2025-12-19T12:17:07","date_gmt":"2025-12-19T09:17:07","guid":{"rendered":"https:\/\/baldumarket.lt\/product\/toledo-tolk04-komoda-4d2s-biala-stirling-oak\/"},"modified":"2026-04-06T20:05:45","modified_gmt":"2026-04-06T17:05:45","slug":"toledo-tolk04-komoda-4d2s-biala-stirling-oak","status":"publish","type":"product","link":"https:\/\/baldumarket.lt\/lt\/product\/toledo-tolk04-komoda-4d2s-biala-stirling-oak\/","title":{"rendered":"Toledo TOLK04 \u2013 Komoda su stal\u010diais 4D2S, balta\/Stirling \u0105\u017euolas"},"content":{"rendered":"<p>Praskaidrinkite ir atnaujinkite savo interjer\u0105 unikaliu baldu, kuris ne tik papuo\u0161 j\u016bs\u0173 erdv\u0119 savo dizainu, bet ir puikiai patenkins j\u016bs\u0173 praktinius poreikius \u2013 pristatome \u201eToledo TOLK04\u201c indauja baltos ir Stirlingo \u0105\u017euolo spalv\u0173. \u0160i moderni indauja, kurios plotis \u2013 189,3 cm, auk\u0161tis \u2013 88 cm, o gylis \u2013 40,1 cm, sukurta tiems, kurie vertina \u0161viesius ir funkcionalius nam\u0173 stiliaus sprendimus. Siekdami u\u017etikrinti ilgalaik\u012f naudojim\u0105, naudojome auk\u0161\u010diausios kokyb\u0117s med\u017eiagas, tokias kaip laminuota plok\u0161t\u0117 ir MDF. Indauja pagaminta i\u0161 laminuotos med\u017eio dro\u017eli\u0173 plok\u0161t\u0117s, kartu su MDF priekine dalimi ir laminuotos plok\u0161t\u0117s akcentais garantuoja patvarum\u0105 ir esteti\u0161k\u0105 i\u0161vaizd\u0105. Nat\u016brali egzoti\u0161ko Stirlingo \u0105\u017euolo apdaila kartu su klasikine balta spalva sukuria darni\u0105 visum\u0105, kuri suteiks elegancijos bet kuriam kambariui. Keturios erdvios spintel\u0117s ir du funkcional\u016bs stal\u010diai u\u017etikrins tvark\u0105 j\u016bs\u0173 namuose, leisdami susisteminti svarbiausius daiktus. Yra 10 vidini\u0173 ni\u0161\u0173, leid\u017eian\u010di\u0173 kiekvienam daiktui rasti savo viet\u0105. Tai idealus sprendimas svetainei ar valgomajam, kur \u012fvairi\u0173 daikt\u0173 laikymui reikalinga tinkama tvarka.<\/p>","protected":false},"excerpt":{"rendered":"<p>Plotis (cm): 189,3<br \/>\n\u016agis (cm): 88<br \/>\nGylis (cm): 40,1<\/p>","protected":false},"featured_media":162522,"comment_status":"open","ping_status":"open","template":"","meta":[],"product_brand":[],"product_cat":[9499,1173,4107],"product_tag":[],"class_list":{"0":"post-162521","1":"product","2":"type-product","3":"status-publish","4":"has-post-thumbnail","6":"product_cat-furniture-system-toledo-wojcik-meble","7":"product_cat-chests-of-drawers","8":"product_cat-meble-wojcik","10":"first","11":"instock","12":"purchasable","13":"product-type-simple"},"_links":{"self":[{"href":"https:\/\/baldumarket.lt\/lt\/wp-json\/wp\/v2\/product\/162521","targetHints":{"allow":["GET"]}}],"collection":[{"href":"https:\/\/baldumarket.lt\/lt\/wp-json\/wp\/v2\/product"}],"about":[{"href":"https:\/\/baldumarket.lt\/lt\/wp-json\/wp\/v2\/types\/product"}],"replies":[{"embeddable":true,"href":"https:\/\/baldumarket.lt\/lt\/wp-json\/wp\/v2\/comments?post=162521"}],"wp:featuredmedia":[{"embeddable":true,"href":"https:\/\/baldumarket.lt\/lt\/wp-json\/wp\/v2\/media\/162522"}],"wp:attachment":[{"href":"https:\/\/baldumarket.lt\/lt\/wp-json\/wp\/v2\/media?parent=162521"}],"wp:term":[{"taxonomy":"product_brand","embeddable":true,"href":"https:\/\/baldumarket.lt\/lt\/wp-json\/wp\/v2\/product_brand?post=162521"},{"taxonomy":"product_cat","embeddable":true,"href":"https:\/\/baldumarket.lt\/lt\/wp-json\/wp\/v2\/product_cat?post=162521"},{"taxonomy":"product_tag","embeddable":true,"href":"https:\/\/baldumarket.lt\/lt\/wp-json\/wp\/v2\/product_tag?post=162521"}],"curies":[{"name":"wp","href":"https:\/\/api.w.org\/{rel}","templated":true}]}}