{"id":162515,"date":"2025-12-19T12:16:56","date_gmt":"2025-12-19T09:16:56","guid":{"rendered":"https:\/\/baldumarket.lt\/product\/summer-typ-44-komoda-8s-san-remo-jasna-arusha\/"},"modified":"2026-02-09T10:54:16","modified_gmt":"2026-02-09T07:54:16","slug":"summer-typ-44-komoda-8s-san-remo-jasna-arusha","status":"publish","type":"product","link":"https:\/\/baldumarket.lt\/lt\/product\/summer-typ-44-komoda-8s-san-remo-jasna-arusha\/","title":{"rendered":"VASAROS TIPAS 44 \u2013 Komoda 8S San Remo Light\/Aru\u0161a"},"content":{"rendered":"<p>At\u0117ja laikas, kai kiekvienam interjerui prireikia prakti\u0161k\u0173 bald\u0173, kurie kartu ir praturtina erdv\u0119. M\u016bs\u0173 komoda \u201eSummer TYP 44\u201c ne tik atitinka funkcinius reikalavimus, bet ir suteikia j\u016bs\u0173 namams modernumo. \u0160i eleganti\u0161ka a\u0161tuoni\u0173 stal\u010di\u0173 komoda, pagaminta dviej\u0173 kontrasting\u0173 spalv\u0173: \u201eLight San Remo\u201c ir \u201eArusha\u201c, gra\u017eiai derina nat\u016bral\u0173 vaizd\u0105 su moderniu dizainu. Sukurta galvojant apie ilgalaik\u012f naudojim\u0105, \u201eSummer TYP 44\u201c komoda pasi\u017eymi tvirta konstrukcija, nes naudojamos auk\u0161tos kokyb\u0117s med\u017eiagos, tokios kaip laminuota plok\u0161t\u0117 ir MDF. Korpusas pagamintas i\u0161 laminuotos med\u017eio dro\u017eli\u0173 plok\u0161t\u0117s, kuri yra atspari kasdieniam naudojimui, \u012fbr\u0117\u017eimams ir auk\u0161tai temperat\u016brai. MDF fasadai suteikia lygi\u0105 ir esteti\u0161k\u0105 i\u0161vaizd\u0105, taip pat \u017eada patvarum\u0105 ir atsparum\u0105 pa\u017eeidimams. Komodos plotis yra 125,7 cm, auk\u0161tis 83,8 cm, o gylis \u2013 39,9 cm, tod\u0117l ji idealiai tinka miegamajam, svetainei ar prie\u0161kambariui, suteikiant daug vietos drabu\u017eiams, patalynei ir \u012fvairiems nam\u0173 aksesuarams laikyti. Kasdienio naudojimo patogum\u0105 garantuoja \u0161velnaus u\u017edarymo b\u0117geliai, kuri\u0173 d\u0117ka stal\u010diai u\u017esidaro \u0161velniai ir tyliai.<\/p>","protected":false},"excerpt":{"rendered":"<p>Plotis (cm): 125,7<br \/>\n\u016agis (cm): 83,8<br \/>\nGylis (cm): 39,9<\/p>","protected":false},"featured_media":162516,"comment_status":"open","ping_status":"open","template":"","meta":[],"product_brand":[],"product_cat":[9467,1173,4107],"product_tag":[],"class_list":{"0":"post-162515","1":"product","2":"type-product","3":"status-publish","4":"has-post-thumbnail","6":"product_cat-furniture-system-summer-wojcik-meble","7":"product_cat-chests-of-drawers","8":"product_cat-meble-wojcik","10":"first","11":"instock","12":"purchasable","13":"product-type-simple"},"_links":{"self":[{"href":"https:\/\/baldumarket.lt\/lt\/wp-json\/wp\/v2\/product\/162515","targetHints":{"allow":["GET"]}}],"collection":[{"href":"https:\/\/baldumarket.lt\/lt\/wp-json\/wp\/v2\/product"}],"about":[{"href":"https:\/\/baldumarket.lt\/lt\/wp-json\/wp\/v2\/types\/product"}],"replies":[{"embeddable":true,"href":"https:\/\/baldumarket.lt\/lt\/wp-json\/wp\/v2\/comments?post=162515"}],"wp:featuredmedia":[{"embeddable":true,"href":"https:\/\/baldumarket.lt\/lt\/wp-json\/wp\/v2\/media\/162516"}],"wp:attachment":[{"href":"https:\/\/baldumarket.lt\/lt\/wp-json\/wp\/v2\/media?parent=162515"}],"wp:term":[{"taxonomy":"product_brand","embeddable":true,"href":"https:\/\/baldumarket.lt\/lt\/wp-json\/wp\/v2\/product_brand?post=162515"},{"taxonomy":"product_cat","embeddable":true,"href":"https:\/\/baldumarket.lt\/lt\/wp-json\/wp\/v2\/product_cat?post=162515"},{"taxonomy":"product_tag","embeddable":true,"href":"https:\/\/baldumarket.lt\/lt\/wp-json\/wp\/v2\/product_tag?post=162515"}],"curies":[{"name":"wp","href":"https:\/\/api.w.org\/{rel}","templated":true}]}}