{"id":162509,"date":"2025-12-19T12:16:42","date_gmt":"2025-12-19T09:16:42","guid":{"rendered":"https:\/\/baldumarket.lt\/product\/summer-typ-34-komoda-5s-san-remo-jasna-arusha\/"},"modified":"2026-02-09T10:54:16","modified_gmt":"2026-02-09T07:54:16","slug":"summer-typ-34-komoda-5s-san-remo-jasna-arusha","status":"publish","type":"product","link":"https:\/\/baldumarket.lt\/lt\/product\/summer-typ-34-komoda-5s-san-remo-jasna-arusha\/","title":{"rendered":"VASAROS TIPAS 34 \u2013 Komoda 5S San Remo Bright\/Aru\u0161a"},"content":{"rendered":"<p>Kvie\u010diame atrasti unikal\u0173 m\u016bs\u0173 \u201eSummer TYPE 34\u201c komodos \u017eaves\u012f, kurioje dera elegancija ir prakti\u0161kumas, puikiai atitinkantys \u0161iuolaikinio interjero poreikius. \u0160is i\u0161skirtinis 86 cm plo\u010dio, 101,6 cm auk\u0161\u010dio ir 39,9 cm gylio baldas buvo sukurtas ne tik laikyti, bet ir parodyti klas\u0119 bet kuriame kambaryje. Klient\u0173 vertinama u\u017e modern\u0173 stili\u0173, 5S komoda pasi\u017eymi \u0161viesi\u0173 ir \u0161ilt\u0173 San Remo Light bei eleganti\u0161k\u0173 ir gili\u0173 Arusha spalv\u0173 deriniu, tod\u0117l ji yra ne tik funkcionali, bet ir akinantis dekoratyvinis elementas. Med\u017eiaga, i\u0161 kurios ji pagaminta, sujungia tvirt\u0105 laminuot\u0105 plok\u0161t\u0119 su patvaria MDF plok\u0161te, u\u017etikrinan\u010dia ilgaam\u017ei\u0161kum\u0105 ir atsparum\u0105 pa\u017eeidimams, \u012fbr\u0117\u017eimams, dr\u0117gmei ir net auk\u0161tai temperat\u016brai. D\u0117l naujausi\u0173 gamybos technologij\u0173 naudojimo \u201eSummer TYPE 34\u201c komoda pasi\u017eymi puikiomis eksploatacin\u0117mis savyb\u0117mis. \u012erengta sistema be ranken\u0117li\u0173 ir firminiai priedai su \u0161velnaus u\u017edarymo funkcija, ji garantuoja auk\u0161\u010diausi\u0105 naudotojo komforto lyg\u012f. M\u0117gaukit\u0117s \u0161velniu ir tyliu stal\u010di\u0173 u\u017edarymu kiekvien\u0105 dien\u0105, apsaugodami juose laikomus daiktus.<\/p>","protected":false},"excerpt":{"rendered":"<p>Plotis (cm): 86<br \/>\n\u016agis (cm): 101,6<br \/>\nGylis (cm): 39,9<\/p>","protected":false},"featured_media":162510,"comment_status":"open","ping_status":"open","template":"","meta":[],"product_brand":[],"product_cat":[9467,1173,4107],"product_tag":[],"class_list":{"0":"post-162509","1":"product","2":"type-product","3":"status-publish","4":"has-post-thumbnail","6":"product_cat-furniture-system-summer-wojcik-meble","7":"product_cat-chests-of-drawers","8":"product_cat-meble-wojcik","10":"first","11":"instock","12":"purchasable","13":"product-type-simple"},"_links":{"self":[{"href":"https:\/\/baldumarket.lt\/lt\/wp-json\/wp\/v2\/product\/162509","targetHints":{"allow":["GET"]}}],"collection":[{"href":"https:\/\/baldumarket.lt\/lt\/wp-json\/wp\/v2\/product"}],"about":[{"href":"https:\/\/baldumarket.lt\/lt\/wp-json\/wp\/v2\/types\/product"}],"replies":[{"embeddable":true,"href":"https:\/\/baldumarket.lt\/lt\/wp-json\/wp\/v2\/comments?post=162509"}],"wp:featuredmedia":[{"embeddable":true,"href":"https:\/\/baldumarket.lt\/lt\/wp-json\/wp\/v2\/media\/162510"}],"wp:attachment":[{"href":"https:\/\/baldumarket.lt\/lt\/wp-json\/wp\/v2\/media?parent=162509"}],"wp:term":[{"taxonomy":"product_brand","embeddable":true,"href":"https:\/\/baldumarket.lt\/lt\/wp-json\/wp\/v2\/product_brand?post=162509"},{"taxonomy":"product_cat","embeddable":true,"href":"https:\/\/baldumarket.lt\/lt\/wp-json\/wp\/v2\/product_cat?post=162509"},{"taxonomy":"product_tag","embeddable":true,"href":"https:\/\/baldumarket.lt\/lt\/wp-json\/wp\/v2\/product_tag?post=162509"}],"curies":[{"name":"wp","href":"https:\/\/api.w.org\/{rel}","templated":true}]}}