{"id":162503,"date":"2025-12-19T12:16:29","date_gmt":"2025-12-19T09:16:29","guid":{"rendered":"https:\/\/baldumarket.lt\/product\/summer-typ-52-komoda-rtv-2d-1s-san-remo-jasna-arusha\/"},"modified":"2026-04-06T20:05:34","modified_gmt":"2026-04-06T17:05:34","slug":"summer-typ-52-komoda-rtv-2d-1s-san-remo-jasna-arusha","status":"publish","type":"product","link":"https:\/\/baldumarket.lt\/lt\/product\/summer-typ-52-komoda-rtv-2d-1s-san-remo-jasna-arusha\/","title":{"rendered":"Vasaros TYP 52 \u2013 TV komoda su stal\u010diais 2D-1S San Remo Bright\/Arusha"},"content":{"rendered":"<p>Kuriant modern\u0173 ir funkcional\u0173 gyvenam\u0105j\u012f interjer\u0105, verta rinktis baldus, kurie atitikt\u0173 j\u016bs\u0173 l\u016bkes\u010dius tiek estetikos, tiek prakti\u0161kumo po\u017ei\u016briu. \u201eSummer TYP 52\u201c televizoriaus staliukas \u201eSan Remo Light\u201c ir \u201eArusha\u201c atspalvi\u0173 sujungia visas \u0161ias savybes, suteikdamas tobulus namus j\u016bs\u0173 multimedijos \u012frenginiams ir papildomai vietai daiktams laikyti. Unikalus \u201eSummer TYP 52\u201c televizoriaus staliuko stilius pagr\u012fstas dviej\u0173 spalv\u0173 deriniu \u2013 \u0161ilt\u0173 ir nat\u016brali\u0173 \u201eSan Remo Light\u201c atspalvi\u0173 bei unikalaus \u201eArusha\u201c atspalvio, kuris suteikia bendram dizainui originalumo ir stilingos i\u0161rai\u0161kos. \u0160is baldas i\u0161siskiria modernia spalv\u0173 gama, kuri dera tiek prie minimalistinio, tiek prie eklekti\u0161kesnio interjero dizaino. Stovo matmenys yra 150 cm plo\u010dio, 49,8 cm auk\u0161\u010dio ir 39,9 cm gylio \u2013 idealios proporcijos, leid\u017eian\u010dios ergonomi\u0161kai i\u0161naudoti erdv\u0119 svetain\u0117je. Pagamintas i\u0161 laminuotos plok\u0161t\u0117s ir MDF, \u201eecho\u201c garantuoja patvarum\u0105 ir atsparum\u0105 pa\u017eeidimams, \u012fbr\u0117\u017eimams, dr\u0117gmei ir net auk\u0161tai temperat\u016brai.<\/p>","protected":false},"excerpt":{"rendered":"<p>Plotis (cm): 150<br \/>\n\u016agis (cm): 49,8<br \/>\nGylis (cm): 39,9<\/p>","protected":false},"featured_media":162504,"comment_status":"open","ping_status":"open","template":"","meta":[],"product_brand":[],"product_cat":[9467,4107,1175],"product_tag":[],"class_list":{"0":"post-162503","1":"product","2":"type-product","3":"status-publish","4":"has-post-thumbnail","6":"product_cat-furniture-system-summer-wojcik-meble","7":"product_cat-meble-wojcik","8":"product_cat-tv-stands","10":"first","11":"instock","12":"purchasable","13":"product-type-simple"},"_links":{"self":[{"href":"https:\/\/baldumarket.lt\/lt\/wp-json\/wp\/v2\/product\/162503","targetHints":{"allow":["GET"]}}],"collection":[{"href":"https:\/\/baldumarket.lt\/lt\/wp-json\/wp\/v2\/product"}],"about":[{"href":"https:\/\/baldumarket.lt\/lt\/wp-json\/wp\/v2\/types\/product"}],"replies":[{"embeddable":true,"href":"https:\/\/baldumarket.lt\/lt\/wp-json\/wp\/v2\/comments?post=162503"}],"wp:featuredmedia":[{"embeddable":true,"href":"https:\/\/baldumarket.lt\/lt\/wp-json\/wp\/v2\/media\/162504"}],"wp:attachment":[{"href":"https:\/\/baldumarket.lt\/lt\/wp-json\/wp\/v2\/media?parent=162503"}],"wp:term":[{"taxonomy":"product_brand","embeddable":true,"href":"https:\/\/baldumarket.lt\/lt\/wp-json\/wp\/v2\/product_brand?post=162503"},{"taxonomy":"product_cat","embeddable":true,"href":"https:\/\/baldumarket.lt\/lt\/wp-json\/wp\/v2\/product_cat?post=162503"},{"taxonomy":"product_tag","embeddable":true,"href":"https:\/\/baldumarket.lt\/lt\/wp-json\/wp\/v2\/product_tag?post=162503"}],"curies":[{"name":"wp","href":"https:\/\/api.w.org\/{rel}","templated":true}]}}