{"id":162497,"date":"2025-12-19T12:16:17","date_gmt":"2025-12-19T09:16:17","guid":{"rendered":"https:\/\/baldumarket.lt\/product\/summer-typ-40-komoda-4d-4s-san-remo-jasna-arusha\/"},"modified":"2026-02-09T10:54:16","modified_gmt":"2026-02-09T07:54:16","slug":"summer-typ-40-komoda-4d-4s-san-remo-jasna-arusha","status":"publish","type":"product","link":"https:\/\/baldumarket.lt\/lt\/product\/summer-typ-40-komoda-4d-4s-san-remo-jasna-arusha\/","title":{"rendered":"VASAROS TIPAS 40 \u2013 Komoda 4D-4S San Remo Bright\/Aru\u0161a"},"content":{"rendered":"<p>\u201eSummer TYPE 40\u201c komoda \u2013 tai modernus daikt\u0173 laikymo centras, kuris j\u016bs\u0173 svetainei suteiks harmonijos ir elegancijos. \u0160i erdvi \u201eSan Remo Light\/Arusha\u201c linijos komoda \u2013 tai tobulas funkcionalumo ir modernaus dizaino derinys, o i\u0161skirtin\u0117 \u201eSan Remo Light\u201c ir \u201eArusha\u201c spalv\u0173 apdaila \u2013 tikras aki\u0173 malonumas. Did\u017eiuojam\u0117s gal\u0117dami pristatyti bald\u0105, kurio matmenys \u2013 168 cm plo\u010dio, 92,1 cm auk\u0161\u010dio ir 39,9 cm gylio \u2013 leid\u017eia susid\u0117ti \u012fvairiausius daiktus \u2013 nuo dekoracij\u0173 iki vis\u0173 b\u016btiniausi\u0173 aksesuar\u0173. Apgalvotas dizainas si\u016blo keturis erdvius stal\u010dius ir keturias dureles, leid\u017eian\u010dias pasl\u0117pti visk\u0105, k\u0105 norite pasl\u0117pti, i\u0161laikant tvark\u0105 ir estetik\u0105. Pagaminta i\u0161 auk\u0161\u010diausios kokyb\u0117s med\u017eiag\u0173, ji u\u017etikrina patvarum\u0105 ir patikim\u0105 naudojim\u0105 ilgus metus. Komoda pagaminta i\u0161 laminuotos plok\u0161t\u0117s, kuri yra labai atspari pa\u017eeidimams, \u012fbr\u0117\u017eimams, dr\u0117gmei ir auk\u0161tai temperat\u016brai. MDF fasadai garantuoja tvirtum\u0105 ir eleganti\u0161k\u0105 i\u0161vaizd\u0105, kuri atlaikys laiko i\u0161bandym\u0105.<\/p>","protected":false},"excerpt":{"rendered":"<p>Plotis (cm): 168<br \/>\n\u016agis (cm): 92,1<br \/>\nGylis (cm): 39,9<\/p>","protected":false},"featured_media":162498,"comment_status":"open","ping_status":"open","template":"","meta":[],"product_brand":[],"product_cat":[9467,1173,4107],"product_tag":[],"class_list":{"0":"post-162497","1":"product","2":"type-product","3":"status-publish","4":"has-post-thumbnail","6":"product_cat-furniture-system-summer-wojcik-meble","7":"product_cat-chests-of-drawers","8":"product_cat-meble-wojcik","10":"first","11":"instock","12":"purchasable","13":"product-type-simple"},"_links":{"self":[{"href":"https:\/\/baldumarket.lt\/lt\/wp-json\/wp\/v2\/product\/162497","targetHints":{"allow":["GET"]}}],"collection":[{"href":"https:\/\/baldumarket.lt\/lt\/wp-json\/wp\/v2\/product"}],"about":[{"href":"https:\/\/baldumarket.lt\/lt\/wp-json\/wp\/v2\/types\/product"}],"replies":[{"embeddable":true,"href":"https:\/\/baldumarket.lt\/lt\/wp-json\/wp\/v2\/comments?post=162497"}],"wp:featuredmedia":[{"embeddable":true,"href":"https:\/\/baldumarket.lt\/lt\/wp-json\/wp\/v2\/media\/162498"}],"wp:attachment":[{"href":"https:\/\/baldumarket.lt\/lt\/wp-json\/wp\/v2\/media?parent=162497"}],"wp:term":[{"taxonomy":"product_brand","embeddable":true,"href":"https:\/\/baldumarket.lt\/lt\/wp-json\/wp\/v2\/product_brand?post=162497"},{"taxonomy":"product_cat","embeddable":true,"href":"https:\/\/baldumarket.lt\/lt\/wp-json\/wp\/v2\/product_cat?post=162497"},{"taxonomy":"product_tag","embeddable":true,"href":"https:\/\/baldumarket.lt\/lt\/wp-json\/wp\/v2\/product_tag?post=162497"}],"curies":[{"name":"wp","href":"https:\/\/api.w.org\/{rel}","templated":true}]}}