{"id":162491,"date":"2025-12-19T12:16:04","date_gmt":"2025-12-19T09:16:04","guid":{"rendered":"https:\/\/baldumarket.lt\/product\/summer-typ-51-komoda-rtv-3s-san-remo-jasna-arusha\/"},"modified":"2026-04-06T20:05:34","modified_gmt":"2026-04-06T17:05:34","slug":"summer-typ-51-komoda-rtv-3s-san-remo-jasna-arusha","status":"publish","type":"product","link":"https:\/\/baldumarket.lt\/lt\/product\/summer-typ-51-komoda-rtv-3s-san-remo-jasna-arusha\/","title":{"rendered":"Vasaros TYP 51 \u2013 3S San Remo RTV komoda, \u0161viesi\/Aru\u0161a"},"content":{"rendered":"<p>Su \u201eSummer TYPE 51\u201c televizoriaus staliuku \u2013 modernaus dizaino kvintesencija \u2013 suteikite savo interjerui gaivumo ir funkcionalumo. Puikus \u201eSan Remo Light\u201c ir \u201eArusha\u201c spalv\u0173 derinys suteikia \u0161iam baldui ne tik nesenstant\u012f charakter\u012f, bet ir sukuria \u0161ilt\u0105 bei nat\u016brali\u0105 atmosfer\u0105. Atspind\u0117damas \u0161iuolaikin\u012f gyvenimo b\u016bd\u0105, 150 cm plotis puikiai atitinka didel\u0117s erdv\u0117s medijos \u012frangai reikalavimus, i\u0161laikant eleganti\u0161k\u0105 ir subtili\u0105 i\u0161vaizd\u0105. Pagrindinis \u0161io televizoriaus staliuko privalumas \u2013 funkcionalus auk\u0161tis (53,5 cm) ir gylis (39,9 cm), u\u017etikrinantys optimal\u0173 komfort\u0105 ir pakankamai vietos j\u016bs\u0173 multimedijos \u012frenginiams. Tvirta konstrukcija akivaizdi naudojant patvarias med\u017eiagas \u2013 laminuota plok\u0161t\u0117 ir MDF garantuoja ilgaam\u017ei\u0161kum\u0105 ir atsparum\u0105 kasdieniams i\u0161oriniams veiksniams, tokiems kaip pa\u017eeidimai, \u012fbr\u0117\u017eimai ir dr\u0117gm\u0117. Nat\u016brali spalva, puikiai deranti su daugeliu spalv\u0173 paleti\u0173, sustiprina estetin\u012f patrauklum\u0105 ir leid\u017eia bald\u0105 nepaprastai lengvai priderinti prie \u012fvairi\u0173 interjer\u0173. \u201eSummer TYP 51\u201c televizoriaus spintel\u0117 did\u017eiuojasi trimis erdviais stal\u010diais, apr\u016bpintais firminiais aksesuarais ir \u0161velnaus u\u017edarymo sistema. \u0160ie stal\u010diai puikiai tinka visiems j\u016bs\u0173 \u012frenginiams, \u017eaidimams ir priedams laikyti, u\u017etikrindami, kad erdv\u0117 aplink televizori\u0173 visada b\u016bt\u0173 tvarkinga ir be negra\u017eaus daikt\u0173 kiekio. Intuityvios atviros lentynos sukuria vietos j\u016bs\u0173 pried\u0117liui, \u017eaidim\u0173 konsolei ar DVD grotuvui, tod\u0117l galite lengvai pasiekti \u012frenginius ir efektyviai valdyti laidus.<\/p>","protected":false},"excerpt":{"rendered":"<p>Plotis (cm): 150<br \/>\n\u016agis (cm): 53,5<br \/>\nGylis (cm): 39,9<\/p>","protected":false},"featured_media":162492,"comment_status":"open","ping_status":"open","template":"","meta":[],"product_brand":[],"product_cat":[9467,4107,1175],"product_tag":[],"class_list":{"0":"post-162491","1":"product","2":"type-product","3":"status-publish","4":"has-post-thumbnail","6":"product_cat-furniture-system-summer-wojcik-meble","7":"product_cat-meble-wojcik","8":"product_cat-tv-stands","10":"first","11":"instock","12":"purchasable","13":"product-type-simple"},"_links":{"self":[{"href":"https:\/\/baldumarket.lt\/lt\/wp-json\/wp\/v2\/product\/162491","targetHints":{"allow":["GET"]}}],"collection":[{"href":"https:\/\/baldumarket.lt\/lt\/wp-json\/wp\/v2\/product"}],"about":[{"href":"https:\/\/baldumarket.lt\/lt\/wp-json\/wp\/v2\/types\/product"}],"replies":[{"embeddable":true,"href":"https:\/\/baldumarket.lt\/lt\/wp-json\/wp\/v2\/comments?post=162491"}],"wp:featuredmedia":[{"embeddable":true,"href":"https:\/\/baldumarket.lt\/lt\/wp-json\/wp\/v2\/media\/162492"}],"wp:attachment":[{"href":"https:\/\/baldumarket.lt\/lt\/wp-json\/wp\/v2\/media?parent=162491"}],"wp:term":[{"taxonomy":"product_brand","embeddable":true,"href":"https:\/\/baldumarket.lt\/lt\/wp-json\/wp\/v2\/product_brand?post=162491"},{"taxonomy":"product_cat","embeddable":true,"href":"https:\/\/baldumarket.lt\/lt\/wp-json\/wp\/v2\/product_cat?post=162491"},{"taxonomy":"product_tag","embeddable":true,"href":"https:\/\/baldumarket.lt\/lt\/wp-json\/wp\/v2\/product_tag?post=162491"}],"curies":[{"name":"wp","href":"https:\/\/api.w.org\/{rel}","templated":true}]}}