{"id":162485,"date":"2025-12-19T12:15:52","date_gmt":"2025-12-19T09:15:52","guid":{"rendered":"https:\/\/baldumarket.lt\/product\/summer-typ-42-komoda-3d-3s-san-remo-jasna-arusha\/"},"modified":"2026-02-09T10:54:26","modified_gmt":"2026-02-09T07:54:26","slug":"summer-typ-42-komoda-3d-3s-san-remo-jasna-arusha","status":"publish","type":"product","link":"https:\/\/baldumarket.lt\/lt\/product\/summer-typ-42-komoda-3d-3s-san-remo-jasna-arusha\/","title":{"rendered":"VASAROS TIPAS 42 \u2013 Komoda 3D-3S San Remo Bright\/Aru\u0161a"},"content":{"rendered":"<p>Atraskite komod\u0105, kuri kasdien\u012f daikt\u0173 laikym\u0105 pavers tikru malonumu! \u201eSummer TYPE 42 \u2013 3D-3S San Remo Light\/Arusha\u201c komoda yra stilingas, ta\u010diau funkcionalus baldas, kuris d\u0117l savo 150 cm plo\u010dio, 92,1 cm auk\u0161\u010dio ir 39,9 cm gylio leis Jums kuo efektyviau i\u0161naudoti erdv\u0119 bute. Pagaminta i\u0161 auk\u0161\u010diausios kokyb\u0117s med\u017eiag\u0173, \u012fskaitant laminuot\u0105 plok\u0161t\u0119 ir MDF, \u201eSummer TYPE 42\u201c komoda u\u017etikrina patvarum\u0105 ir atsparum\u0105 kasdieniam naudojimui. \u0160viesi San Remo apdaila kartu su \u0161iltu Arusha atspalviu sukuria harmoning\u0105 visum\u0105, kuri \u012fne\u0161 \u012f J\u016bs\u0173 interjer\u0105 nat\u016bralios \u0161viesos spindul\u012f ir unikal\u0173 stili\u0173. \u0160i moderni komoda turi \u0161e\u0161is erdvius skyrius ir tris stal\u010dius, kurie leis Jums palaikyti tvark\u0105 ir susisteminti daugyb\u0119 daikt\u0173. Priekin\u0117s dalys pagamintos i\u0161 tvirtos MDF plok\u0161t\u0117s, u\u017etikrinan\u010dios didel\u012f patvarum\u0105 ir atsparum\u0105 kasdieniam naudojimui, o laminuotos plok\u0161t\u0117s korpusas garantuoja atsparum\u0105 \u012fbr\u0117\u017eimams, dr\u0117gmei ir auk\u0161tai temperat\u016brai.<\/p>","protected":false},"excerpt":{"rendered":"<p>Plotis (cm): 150<br \/>\n\u016agis (cm): 92,1<br \/>\nGylis (cm): 39,9<\/p>","protected":false},"featured_media":162486,"comment_status":"open","ping_status":"open","template":"","meta":[],"product_brand":[],"product_cat":[9467,1173,4107],"product_tag":[],"class_list":{"0":"post-162485","1":"product","2":"type-product","3":"status-publish","4":"has-post-thumbnail","6":"product_cat-furniture-system-summer-wojcik-meble","7":"product_cat-chests-of-drawers","8":"product_cat-meble-wojcik","10":"first","11":"instock","12":"purchasable","13":"product-type-simple"},"_links":{"self":[{"href":"https:\/\/baldumarket.lt\/lt\/wp-json\/wp\/v2\/product\/162485","targetHints":{"allow":["GET"]}}],"collection":[{"href":"https:\/\/baldumarket.lt\/lt\/wp-json\/wp\/v2\/product"}],"about":[{"href":"https:\/\/baldumarket.lt\/lt\/wp-json\/wp\/v2\/types\/product"}],"replies":[{"embeddable":true,"href":"https:\/\/baldumarket.lt\/lt\/wp-json\/wp\/v2\/comments?post=162485"}],"wp:featuredmedia":[{"embeddable":true,"href":"https:\/\/baldumarket.lt\/lt\/wp-json\/wp\/v2\/media\/162486"}],"wp:attachment":[{"href":"https:\/\/baldumarket.lt\/lt\/wp-json\/wp\/v2\/media?parent=162485"}],"wp:term":[{"taxonomy":"product_brand","embeddable":true,"href":"https:\/\/baldumarket.lt\/lt\/wp-json\/wp\/v2\/product_brand?post=162485"},{"taxonomy":"product_cat","embeddable":true,"href":"https:\/\/baldumarket.lt\/lt\/wp-json\/wp\/v2\/product_cat?post=162485"},{"taxonomy":"product_tag","embeddable":true,"href":"https:\/\/baldumarket.lt\/lt\/wp-json\/wp\/v2\/product_tag?post=162485"}],"curies":[{"name":"wp","href":"https:\/\/api.w.org\/{rel}","templated":true}]}}