{"id":162479,"date":"2025-12-19T12:15:39","date_gmt":"2025-12-19T09:15:39","guid":{"rendered":"https:\/\/baldumarket.lt\/product\/summer-typ-33-komoda-2d-3s-san-remo-jasna-arusha\/"},"modified":"2026-02-09T10:54:26","modified_gmt":"2026-02-09T07:54:26","slug":"summer-typ-33-komoda-2d-3s-san-remo-jasna-arusha","status":"publish","type":"product","link":"https:\/\/baldumarket.lt\/lt\/product\/summer-typ-33-komoda-2d-3s-san-remo-jasna-arusha\/","title":{"rendered":"VASAROS TIPAS 33 \u2013 Komoda 2D-3S San Remo Bright\/Aru\u0161a"},"content":{"rendered":"<p>Pamir\u0161kite apie stiliaus ir funkcionalumo kompromisus. Susipa\u017einkite su \u201eSummer TYP 33\u201c komoda \u2013 puikiu baldu tiems, kurie m\u0117gsta modern\u0173 dizain\u0105 ir prakti\u0161kus sprendimus bet kokiam kambariui. Sukurta interjerams, kuriuose svarbus kiekvienas centimetras, ji lengvai randa savo viet\u0105 net ir ma\u017eesn\u0117se erdv\u0117se. Itin precizi\u0161kai pagaminta \u201eSummer TYP 33\u201c komoda \u017eavi unikaliu dviej\u0173 spalv\u0173 deriniu: \u0161ilt\u0173 \u201eSan Remo Light\u201c ir eleganti\u0161kos \u201eArusha\u201c atspalvi\u0173, kurios kartu sukuria harmoning\u0105 visum\u0105, suteikdamos interjerui nat\u016bralaus \u017eavesio. \u0160is baldas ne tik atrodo gra\u017eiai, bet ir pagamintas i\u0161 auk\u0161tos kokyb\u0117s med\u017eiag\u0173, u\u017etikrinan\u010di\u0173 jo patvarum\u0105 ir tvirtum\u0105. Korpusas ir \u012fd\u0117klai pagaminti i\u0161 laminuotos plok\u0161t\u0117s, o MDF fasadai yra atspar\u016bs kasdieniam naudojimui, pa\u017eeidimams, \u012fbr\u0117\u017eimams, dr\u0117gmei ir net auk\u0161tai temperat\u016brai. \u201eSummer TYP 33\u201c komoda taip pat yra funkcionalumo sinonimas. U\u017e tvirt\u0173 fasad\u0173 slypi daug erdv\u0117s, leid\u017eian\u010dios susitvarkyti daugyb\u0119 daikt\u0173. \u0160e\u0161ios erdvios lentynos ir trys erdv\u016bs stal\u010diai garantuoja tvark\u0105 ir lengv\u0105 prieig\u0105 prie svarbiausi\u0173 daikt\u0173. Viskas, k\u0105 norite pasl\u0117pti, ras savo viet\u0105 \u0161iame stilingame balde.<\/p>","protected":false},"excerpt":{"rendered":"<p>Plotis (cm): 86<br \/>\n\u016agis (cm): 119,4<br \/>\nGylis (cm): 39,9<\/p>","protected":false},"featured_media":162480,"comment_status":"open","ping_status":"open","template":"","meta":[],"product_brand":[],"product_cat":[9467,1173,4107],"product_tag":[],"class_list":{"0":"post-162479","1":"product","2":"type-product","3":"status-publish","4":"has-post-thumbnail","6":"product_cat-furniture-system-summer-wojcik-meble","7":"product_cat-chests-of-drawers","8":"product_cat-meble-wojcik","10":"first","11":"instock","12":"purchasable","13":"product-type-simple"},"_links":{"self":[{"href":"https:\/\/baldumarket.lt\/lt\/wp-json\/wp\/v2\/product\/162479","targetHints":{"allow":["GET"]}}],"collection":[{"href":"https:\/\/baldumarket.lt\/lt\/wp-json\/wp\/v2\/product"}],"about":[{"href":"https:\/\/baldumarket.lt\/lt\/wp-json\/wp\/v2\/types\/product"}],"replies":[{"embeddable":true,"href":"https:\/\/baldumarket.lt\/lt\/wp-json\/wp\/v2\/comments?post=162479"}],"wp:featuredmedia":[{"embeddable":true,"href":"https:\/\/baldumarket.lt\/lt\/wp-json\/wp\/v2\/media\/162480"}],"wp:attachment":[{"href":"https:\/\/baldumarket.lt\/lt\/wp-json\/wp\/v2\/media?parent=162479"}],"wp:term":[{"taxonomy":"product_brand","embeddable":true,"href":"https:\/\/baldumarket.lt\/lt\/wp-json\/wp\/v2\/product_brand?post=162479"},{"taxonomy":"product_cat","embeddable":true,"href":"https:\/\/baldumarket.lt\/lt\/wp-json\/wp\/v2\/product_cat?post=162479"},{"taxonomy":"product_tag","embeddable":true,"href":"https:\/\/baldumarket.lt\/lt\/wp-json\/wp\/v2\/product_tag?post=162479"}],"curies":[{"name":"wp","href":"https:\/\/api.w.org\/{rel}","templated":true}]}}