{"id":162467,"date":"2025-12-19T12:15:13","date_gmt":"2025-12-19T09:15:13","guid":{"rendered":"https:\/\/baldumarket.lt\/product\/summer-typ-31-komoda-4d-san-remo-jasna-arusha\/"},"modified":"2026-02-09T10:54:26","modified_gmt":"2026-02-09T07:54:26","slug":"summer-typ-31-komoda-4d-san-remo-jasna-arusha","status":"publish","type":"product","link":"https:\/\/baldumarket.lt\/lt\/product\/summer-typ-31-komoda-4d-san-remo-jasna-arusha\/","title":{"rendered":"VASAROS TIPAS 31 \u2013 4D San \u200b\u200bRemo Bright\/Arusha komoda"},"content":{"rendered":"<p>Pristatome nepakei\u010diam\u0105 bald\u0105 bet kokiam stilingam interjerui \u2013 4D Summer TYPE 31 komod\u0105, kurioje dera nat\u016bralios medienos elegancija ir modernus dizainas. \u0160is baldas patenkins net ir i\u0161rankiausi\u0173 klient\u0173, siekian\u010di\u0173 sukurti tobulai organizuot\u0105 erdv\u0119 svetain\u0117je, valgomajame ar net miegamajame, l\u016bkes\u010dius. Subtilus San Remo Light atspalvis, persipyn\u0119s su i\u0161rai\u0161kinga Arusha spalva, primena \u0161iltas, saul\u0117tas dienas ir nat\u016bralaus med\u017eio apdailos \u0161velnum\u0105. Auk\u0161\u010diausios kokyb\u0117s laminuotos plok\u0161t\u0117s ir MDF panaudojimas garantuoja ilgaam\u017ei\u0161kum\u0105 ir atsparum\u0105 kasdieniam naudojimui \u2013 \u012fbr\u0117\u017eimams, dr\u0117gmei ir net auk\u0161tai temperat\u016brai. Atraskite Summer TYPE 31 komodos gro\u017e\u012f, slypint\u012f u\u017e rafinuoto med\u017eiag\u0173 ir nat\u016bralios spalvos derinio. Jos 39,9 cm gylis, 86 cm plotis ir 122,8 cm auk\u0161tis \u2013 tai gerai apgalvotas dizainas, si\u016blantis daug vietos daiktams susid\u0117ti. Keturios didel\u0117s, erdvios lentynos pasl\u0117ptos u\u017e tvirt\u0173 fasad\u0173, tod\u0117l galite susitvarkyti ir susitvarkyti asmeninius daiktus. Priekin\u0117s dalys pagamintos i\u0161 itin tvirtos MDF plok\u0161t\u0117s, u\u017etikrinan\u010dios ilgalaik\u012f patvarum\u0105, o laminuotos med\u017eio dro\u017eli\u0173 plok\u0161t\u0117s korpusas suteikia visai konstrukcijai tvirtumo.<\/p>","protected":false},"excerpt":{"rendered":"<p>Plotis (cm): 86<br \/>\n\u016agis (cm): 122,8<br \/>\nGylis (cm): 39,9<\/p>","protected":false},"featured_media":162468,"comment_status":"open","ping_status":"open","template":"","meta":[],"product_brand":[],"product_cat":[9467,1173,4107],"product_tag":[],"class_list":{"0":"post-162467","1":"product","2":"type-product","3":"status-publish","4":"has-post-thumbnail","6":"product_cat-furniture-system-summer-wojcik-meble","7":"product_cat-chests-of-drawers","8":"product_cat-meble-wojcik","10":"first","11":"instock","12":"purchasable","13":"product-type-simple"},"_links":{"self":[{"href":"https:\/\/baldumarket.lt\/lt\/wp-json\/wp\/v2\/product\/162467","targetHints":{"allow":["GET"]}}],"collection":[{"href":"https:\/\/baldumarket.lt\/lt\/wp-json\/wp\/v2\/product"}],"about":[{"href":"https:\/\/baldumarket.lt\/lt\/wp-json\/wp\/v2\/types\/product"}],"replies":[{"embeddable":true,"href":"https:\/\/baldumarket.lt\/lt\/wp-json\/wp\/v2\/comments?post=162467"}],"wp:featuredmedia":[{"embeddable":true,"href":"https:\/\/baldumarket.lt\/lt\/wp-json\/wp\/v2\/media\/162468"}],"wp:attachment":[{"href":"https:\/\/baldumarket.lt\/lt\/wp-json\/wp\/v2\/media?parent=162467"}],"wp:term":[{"taxonomy":"product_brand","embeddable":true,"href":"https:\/\/baldumarket.lt\/lt\/wp-json\/wp\/v2\/product_brand?post=162467"},{"taxonomy":"product_cat","embeddable":true,"href":"https:\/\/baldumarket.lt\/lt\/wp-json\/wp\/v2\/product_cat?post=162467"},{"taxonomy":"product_tag","embeddable":true,"href":"https:\/\/baldumarket.lt\/lt\/wp-json\/wp\/v2\/product_tag?post=162467"}],"curies":[{"name":"wp","href":"https:\/\/api.w.org\/{rel}","templated":true}]}}