{"id":162461,"date":"2025-12-19T12:15:00","date_gmt":"2025-12-19T09:15:00","guid":{"rendered":"https:\/\/baldumarket.lt\/product\/summer-typ-30-komoda-4d-1s-san-remo-jasna-arusha\/"},"modified":"2026-02-09T10:54:26","modified_gmt":"2026-02-09T07:54:26","slug":"summer-typ-30-komoda-4d-1s-san-remo-jasna-arusha","status":"publish","type":"product","link":"https:\/\/baldumarket.lt\/lt\/product\/summer-typ-30-komoda-4d-1s-san-remo-jasna-arusha\/","title":{"rendered":"VASAROS TYP 30 \u2013 Komoda 4D-1S San Remo Bright\/Aru\u0161a"},"content":{"rendered":"<p>Atraskite komod\u0105, kuri pakeis j\u016bs\u0173 interjer\u0105 \u2013 patraukli\u0173 \u201eSan Remo Light\u201c ir \u201eArusha\u201c atspalvi\u0173 \u201eSummer TYPE 30 \u2013 4-D-1S\u201c komoda bet kuriam kambariui suteiks harmoningo ir \u0161ilto charakterio. Pagaminta i\u0161 auk\u0161\u010diausios kokyb\u0117s med\u017eiag\u0173: laminuotos plok\u0161t\u0117s ir MDF, ji ne tik atrodo \u012fsp\u016bdingai, bet ir u\u017etikrina patikim\u0105 ilgaam\u017ei\u0161kum\u0105. \u0160ios 86 cm plo\u010dio, 138,8 cm auk\u0161\u010dio ir 39,9 cm gylio komodos, padengtos nat\u016bralia spalva, modernus dizainas puikiai atitinka minimalistini\u0173, ta\u010diau funkcionali\u0173 bald\u0173 tendencij\u0105. Kiekvienos i\u0161 keturi\u0173 dureli\u0173, u\u017e kuri\u0173 tvirti fasadai slepia erdvi\u0105 erdv\u0119 su lentynomis ir prakti\u0161ku stal\u010diumi, leis lengvai susitvarkyti svarbiausius kasdienius daiktus. Minimalistinio stiliaus komoda, pagaminta i\u0161 patvarios MDF plok\u0161t\u0117s, atsparios kasdieniam d\u0117v\u0117jimui, ne tik atrodo puikiai, bet ir pasi\u017eymi tvirtu meistri\u0161kumu bei ilgaam\u017ei\u0161kumu. Laminuotos plok\u0161t\u0117s korpusas garantuoja atsparum\u0105 vis\u0173 tip\u0173 pa\u017eeidimams, \u012fbr\u0117\u017eimams, dr\u0117gmei ir auk\u0161tai temperat\u016brai, u\u017etikrinant lengv\u0105 valym\u0105.<\/p>","protected":false},"excerpt":{"rendered":"<p>Plotis (cm): 86<br \/>\n\u016agis (cm): 138,8<br \/>\nGylis (cm): 39,9<\/p>","protected":false},"featured_media":162462,"comment_status":"open","ping_status":"open","template":"","meta":[],"product_brand":[],"product_cat":[9467,1173,4107],"product_tag":[],"class_list":{"0":"post-162461","1":"product","2":"type-product","3":"status-publish","4":"has-post-thumbnail","6":"product_cat-furniture-system-summer-wojcik-meble","7":"product_cat-chests-of-drawers","8":"product_cat-meble-wojcik","10":"first","11":"instock","12":"purchasable","13":"product-type-simple"},"_links":{"self":[{"href":"https:\/\/baldumarket.lt\/lt\/wp-json\/wp\/v2\/product\/162461","targetHints":{"allow":["GET"]}}],"collection":[{"href":"https:\/\/baldumarket.lt\/lt\/wp-json\/wp\/v2\/product"}],"about":[{"href":"https:\/\/baldumarket.lt\/lt\/wp-json\/wp\/v2\/types\/product"}],"replies":[{"embeddable":true,"href":"https:\/\/baldumarket.lt\/lt\/wp-json\/wp\/v2\/comments?post=162461"}],"wp:featuredmedia":[{"embeddable":true,"href":"https:\/\/baldumarket.lt\/lt\/wp-json\/wp\/v2\/media\/162462"}],"wp:attachment":[{"href":"https:\/\/baldumarket.lt\/lt\/wp-json\/wp\/v2\/media?parent=162461"}],"wp:term":[{"taxonomy":"product_brand","embeddable":true,"href":"https:\/\/baldumarket.lt\/lt\/wp-json\/wp\/v2\/product_brand?post=162461"},{"taxonomy":"product_cat","embeddable":true,"href":"https:\/\/baldumarket.lt\/lt\/wp-json\/wp\/v2\/product_cat?post=162461"},{"taxonomy":"product_tag","embeddable":true,"href":"https:\/\/baldumarket.lt\/lt\/wp-json\/wp\/v2\/product_tag?post=162461"}],"curies":[{"name":"wp","href":"https:\/\/api.w.org\/{rel}","templated":true}]}}