{"id":162455,"date":"2025-12-19T12:14:48","date_gmt":"2025-12-19T09:14:48","guid":{"rendered":"https:\/\/baldumarket.lt\/product\/shetland-typ-41-komoda-2d-6s-dab-shetland-szara\/"},"modified":"2026-04-06T20:05:34","modified_gmt":"2026-04-06T17:05:34","slug":"shetland-typ-41-komoda-2d-6s-dab-shetland-szara","status":"publish","type":"product","link":"https:\/\/baldumarket.lt\/lt\/product\/shetland-typ-41-komoda-2d-6s-dab-shetland-szara\/","title":{"rendered":"Shetland TYPE 41 \u2013 Komoda su stal\u010diais 2D-6S Shetland \u0105\u017euolo\/pilkos spalvos"},"content":{"rendered":"<p>Patirkite nat\u016bralaus med\u017eio \u0161ilum\u0105 ir modern\u0173 dizain\u0105 su \u201eShetland TYPE 41\u201c komoda \u2013 2-D-6 pusi\u0173 \u201eShetland Oak\u201c\/pilkos spalvos komoda, kuri harmoningai papildys j\u016bs\u0173 erdv\u0119. Atraskite bald\u0105, kuris derina i\u0161skirtin\u0119 estetik\u0105 ir prakti\u0161kum\u0105 moderniam interjerui. 156 cm plo\u010dio, 86,8 cm auk\u0161\u010dio ir 40 cm gylio \u201eShetland\u201c komoda pasi\u017eymi apgalvotu dizainu, u\u017etikrinan\u010diu erdvius daikt\u0173 laikymo sprendimus. Komoda pagaminta i\u0161 tvirtos laminuotos med\u017eio dro\u017eli\u0173 plok\u0161t\u0117s, u\u017etikrinan\u010dios patvarum\u0105 ir atsparum\u0105 \u012fbr\u0117\u017eimams, dr\u0117gmei ir auk\u0161tai temperat\u016brai. Tai investicija, kuri tarnaus ilgus metus. \u201eShetland Oak\u201c spalva yra duokl\u0117 gamtai ir ilgaam\u017ei\u0161kumo sinonimas, o minimalistin\u0117 pilka spalva sukuria eleganti\u0161k\u0105 pusiausvyr\u0105 tarp tradicinio ir modernaus stiliaus. Dizaineri\u0173 kurtas spalv\u0173 derinys leid\u017eia \u0161iai komodai puikiai dera prie \u012fvairi\u0173 interjero dizain\u0173, suteikiant jiems ir klasikin\u012f, ir modern\u0173 charakter\u012f.<\/p>","protected":false},"excerpt":{"rendered":"<p>Plotis (cm): 156<br \/>\n\u016agis (cm): 86,8<br \/>\nGylis (cm): 40<\/p>","protected":false},"featured_media":162456,"comment_status":"open","ping_status":"open","template":"","meta":[],"product_brand":[],"product_cat":[9465,1173,4107],"product_tag":[],"class_list":{"0":"post-162455","1":"product","2":"type-product","3":"status-publish","4":"has-post-thumbnail","6":"product_cat-furniture-system-shetland-wojcik-meble","7":"product_cat-chests-of-drawers","8":"product_cat-meble-wojcik","10":"first","11":"instock","12":"purchasable","13":"product-type-simple"},"_links":{"self":[{"href":"https:\/\/baldumarket.lt\/lt\/wp-json\/wp\/v2\/product\/162455","targetHints":{"allow":["GET"]}}],"collection":[{"href":"https:\/\/baldumarket.lt\/lt\/wp-json\/wp\/v2\/product"}],"about":[{"href":"https:\/\/baldumarket.lt\/lt\/wp-json\/wp\/v2\/types\/product"}],"replies":[{"embeddable":true,"href":"https:\/\/baldumarket.lt\/lt\/wp-json\/wp\/v2\/comments?post=162455"}],"wp:featuredmedia":[{"embeddable":true,"href":"https:\/\/baldumarket.lt\/lt\/wp-json\/wp\/v2\/media\/162456"}],"wp:attachment":[{"href":"https:\/\/baldumarket.lt\/lt\/wp-json\/wp\/v2\/media?parent=162455"}],"wp:term":[{"taxonomy":"product_brand","embeddable":true,"href":"https:\/\/baldumarket.lt\/lt\/wp-json\/wp\/v2\/product_brand?post=162455"},{"taxonomy":"product_cat","embeddable":true,"href":"https:\/\/baldumarket.lt\/lt\/wp-json\/wp\/v2\/product_cat?post=162455"},{"taxonomy":"product_tag","embeddable":true,"href":"https:\/\/baldumarket.lt\/lt\/wp-json\/wp\/v2\/product_tag?post=162455"}],"curies":[{"name":"wp","href":"https:\/\/api.w.org\/{rel}","templated":true}]}}