{"id":162449,"date":"2025-12-19T12:14:36","date_gmt":"2025-12-19T09:14:36","guid":{"rendered":"https:\/\/baldumarket.lt\/product\/shetland-typ-42-komoda-1d-5s-dab-shetland-szara\/"},"modified":"2026-04-06T20:05:34","modified_gmt":"2026-04-06T17:05:34","slug":"shetland-typ-42-komoda-1d-5s-dab-shetland-szara","status":"publish","type":"product","link":"https:\/\/baldumarket.lt\/lt\/product\/shetland-typ-42-komoda-1d-5s-dab-shetland-szara\/","title":{"rendered":"Shetland TYPE 42 \u2013 Komoda su stal\u010diais 1D-5S Shetland \u0105\u017euolo\/pilkos spalvos"},"content":{"rendered":"<p>Pristatome Jums unikal\u0173 bald\u0105, kuriame puikiai dera funkcionalumas ir modernus dizainas \u2013 komod\u0105 \u201eShetland TYPE 42\u201c. \u0160is i\u0161skirtinis interjero dizaino elementas sukurtas siekiant patenkinti net ir i\u0161rankiausi\u0173 estetikos bei tvarkos m\u0117g\u0117j\u0173 poreikius. \u201eShetland TYPE 42\u201c \u2013 tai erdvi komoda, kurioje lengvai tilps J\u016bs\u0173 daiktai, u\u017etikrinant, kad kiekvienas j\u0173 tur\u0117t\u0173 savo viet\u0105. Su vienomis durel\u0117mis ir penkiais prakti\u0161kais stal\u010diais, ji idealiai tinka smulkiems daiktams ir b\u016btiniausiems aksesuarams laikyti. \u012esp\u016bdingi matmenys \u2013 plotis 136 cm, auk\u0161tis 86,8 cm ir gylis 40 cm \u2013 garantuoja daug vietos daiktams susid\u0117ti. Komoda i\u0161siskiria \u0161ilta \u201eShetland\u201c \u0105\u017euolo apdaila, kuri kartu su klasikine pilka spalva sukuria harmoning\u0105 spalv\u0173 gam\u0105. Ji suteikia interjerui elegancijos ir jaukumo. Tiek komodos fasadai, tiek korpusas pagaminti i\u0161 patvarios, sm\u016bgiams atsparios laminuotos plok\u0161t\u0117s, u\u017etikrinan\u010dios ilgalaik\u012f malonum\u0105.<\/p>","protected":false},"excerpt":{"rendered":"<p>Plotis (cm): 136<br \/>\n\u016agis (cm): 86,8<br \/>\nGylis (cm): 40<\/p>","protected":false},"featured_media":162450,"comment_status":"open","ping_status":"open","template":"","meta":[],"product_brand":[],"product_cat":[9465,1173,4107],"product_tag":[],"class_list":{"0":"post-162449","1":"product","2":"type-product","3":"status-publish","4":"has-post-thumbnail","6":"product_cat-furniture-system-shetland-wojcik-meble","7":"product_cat-chests-of-drawers","8":"product_cat-meble-wojcik","10":"first","11":"instock","12":"purchasable","13":"product-type-simple"},"_links":{"self":[{"href":"https:\/\/baldumarket.lt\/lt\/wp-json\/wp\/v2\/product\/162449","targetHints":{"allow":["GET"]}}],"collection":[{"href":"https:\/\/baldumarket.lt\/lt\/wp-json\/wp\/v2\/product"}],"about":[{"href":"https:\/\/baldumarket.lt\/lt\/wp-json\/wp\/v2\/types\/product"}],"replies":[{"embeddable":true,"href":"https:\/\/baldumarket.lt\/lt\/wp-json\/wp\/v2\/comments?post=162449"}],"wp:featuredmedia":[{"embeddable":true,"href":"https:\/\/baldumarket.lt\/lt\/wp-json\/wp\/v2\/media\/162450"}],"wp:attachment":[{"href":"https:\/\/baldumarket.lt\/lt\/wp-json\/wp\/v2\/media?parent=162449"}],"wp:term":[{"taxonomy":"product_brand","embeddable":true,"href":"https:\/\/baldumarket.lt\/lt\/wp-json\/wp\/v2\/product_brand?post=162449"},{"taxonomy":"product_cat","embeddable":true,"href":"https:\/\/baldumarket.lt\/lt\/wp-json\/wp\/v2\/product_cat?post=162449"},{"taxonomy":"product_tag","embeddable":true,"href":"https:\/\/baldumarket.lt\/lt\/wp-json\/wp\/v2\/product_tag?post=162449"}],"curies":[{"name":"wp","href":"https:\/\/api.w.org\/{rel}","templated":true}]}}