{"id":162443,"date":"2025-12-19T12:14:22","date_gmt":"2025-12-19T09:14:22","guid":{"rendered":"https:\/\/baldumarket.lt\/product\/shetland-typ-32-komoda-1d-6s-dab-shetland-szara\/"},"modified":"2026-04-06T20:05:34","modified_gmt":"2026-04-06T17:05:34","slug":"shetland-typ-32-komoda-1d-6s-dab-shetland-szara","status":"publish","type":"product","link":"https:\/\/baldumarket.lt\/lt\/product\/shetland-typ-32-komoda-1d-6s-dab-shetland-szara\/","title":{"rendered":"Shetland TYPE 32 \u2013 Komoda su stal\u010diais 1D-6S Shetland \u0105\u017euolo\/pilkos spalvos"},"content":{"rendered":"<p>\u201eShetland TYPE 32 \u2013 1D-6S Shetland Oak\/Gray\u201c komoda su stal\u010diais \u2013 tai tobulas funkcionalumo ir modernaus dizaino derinys, puikiai tinkantis bet kokiam eleganti\u0161kai suprojektuotam interjerui. I\u0161skirtinis \u0161ilt\u0173 \u201eShetland Oak\u201c atspalvi\u0173 beicas kartu su subtilia pilka fasad\u0173 spalva suteikia \u0161iai komodai unikal\u0173 charakter\u012f ir leid\u017eia lengvai integruoti j\u0105 \u012f \u012fvairi\u0173 spalv\u0173 kambarius. Komoda yra 86 cm plo\u010dio, 123,2 cm auk\u0161\u010dio ir 40 cm gylio, tod\u0117l ji yra ne tik eleganti\u0161ka, bet ir i\u0161skirtinai erdvi. \u0160e\u0161i stal\u010diai, esantys po erdvia spintele su durel\u0117mis, u\u017etikrina optimal\u0173 kasdieni\u0173 daikt\u0173, toki\u0173 kaip tekstil\u0117, aksesuarai ir smulk\u016bs buitiniai prietaisai, laikym\u0105. Pagaminta i\u0161 auk\u0161tos kokyb\u0117s laminuotos plok\u0161t\u0117s, \u201eShetland\u201c komoda yra atspari auk\u0161tai temperat\u016brai, dr\u0117gmei ir \u012fbr\u0117\u017eimams, tod\u0117l ji tarnaus ilgus metus, i\u0161laikant estetin\u012f patrauklum\u0105. Korpusas ir priekin\u0117 dalis, pagaminti i\u0161 laminuotos med\u017eio dro\u017eli\u0173 plok\u0161t\u0117s, pabr\u0117\u017eia tvirtum\u0105 ir d\u0117mes\u012f detal\u0117ms.<\/p>","protected":false},"excerpt":{"rendered":"<p>Plotis (cm): 86<br \/>\n\u016agis (cm): 123,2<br \/>\nGylis (cm): 40<\/p>","protected":false},"featured_media":162444,"comment_status":"open","ping_status":"open","template":"","meta":[],"product_brand":[],"product_cat":[9465,1173,4107],"product_tag":[],"class_list":{"0":"post-162443","1":"product","2":"type-product","3":"status-publish","4":"has-post-thumbnail","6":"product_cat-furniture-system-shetland-wojcik-meble","7":"product_cat-chests-of-drawers","8":"product_cat-meble-wojcik","10":"first","11":"instock","12":"purchasable","13":"product-type-simple"},"_links":{"self":[{"href":"https:\/\/baldumarket.lt\/lt\/wp-json\/wp\/v2\/product\/162443","targetHints":{"allow":["GET"]}}],"collection":[{"href":"https:\/\/baldumarket.lt\/lt\/wp-json\/wp\/v2\/product"}],"about":[{"href":"https:\/\/baldumarket.lt\/lt\/wp-json\/wp\/v2\/types\/product"}],"replies":[{"embeddable":true,"href":"https:\/\/baldumarket.lt\/lt\/wp-json\/wp\/v2\/comments?post=162443"}],"wp:featuredmedia":[{"embeddable":true,"href":"https:\/\/baldumarket.lt\/lt\/wp-json\/wp\/v2\/media\/162444"}],"wp:attachment":[{"href":"https:\/\/baldumarket.lt\/lt\/wp-json\/wp\/v2\/media?parent=162443"}],"wp:term":[{"taxonomy":"product_brand","embeddable":true,"href":"https:\/\/baldumarket.lt\/lt\/wp-json\/wp\/v2\/product_brand?post=162443"},{"taxonomy":"product_cat","embeddable":true,"href":"https:\/\/baldumarket.lt\/lt\/wp-json\/wp\/v2\/product_cat?post=162443"},{"taxonomy":"product_tag","embeddable":true,"href":"https:\/\/baldumarket.lt\/lt\/wp-json\/wp\/v2\/product_tag?post=162443"}],"curies":[{"name":"wp","href":"https:\/\/api.w.org\/{rel}","templated":true}]}}