{"id":162437,"date":"2025-12-19T12:14:10","date_gmt":"2025-12-19T09:14:10","guid":{"rendered":"https:\/\/baldumarket.lt\/product\/salinas-saik03-komoda-3d1s-biala-dab-catania-czarna\/"},"modified":"2026-04-06T20:05:34","modified_gmt":"2026-04-06T17:05:34","slug":"salinas-saik03-komoda-3d1s-biala-dab-catania-czarna","status":"publish","type":"product","link":"https:\/\/baldumarket.lt\/lt\/product\/salinas-saik03-komoda-3d1s-biala-dab-catania-czarna\/","title":{"rendered":"Salinas SAIK03 \u2013 3D1S komoda, balta\/Catania \u0105\u017euolas\/juoda"},"content":{"rendered":"<p>Atraskite elegancij\u0105, derinam\u0105 su prakti\u0161kumu, \u012fsirengdami unikali\u0105 \u201eSalinas SAIK03\u201c komod\u0105 \u2013 tobul\u0105 modernaus dizaino ir funkcionalumo harmonij\u0105, sukurt\u0105 patenkinti i\u0161rankiausi\u0173 estet\u0173 ir vartotoj\u0173, vertinan\u010di\u0173 auk\u0161t\u0105 meistri\u0161kumo kokyb\u0119 ir komfort\u0105, l\u016bkes\u010dius. 93 cm plo\u010dio, 139,8 cm auk\u0161\u010dio ir 37 cm gylio \u0161i komoda suteiks j\u016bs\u0173 namams prabangos ir tvarkos. Pagaminta i\u0161 auk\u0161\u010diausios kokyb\u0117s laminuotos med\u017eio dro\u017eli\u0173 plok\u0161t\u0117s, \u201eSalinas\u201c serijos komoda yra modernaus dizaino simbolis, kuris papildys daugel\u012f interjer\u0173. Nat\u016bral\u016bs Katanijos \u0105\u017euolo atspalviai kartu su eleganti\u0161ka balta ir sodria juoda spalvomis sukuria \u017eav\u0173 spalv\u0173 derin\u012f, kuris puikiai dera tiek minimalistiniuose, tiek puo\u0161niai dekoruotuose kambariuose. Trys erdvios durel\u0117s, kiekvienos su \u0161velnaus u\u017edarymo sistema, suteikia daug vietos \u012fvairiems daiktams \u2013 nuo apatini\u0173 drabu\u017ei\u0173 ir nam\u0173 tekstil\u0117s iki papuo\u0161al\u0173 ir kit\u0173 aksesuar\u0173. Stal\u010dius, taip pat apr\u016bpintas \u0161velnaus u\u017edarymo sistema, leid\u017eia diskreti\u0161kai laikyti ma\u017eesnius daiktus, tuo pa\u010diu u\u017etikrinant lengv\u0105 ir patogi\u0105 prieig\u0105 prie turinio.<\/p>","protected":false},"excerpt":{"rendered":"<p>Plotis (cm): 93<br \/>\n\u016agis (cm): 139,8<br \/>\nGylis (cm): 37<\/p>","protected":false},"featured_media":162438,"comment_status":"open","ping_status":"open","template":"","meta":[],"product_brand":[],"product_cat":[9498,1173,4107],"product_tag":[],"class_list":{"0":"post-162437","1":"product","2":"type-product","3":"status-publish","4":"has-post-thumbnail","6":"product_cat-furniture-system-salinas-wojcik-meble","7":"product_cat-chests-of-drawers","8":"product_cat-meble-wojcik","10":"first","11":"instock","12":"purchasable","13":"product-type-simple"},"_links":{"self":[{"href":"https:\/\/baldumarket.lt\/lt\/wp-json\/wp\/v2\/product\/162437","targetHints":{"allow":["GET"]}}],"collection":[{"href":"https:\/\/baldumarket.lt\/lt\/wp-json\/wp\/v2\/product"}],"about":[{"href":"https:\/\/baldumarket.lt\/lt\/wp-json\/wp\/v2\/types\/product"}],"replies":[{"embeddable":true,"href":"https:\/\/baldumarket.lt\/lt\/wp-json\/wp\/v2\/comments?post=162437"}],"wp:featuredmedia":[{"embeddable":true,"href":"https:\/\/baldumarket.lt\/lt\/wp-json\/wp\/v2\/media\/162438"}],"wp:attachment":[{"href":"https:\/\/baldumarket.lt\/lt\/wp-json\/wp\/v2\/media?parent=162437"}],"wp:term":[{"taxonomy":"product_brand","embeddable":true,"href":"https:\/\/baldumarket.lt\/lt\/wp-json\/wp\/v2\/product_brand?post=162437"},{"taxonomy":"product_cat","embeddable":true,"href":"https:\/\/baldumarket.lt\/lt\/wp-json\/wp\/v2\/product_cat?post=162437"},{"taxonomy":"product_tag","embeddable":true,"href":"https:\/\/baldumarket.lt\/lt\/wp-json\/wp\/v2\/product_tag?post=162437"}],"curies":[{"name":"wp","href":"https:\/\/api.w.org\/{rel}","templated":true}]}}