{"id":162431,"date":"2025-12-19T12:13:57","date_gmt":"2025-12-19T09:13:57","guid":{"rendered":"https:\/\/baldumarket.lt\/product\/salinas-saik01-komoda-1d3s-biala-dab-catania-czarna\/"},"modified":"2026-04-06T20:05:34","modified_gmt":"2026-04-06T17:05:34","slug":"salinas-saik01-komoda-1d3s-biala-dab-catania-czarna","status":"publish","type":"product","link":"https:\/\/baldumarket.lt\/lt\/product\/salinas-saik01-komoda-1d3s-biala-dab-catania-czarna\/","title":{"rendered":"Salinas SAIK01 \u2013 Komoda 1D3S Balta\/Katanijos \u0105\u017euolas\/juoda"},"content":{"rendered":"<p>Atraskite unikal\u0173 dizain\u0105 ir prakti\u0161kus sprendimus, kurie suteiks j\u016bs\u0173 gyvenamosioms erdv\u0117ms i\u0161skirtinumo. Pristatome \u201eSalinas SAIK01\u201c komod\u0105 \u2013 tobul\u0105 bald\u0105 modernumo ir estetin\u0117s tvarkos m\u0117g\u0117jams. \u0160i funkcionali ir stilinga komoda i\u0161siskiria 132,9 cm plo\u010diu, 85 cm auk\u0161\u010diu ir 40 cm gyliu, tod\u0117l ji b\u016btinas bet kuriame svetain\u0117s, valgomojo ar miegamojo baldas. Sukurta i\u0161rankiems vartotojams, ie\u0161kantiems ne tik gra\u017ei\u0173, bet ir prakti\u0161k\u0173 sprendim\u0173 savo namams, \u201eSalinas 1D3S\u201c komoda i\u0161siskiria gra\u017eia spalv\u0173 gama \u2013 Alpi\u0173 baltos, eleganti\u0161kos juodos ir \u0161ilto Katanijos \u0105\u017euolo atspalvio deriniu. Laminuotos plok\u0161t\u0117s naudojimas garantuoja auk\u0161t\u0105 atsparum\u0105 \u012fbr\u0117\u017eimams ir lengv\u0105 valym\u0105. Velnias slypi detal\u0117se, tod\u0117l m\u016bs\u0173 \u201eSalinas SAIK01\u201c yra nepralenkiama apdailos po\u017ei\u016briu. Korpusas ir priekin\u0117 dalis pagaminti i\u0161 laminuotos med\u017eio dro\u017eli\u0173 plok\u0161t\u0117s, o horizontalios plastikin\u0117s rankenos ir plastikin\u0117s kojel\u0117s suteikia baldui lengvumo ir subtilumo poj\u016bt\u012f. Kontrastingos spalvos ir rafinuotos detal\u0117s, tokios kaip \u0161velniai u\u017esidarantys stal\u010diai ir vyriai, padidina komfort\u0105, nes pa\u0161alina nepageidaujamus garsus naudojimo metu.<\/p>","protected":false},"excerpt":{"rendered":"<p>Plotis (cm): 132,9<br \/>\n\u016agis (cm): 85<br \/>\nGylis (cm): 40<\/p>","protected":false},"featured_media":162432,"comment_status":"open","ping_status":"open","template":"","meta":[],"product_brand":[],"product_cat":[9498,1173,4107],"product_tag":[],"class_list":{"0":"post-162431","1":"product","2":"type-product","3":"status-publish","4":"has-post-thumbnail","6":"product_cat-furniture-system-salinas-wojcik-meble","7":"product_cat-chests-of-drawers","8":"product_cat-meble-wojcik","10":"first","11":"instock","12":"purchasable","13":"product-type-simple"},"_links":{"self":[{"href":"https:\/\/baldumarket.lt\/lt\/wp-json\/wp\/v2\/product\/162431","targetHints":{"allow":["GET"]}}],"collection":[{"href":"https:\/\/baldumarket.lt\/lt\/wp-json\/wp\/v2\/product"}],"about":[{"href":"https:\/\/baldumarket.lt\/lt\/wp-json\/wp\/v2\/types\/product"}],"replies":[{"embeddable":true,"href":"https:\/\/baldumarket.lt\/lt\/wp-json\/wp\/v2\/comments?post=162431"}],"wp:featuredmedia":[{"embeddable":true,"href":"https:\/\/baldumarket.lt\/lt\/wp-json\/wp\/v2\/media\/162432"}],"wp:attachment":[{"href":"https:\/\/baldumarket.lt\/lt\/wp-json\/wp\/v2\/media?parent=162431"}],"wp:term":[{"taxonomy":"product_brand","embeddable":true,"href":"https:\/\/baldumarket.lt\/lt\/wp-json\/wp\/v2\/product_brand?post=162431"},{"taxonomy":"product_cat","embeddable":true,"href":"https:\/\/baldumarket.lt\/lt\/wp-json\/wp\/v2\/product_cat?post=162431"},{"taxonomy":"product_tag","embeddable":true,"href":"https:\/\/baldumarket.lt\/lt\/wp-json\/wp\/v2\/product_tag?post=162431"}],"curies":[{"name":"wp","href":"https:\/\/api.w.org\/{rel}","templated":true}]}}