{"id":162419,"date":"2025-12-19T12:13:32","date_gmt":"2025-12-19T09:13:32","guid":{"rendered":"https:\/\/baldumarket.lt\/product\/rivero-rivk03-komoda-2d3s-szara-dab-flagstaff-ciemna\/"},"modified":"2026-04-06T19:46:19","modified_gmt":"2026-04-06T16:46:19","slug":"rivero-rivk03-komoda-2d3s-szara-dab-flagstaff-ciemna","status":"publish","type":"product","link":"https:\/\/baldumarket.lt\/lt\/product\/rivero-rivk03-komoda-2d3s-szara-dab-flagstaff-ciemna\/","title":{"rendered":"Rivero RIVK03 \u2013 2D3S komoda, pilka\/tamsaus \u0105\u017euolo spalvos, Flagstaff spalvos"},"content":{"rendered":"<p>Atraskite elegancij\u0105 ir funkcionalum\u0105 viename \u2013 pilkos ir nat\u016bralaus tamsaus v\u0117liavos \u0105\u017euolo atspalvi\u0173 \u2019Rivero RIVK03 2D3S\u201c komoda, sukurta galvojant apie i\u0161rankiausius interjero dizainus. Sukurta tikint, kad kiekviena detal\u0117 j\u016bs\u0173 namuose turi negin\u010dijam\u0105 reik\u0161m\u0119, \u0161i komoda yra modernaus dizaino ir prakti\u0161kumo kvintesencija. Nuostabus \u201eRivero\u201c komodos dizainas lengvai tiks svetain\u0117je ar valgomajame, suteiks charakterio ir pabr\u0117\u0161 individual\u0173 j\u016bs\u0173 nam\u0173 stili\u0173. Intuityvus i\u0161d\u0117stymas ir proporcijos (plotis: 159,6 cm, auk\u0161tis: 83,1 cm, gylis: 40 cm) puikiai atitinka kasdienio naudojimo poreikius, u\u017etikrindamos puik\u0173 estetikos ir prakti\u0161kumo derin\u012f. Pagaminta i\u0161 auk\u0161tos kokyb\u0117s laminuotos med\u017eio dro\u017eli\u0173 plok\u0161t\u0117s, \u201eRivero\u201c komoda yra atspari kasdieniam naudojimui ir i\u0161orini\u0173 veiksni\u0173 poveikiui. Trys erdv\u016bs stal\u010diai ir tvirtos lentynos, \u012fskaitant dvi su \u0161velniai u\u017esidaran\u010diomis durel\u0117mis, tilps visi j\u016bs\u0173 reikalingi daiktai, u\u017etikrinant tvark\u0105 ir ai\u0161kum\u0105 j\u016bs\u0173 erdv\u0117je. Tamsaus \u201eFlagstaff Oak\u201c ir \u201eSilica Gray\u201c spalv\u0173 laminato apdaila \u0161\u012f bald\u0105 paver\u010dia puikiu pasirinkimu tiek klasikinio stiliaus m\u0117g\u0117jams, tiek ie\u0161kantiems nauj\u0173 dizaino tendencij\u0173.<\/p>","protected":false},"excerpt":{"rendered":"<p>Plotis (cm): 159,6<br \/>\n\u016agis (cm): 83,1<br \/>\nGylis (cm): 40<\/p>","protected":false},"featured_media":162420,"comment_status":"open","ping_status":"open","template":"","meta":[],"product_brand":[],"product_cat":[9496,1173,4107],"product_tag":[],"class_list":{"0":"post-162419","1":"product","2":"type-product","3":"status-publish","4":"has-post-thumbnail","6":"product_cat-furniture-system-rivero-wojcik-meble","7":"product_cat-chests-of-drawers","8":"product_cat-meble-wojcik","10":"first","11":"instock","12":"purchasable","13":"product-type-simple"},"_links":{"self":[{"href":"https:\/\/baldumarket.lt\/lt\/wp-json\/wp\/v2\/product\/162419","targetHints":{"allow":["GET"]}}],"collection":[{"href":"https:\/\/baldumarket.lt\/lt\/wp-json\/wp\/v2\/product"}],"about":[{"href":"https:\/\/baldumarket.lt\/lt\/wp-json\/wp\/v2\/types\/product"}],"replies":[{"embeddable":true,"href":"https:\/\/baldumarket.lt\/lt\/wp-json\/wp\/v2\/comments?post=162419"}],"wp:featuredmedia":[{"embeddable":true,"href":"https:\/\/baldumarket.lt\/lt\/wp-json\/wp\/v2\/media\/162420"}],"wp:attachment":[{"href":"https:\/\/baldumarket.lt\/lt\/wp-json\/wp\/v2\/media?parent=162419"}],"wp:term":[{"taxonomy":"product_brand","embeddable":true,"href":"https:\/\/baldumarket.lt\/lt\/wp-json\/wp\/v2\/product_brand?post=162419"},{"taxonomy":"product_cat","embeddable":true,"href":"https:\/\/baldumarket.lt\/lt\/wp-json\/wp\/v2\/product_cat?post=162419"},{"taxonomy":"product_tag","embeddable":true,"href":"https:\/\/baldumarket.lt\/lt\/wp-json\/wp\/v2\/product_tag?post=162419"}],"curies":[{"name":"wp","href":"https:\/\/api.w.org\/{rel}","templated":true}]}}