{"id":162413,"date":"2025-12-19T12:13:18","date_gmt":"2025-12-19T09:13:18","guid":{"rendered":"https:\/\/baldumarket.lt\/product\/rivero-rivk01-komoda-2d3s-szary-dab-flagstaff-ciemny\/"},"modified":"2026-04-06T19:46:19","modified_gmt":"2026-04-06T16:46:19","slug":"rivero-rivk01-komoda-2d3s-szary-dab-flagstaff-ciemny","status":"publish","type":"product","link":"https:\/\/baldumarket.lt\/lt\/product\/rivero-rivk01-komoda-2d3s-szary-dab-flagstaff-ciemny\/","title":{"rendered":"Rivero RIVK01 \u2013 Komoda 2D3S pilka\/tamsaus v\u0117liavos \u0105\u017euolo spalvos"},"content":{"rendered":"<p>Pristatome unikali\u0105 \u201eRivero\u201c serijos indauja \u2013 RIVK01, kuri su\u017eav\u0117s jus savo elegancija ir prakti\u0161kumu. \u0160is baldas puikiai atitinka \u0161iuolaikini\u0173 svetaini\u0173 ir valgom\u0173j\u0173 poreikius, kur \u012fvairi\u0173 daikt\u0173 laikymas turi der\u0117ti su auk\u0161ta estetika. \u201eRivero RIVK01\u201c indauja atrodo ypa\u010d reprezentatyviai d\u0117l tamsios medienos, tamsaus v\u0117liavos \u0105\u017euolo spalvos ir modernios, pilkos silikonin\u0117s apdailos derinio. \u0160is spalv\u0173 derinys idealiai tinka \u012fvairiems interjero dizainams. Minimalistin\u0117s, juodos metalin\u0117s ranken\u0117l\u0117s sukuria subtil\u0173 kontrast\u0105 ir kartu atitinka \u0161iuolaikines dizaino tendencijas. RIVK01 indauja yra \u012fsp\u016bdingi \u2013 188,6 cm plotis suteikia daug vietos daiktams susid\u0117ti, 83,1 cm auk\u0161tis leid\u017eia patogiai naudotis stalvir\u0161iu, o 40 cm gylis u\u017etikrina, kad baldas per daug neu\u017egriozdins gyvenamosios erdv\u0117s. Pagaminta i\u0161 auk\u0161tos kokyb\u0117s laminuotos plok\u0161t\u0117s, ji u\u017etikrina patvarum\u0105 ir lengv\u0105 valym\u0105.<\/p>","protected":false},"excerpt":{"rendered":"<p>Plotis (cm): 188,6<br \/>\n\u016agis (cm): 83,1<br \/>\nGylis (cm): 40<\/p>","protected":false},"featured_media":162414,"comment_status":"open","ping_status":"open","template":"","meta":[],"product_brand":[],"product_cat":[9496,1173,4107],"product_tag":[],"class_list":{"0":"post-162413","1":"product","2":"type-product","3":"status-publish","4":"has-post-thumbnail","6":"product_cat-furniture-system-rivero-wojcik-meble","7":"product_cat-chests-of-drawers","8":"product_cat-meble-wojcik","10":"first","11":"instock","12":"purchasable","13":"product-type-simple"},"_links":{"self":[{"href":"https:\/\/baldumarket.lt\/lt\/wp-json\/wp\/v2\/product\/162413","targetHints":{"allow":["GET"]}}],"collection":[{"href":"https:\/\/baldumarket.lt\/lt\/wp-json\/wp\/v2\/product"}],"about":[{"href":"https:\/\/baldumarket.lt\/lt\/wp-json\/wp\/v2\/types\/product"}],"replies":[{"embeddable":true,"href":"https:\/\/baldumarket.lt\/lt\/wp-json\/wp\/v2\/comments?post=162413"}],"wp:featuredmedia":[{"embeddable":true,"href":"https:\/\/baldumarket.lt\/lt\/wp-json\/wp\/v2\/media\/162414"}],"wp:attachment":[{"href":"https:\/\/baldumarket.lt\/lt\/wp-json\/wp\/v2\/media?parent=162413"}],"wp:term":[{"taxonomy":"product_brand","embeddable":true,"href":"https:\/\/baldumarket.lt\/lt\/wp-json\/wp\/v2\/product_brand?post=162413"},{"taxonomy":"product_cat","embeddable":true,"href":"https:\/\/baldumarket.lt\/lt\/wp-json\/wp\/v2\/product_cat?post=162413"},{"taxonomy":"product_tag","embeddable":true,"href":"https:\/\/baldumarket.lt\/lt\/wp-json\/wp\/v2\/product_tag?post=162413"}],"curies":[{"name":"wp","href":"https:\/\/api.w.org\/{rel}","templated":true}]}}