{"id":162401,"date":"2025-12-19T12:12:53","date_gmt":"2025-12-19T09:12:53","guid":{"rendered":"https:\/\/baldumarket.lt\/product\/ricko-rikk05-komoda-2d4s-biala-dab-coast-evoke\/"},"modified":"2026-04-06T19:46:19","modified_gmt":"2026-04-06T16:46:19","slug":"ricko-rikk05-komoda-2d4s-biala-dab-coast-evoke","status":"publish","type":"product","link":"https:\/\/baldumarket.lt\/lt\/product\/ricko-rikk05-komoda-2d4s-biala-dab-coast-evoke\/","title":{"rendered":"Ricko RIKK05 \u2013 2D4S komoda, balta\/\u0105\u017euolas, \u201eCoast Evoke\u201c"},"content":{"rendered":"<p>Atraskite tobul\u0105 funkcionalumo ir modernaus dizaino derin\u012f su \u201eRicko RIKK05\u201c komoda. Jos universalumas papildys \u012fvairius interjero dizainus, o apgalvota daikt\u0173 laikymo sistema pavers j\u0105 nepakei\u010diamu j\u016bs\u0173 nam\u0173 elementu. J\u0105 lengvai pastatysite miegamajame, valgomajame ar svetain\u0117je ir u\u017etikrinsite maksimal\u0173 malonum\u0105 kasdien naudojant. \u0160iltos \u201eCoast Evoke Oak\u201c spalvos \u201eRicko\u201c komoda, kurios plotis \u2013 135,4 cm, auk\u0161tis \u2013 92,4 cm, o gylis \u2013 40 cm, si\u016blo erdv\u0119, organizuot\u0105 siekiant maksimalios ergonomikos. Erdv\u016bs stal\u010diai ir lentynos tilps j\u016bs\u0173 drabu\u017eiai, patalyn\u0117, indai ir kiti daiktai, kuriuos norite tur\u0117ti po ranka. Keturi lengvai i\u0161traukiami stal\u010diai ir dvi spintel\u0117s, kuri\u0173 kiekvienoje yra pasl\u0117pta lentyna, leid\u017eia lengvai pasiekti visk\u0105, kas laikoma viduje. I\u0161siskiriantis eleganti\u0161kas baldas pagamintas i\u0161 auk\u0161tos kokyb\u0117s laminuotos plok\u0161t\u0117s, u\u017etikrinan\u010dios patvarum\u0105 ir atsparum\u0105 pa\u017eeidimams. Korpusas yra nat\u016bralaus \u0105\u017euolo atspalvio, o fasadai \u2013 baltos spalvos, kurios pagyvina erdv\u0119 ir suteikia interjerui gaivumo. Itin modernios detal\u0117s \u2013 minimalistin\u0117s rankenos ir stilingos plastikin\u0117s kojel\u0117s, kurios papildo bendr\u0105 kompozicij\u0105 ir suteikia jai lengvumo bei modernumo.<\/p>","protected":false},"excerpt":{"rendered":"<p>Plotis (cm): 135,4<br \/>\n\u016agis (cm): 92,4<br \/>\nGylis (cm): 40<\/p>","protected":false},"featured_media":162402,"comment_status":"open","ping_status":"open","template":"","meta":[],"product_brand":[],"product_cat":[9495,1173,4107],"product_tag":[],"class_list":{"0":"post-162401","1":"product","2":"type-product","3":"status-publish","4":"has-post-thumbnail","6":"product_cat-furniture-system-ricko-wojcik-meble","7":"product_cat-chests-of-drawers","8":"product_cat-meble-wojcik","10":"first","11":"instock","12":"purchasable","13":"product-type-simple"},"_links":{"self":[{"href":"https:\/\/baldumarket.lt\/lt\/wp-json\/wp\/v2\/product\/162401","targetHints":{"allow":["GET"]}}],"collection":[{"href":"https:\/\/baldumarket.lt\/lt\/wp-json\/wp\/v2\/product"}],"about":[{"href":"https:\/\/baldumarket.lt\/lt\/wp-json\/wp\/v2\/types\/product"}],"replies":[{"embeddable":true,"href":"https:\/\/baldumarket.lt\/lt\/wp-json\/wp\/v2\/comments?post=162401"}],"wp:featuredmedia":[{"embeddable":true,"href":"https:\/\/baldumarket.lt\/lt\/wp-json\/wp\/v2\/media\/162402"}],"wp:attachment":[{"href":"https:\/\/baldumarket.lt\/lt\/wp-json\/wp\/v2\/media?parent=162401"}],"wp:term":[{"taxonomy":"product_brand","embeddable":true,"href":"https:\/\/baldumarket.lt\/lt\/wp-json\/wp\/v2\/product_brand?post=162401"},{"taxonomy":"product_cat","embeddable":true,"href":"https:\/\/baldumarket.lt\/lt\/wp-json\/wp\/v2\/product_cat?post=162401"},{"taxonomy":"product_tag","embeddable":true,"href":"https:\/\/baldumarket.lt\/lt\/wp-json\/wp\/v2\/product_tag?post=162401"}],"curies":[{"name":"wp","href":"https:\/\/api.w.org\/{rel}","templated":true}]}}