{"id":162395,"date":"2025-12-19T12:12:41","date_gmt":"2025-12-19T09:12:41","guid":{"rendered":"https:\/\/baldumarket.lt\/product\/ricko-rikk03-komoda-4s-biala-dab-coast-evoke\/"},"modified":"2026-04-06T19:46:19","modified_gmt":"2026-04-06T16:46:19","slug":"ricko-rikk03-komoda-4s-biala-dab-coast-evoke","status":"publish","type":"product","link":"https:\/\/baldumarket.lt\/lt\/product\/ricko-rikk03-komoda-4s-biala-dab-coast-evoke\/","title":{"rendered":"Ricko RIKK03 \u2013 4 stal\u010di\u0173 komoda, balta\/\u0105\u017euolo spalvos, \u201eCoast Evoke\u201c"},"content":{"rendered":"<p>Kvie\u010diame atrasti \u201eRicko RIKK03\u201c komod\u0105 \u2013 elegancijos ir prakti\u0161kumo derin\u012f J\u016bs\u0173 nam\u0173 jaukumui! \u201e4S White\/Oak Coast Evoke\u201c modelis \u2013 tai baldas, kuris pakeis daikt\u0173 laikymo erdv\u0119, suteikdamas J\u016bs\u0173 interjerui harmonijos ir gaivumo. Atraskite jo potencial\u0105 patys! Optimal\u016bs matmenys \u2013 91,5 cm plo\u010dio, 92,4 cm auk\u0161\u010dio ir 40 cm gylio \u2013 puikiai tinka bet kokiam kambariui, nepriklausomai nuo jo dyd\u017eio. Jauki \u201eCoast Evoke\u201c \u0105\u017euolo spalva kartu su klasikine balta \u2013 tai duetas, sukurtas tiems, kurie vertina nat\u016bralias spalvas su modernumo prieskoniu. Pagaminta i\u0161 auk\u0161\u010diausios kokyb\u0117s laminuotos plok\u0161t\u0117s, \u201eRicko\u201c komoda ne tik atrodo stulbinamai, bet ir yra itin patvari bei atspari kasdieniam naudojimui. Neabejotinas akcentas \u2013 plat\u016bs stal\u010diai ant pilno i\u0161traukimo rutulini\u0173 guoli\u0173 b\u0117geli\u0173, kurie garantuoja lengv\u0105 prieig\u0105 prie laikom\u0173 daikt\u0173 ir nesud\u0117ting\u0105 organizavim\u0105. Patirsite patogum\u0105 i\u0161imdami ir \u012fd\u0117dami net sunkesnius daiktus, nerizikuodami, kad stal\u010dius u\u017estrigs ar nukris.<\/p>","protected":false},"excerpt":{"rendered":"<p>Plotis (cm): 91,5<br \/>\n\u016agis (cm): 92,4<br \/>\nGylis (cm): 40<\/p>","protected":false},"featured_media":162396,"comment_status":"open","ping_status":"open","template":"","meta":[],"product_brand":[],"product_cat":[9495,1173,4107],"product_tag":[],"class_list":{"0":"post-162395","1":"product","2":"type-product","3":"status-publish","4":"has-post-thumbnail","6":"product_cat-furniture-system-ricko-wojcik-meble","7":"product_cat-chests-of-drawers","8":"product_cat-meble-wojcik","10":"first","11":"instock","12":"purchasable","13":"product-type-simple"},"_links":{"self":[{"href":"https:\/\/baldumarket.lt\/lt\/wp-json\/wp\/v2\/product\/162395","targetHints":{"allow":["GET"]}}],"collection":[{"href":"https:\/\/baldumarket.lt\/lt\/wp-json\/wp\/v2\/product"}],"about":[{"href":"https:\/\/baldumarket.lt\/lt\/wp-json\/wp\/v2\/types\/product"}],"replies":[{"embeddable":true,"href":"https:\/\/baldumarket.lt\/lt\/wp-json\/wp\/v2\/comments?post=162395"}],"wp:featuredmedia":[{"embeddable":true,"href":"https:\/\/baldumarket.lt\/lt\/wp-json\/wp\/v2\/media\/162396"}],"wp:attachment":[{"href":"https:\/\/baldumarket.lt\/lt\/wp-json\/wp\/v2\/media?parent=162395"}],"wp:term":[{"taxonomy":"product_brand","embeddable":true,"href":"https:\/\/baldumarket.lt\/lt\/wp-json\/wp\/v2\/product_brand?post=162395"},{"taxonomy":"product_cat","embeddable":true,"href":"https:\/\/baldumarket.lt\/lt\/wp-json\/wp\/v2\/product_cat?post=162395"},{"taxonomy":"product_tag","embeddable":true,"href":"https:\/\/baldumarket.lt\/lt\/wp-json\/wp\/v2\/product_tag?post=162395"}],"curies":[{"name":"wp","href":"https:\/\/api.w.org\/{rel}","templated":true}]}}