{"id":162389,"date":"2025-12-19T12:12:28","date_gmt":"2025-12-19T09:12:28","guid":{"rendered":"https:\/\/baldumarket.lt\/product\/ricko-rikk06-szafka-nocna-2s-biala-dab-coast-evoke\/"},"modified":"2026-04-06T19:46:19","modified_gmt":"2026-04-06T16:46:19","slug":"ricko-rikk06-szafka-nocna-2s-biala-dab-coast-evoke","status":"publish","type":"product","link":"https:\/\/baldumarket.lt\/lt\/product\/ricko-rikk06-szafka-nocna-2s-biala-dab-coast-evoke\/","title":{"rendered":"Ricko RIKK06 \u2013 2S naktinis staliukas, baltas\/\u0105\u017euolo spalvos, \u201eCoast Evoke\u201c"},"content":{"rendered":"<p>Ie\u0161kote nepakei\u010diamo kompaniono savo nakties ir ryto rutinai? \u201eRicko RIKK06 2S White\/Oak Coast Evoke\u201c naktinis staliukas yra daugiau nei tiesiog baldas \u2013 tai esteti\u0161kai patrauklus funkcionalumo ir modernaus dizaino derinys. Jis prad\u017eiugins kiekvien\u0105, kuris vertina auk\u0161tos kokyb\u0117s med\u017eiagas ir apgalvotus sprendimus, atitinkan\u010dius dabartines interjero dizaino tendencijas. Ne\u012ftik\u0117tinai tiksliai i\u0161 laminuotos plok\u0161t\u0117s pagamintas naktinis staliukas ne tik atlaikys laiko i\u0161bandym\u0105, bet ir garantuos neabejotin\u0105 komfort\u0105. Jo matmenys \u2013 47,6 cm plo\u010dio, 54 cm auk\u0161\u010dio ir 40 cm gylio \u2013 leid\u017eia j\u012f lengvai pritaikyti tiek erdviame miegamajame, tiek ma\u017eesniame jaunimo kambaryje. Jums patiks, kaip eleganti\u0161ka, nat\u016brali \u201eCoast Evoke Oak\u201c spalvos i\u0161vaizda harmoningai papildo gryn\u0105 balt\u0105 spalv\u0105, sukurdama unikal\u0173, ta\u010diau subtil\u0173 spalv\u0173 derin\u012f. Iki smulkiausi\u0173 detali\u0173 rafinuotas dizainas, \u012fskaitant skaitmenin\u012f grioveli\u0173 spausdinim\u0105, suteikiant\u012f 3D efekt\u0105, atnaujins interjer\u0105 ir padarys j\u012f dinami\u0161kesn\u012f.<\/p>","protected":false},"excerpt":{"rendered":"<p>Plotis (cm): 47,6<br \/>\n\u016agis (cm): 54<br \/>\nGylis (cm): 40<\/p>","protected":false},"featured_media":162390,"comment_status":"open","ping_status":"open","template":"","meta":[],"product_brand":[],"product_cat":[9495,1176,4107],"product_tag":[],"class_list":{"0":"post-162389","1":"product","2":"type-product","3":"status-publish","4":"has-post-thumbnail","6":"product_cat-furniture-system-ricko-wojcik-meble","7":"product_cat-bedside-tables","8":"product_cat-meble-wojcik","10":"first","11":"instock","12":"purchasable","13":"product-type-simple"},"_links":{"self":[{"href":"https:\/\/baldumarket.lt\/lt\/wp-json\/wp\/v2\/product\/162389","targetHints":{"allow":["GET"]}}],"collection":[{"href":"https:\/\/baldumarket.lt\/lt\/wp-json\/wp\/v2\/product"}],"about":[{"href":"https:\/\/baldumarket.lt\/lt\/wp-json\/wp\/v2\/types\/product"}],"replies":[{"embeddable":true,"href":"https:\/\/baldumarket.lt\/lt\/wp-json\/wp\/v2\/comments?post=162389"}],"wp:featuredmedia":[{"embeddable":true,"href":"https:\/\/baldumarket.lt\/lt\/wp-json\/wp\/v2\/media\/162390"}],"wp:attachment":[{"href":"https:\/\/baldumarket.lt\/lt\/wp-json\/wp\/v2\/media?parent=162389"}],"wp:term":[{"taxonomy":"product_brand","embeddable":true,"href":"https:\/\/baldumarket.lt\/lt\/wp-json\/wp\/v2\/product_brand?post=162389"},{"taxonomy":"product_cat","embeddable":true,"href":"https:\/\/baldumarket.lt\/lt\/wp-json\/wp\/v2\/product_cat?post=162389"},{"taxonomy":"product_tag","embeddable":true,"href":"https:\/\/baldumarket.lt\/lt\/wp-json\/wp\/v2\/product_tag?post=162389"}],"curies":[{"name":"wp","href":"https:\/\/api.w.org\/{rel}","templated":true}]}}