{"id":162383,"date":"2025-12-19T12:12:14","date_gmt":"2025-12-19T09:12:14","guid":{"rendered":"https:\/\/baldumarket.lt\/product\/ricko-rikk01-komoda-10s-biala-dab-coast-evoke\/"},"modified":"2026-04-06T19:46:10","modified_gmt":"2026-04-06T16:46:10","slug":"ricko-rikk01-komoda-10s-biala-dab-coast-evoke","status":"publish","type":"product","link":"https:\/\/baldumarket.lt\/lt\/product\/ricko-rikk01-komoda-10s-biala-dab-coast-evoke\/","title":{"rendered":"Ricko RIKK01 \u2013 10S komoda, balta\/\u0105\u017euolas, \u201eCoast Evoke\u201c"},"content":{"rendered":"<p>Pristatome unikali\u0105 komod\u0105, kurioje dera funkcionalumas ir unikali estetika \u2013 \u201eRicko RIKK01 \u2013 10S Coast Evoke White\/Oak\u201c komod\u0105. Ji puikiai dera tiek prie modernaus, tiek prie klasikinio interjero ir yra gerai apgalvotas nam\u0173 baldas. Pagaminta i\u0161 auk\u0161\u010diausios kokyb\u0117s laminuotos plok\u0161t\u0117s, \u201eRicko\u201c komoda yra patvari ir atspari kasdieniam naudojimui. Jos matmenys \u2013 plotis 91,5 cm, auk\u0161tis 111,6 cm ir gylis 40 cm \u2013 buvo sukurti siekiant optimizuoti turim\u0105 erdv\u0119. \u201eCoast Evoke Oak\u201c korpusas suteikia baldui rafinuoto med\u017eio \u0161ilumos, o stal\u010di\u0173 fasadai, subalansuoti nat\u016bralum\u0105 ir modern\u0173 ry\u0161kum\u0105, yra baltos arba ry\u0161kios skaitmenin\u0117s spalvos, imituojan\u010dios grioveli\u0173 medien\u0105. \u0160ioje erdvioje komodoje yra de\u0161imt stal\u010di\u0173, kuri\u0173 kiekviename yra modernios rutulini\u0173 guoli\u0173 b\u0117gel\u0117s. Jos leid\u017eia visi\u0161kai i\u0161traukti stal\u010di\u0173, tod\u0117l kiekvienas daiktas yra lengvai pasiekiamas, nereikia \u017ei\u016br\u0117ti \u012f stal\u010diaus vid\u0173. Ergonomi\u0161kos plastikin\u0117s ranken\u0117l\u0117s pabr\u0117\u017eia modern\u0173 komodos charakter\u012f ir kartu u\u017etikrina patog\u0173 naudojim\u0105.<\/p>","protected":false},"excerpt":{"rendered":"<p>Plotis (cm): 91,5<br \/>\n\u016agis (cm): 111,6<br \/>\nGylis (cm): 40<\/p>","protected":false},"featured_media":162384,"comment_status":"open","ping_status":"open","template":"","meta":[],"product_brand":[],"product_cat":[9495,1173,4107],"product_tag":[],"class_list":{"0":"post-162383","1":"product","2":"type-product","3":"status-publish","4":"has-post-thumbnail","6":"product_cat-furniture-system-ricko-wojcik-meble","7":"product_cat-chests-of-drawers","8":"product_cat-meble-wojcik","10":"first","11":"instock","12":"purchasable","13":"product-type-simple"},"_links":{"self":[{"href":"https:\/\/baldumarket.lt\/lt\/wp-json\/wp\/v2\/product\/162383","targetHints":{"allow":["GET"]}}],"collection":[{"href":"https:\/\/baldumarket.lt\/lt\/wp-json\/wp\/v2\/product"}],"about":[{"href":"https:\/\/baldumarket.lt\/lt\/wp-json\/wp\/v2\/types\/product"}],"replies":[{"embeddable":true,"href":"https:\/\/baldumarket.lt\/lt\/wp-json\/wp\/v2\/comments?post=162383"}],"wp:featuredmedia":[{"embeddable":true,"href":"https:\/\/baldumarket.lt\/lt\/wp-json\/wp\/v2\/media\/162384"}],"wp:attachment":[{"href":"https:\/\/baldumarket.lt\/lt\/wp-json\/wp\/v2\/media?parent=162383"}],"wp:term":[{"taxonomy":"product_brand","embeddable":true,"href":"https:\/\/baldumarket.lt\/lt\/wp-json\/wp\/v2\/product_brand?post=162383"},{"taxonomy":"product_cat","embeddable":true,"href":"https:\/\/baldumarket.lt\/lt\/wp-json\/wp\/v2\/product_cat?post=162383"},{"taxonomy":"product_tag","embeddable":true,"href":"https:\/\/baldumarket.lt\/lt\/wp-json\/wp\/v2\/product_tag?post=162383"}],"curies":[{"name":"wp","href":"https:\/\/api.w.org\/{rel}","templated":true}]}}