{"id":162377,"date":"2025-12-19T12:12:01","date_gmt":"2025-12-19T09:12:01","guid":{"rendered":"https:\/\/baldumarket.lt\/product\/ricko-rikf02-komoda-rtv-2d1k-biala-dab-coast-evoke\/"},"modified":"2026-04-06T19:46:10","modified_gmt":"2026-04-06T16:46:10","slug":"ricko-rikf02-komoda-rtv-2d1k-biala-dab-coast-evoke","status":"publish","type":"product","link":"https:\/\/baldumarket.lt\/lt\/product\/ricko-rikf02-komoda-rtv-2d1k-biala-dab-coast-evoke\/","title":{"rendered":"Ricko RIKF02 \u2013 2D1K TV spintel\u0117, balta\/\u0105\u017euolo spalvos, \u201eCoast Evoke\u201c"},"content":{"rendered":"<p>\u201eRicko RIKF02\u201c yra daugiau nei tiesiog televizoriaus staliukas \u2013 tai modernaus dizaino kvintesencija, \u012fkv\u0117pta subtilaus retro detali\u0173 \u017eavesio. Jis derina funkcionalum\u0105, esteti\u0161k\u0105 dizain\u0105 ir patikim\u0105 konstrukcij\u0105, tapdamas nepakei\u010diamu baldu j\u016bs\u0173 nam\u0173 \u0161irdyje. Subtilus baltos ir nat\u016brali\u0173 \u0105\u017euolo atspalvi\u0173, nuda\u017eyt\u0173 \u201eCoast Evoke Oak\u201c beicu, kontrastas daro \u0161\u012f televizoriaus staliuk\u0105 puikiai tinkant\u012f tiek modernioms svetain\u0117ms, tiek klasikinio stiliaus interjerams. Balti fasadai, dekoruoti skaitmeniniu b\u016bdu spausdintais grioveliais, suteikia gylio ir eleganti\u0161kos apdailos, o \u0161ilt\u0173 \u0105\u017euolo atspalvi\u0173 korpusas \u2013 jaukumo. \u201eRicko RIKF02\u201c patvarum\u0105 u\u017etikrina auk\u0161\u010diausios kokyb\u0117s laminuota plok\u0161t\u0117, kuri ilgai i\u0161laiko savo eksploatacines savybes. \u0160i med\u017eiaga yra ne tik atspari \u012fbr\u0117\u017eimams ir pa\u017eeidimams, bet ir lengvai pri\u017ei\u016brima, tod\u0117l \u017eymiai pailgina baldo tarnavimo laik\u0105. Puikiai suplanuotas i\u0161planavimas su dviem durel\u0117mis suteikia daug vietos daiktams susid\u0117ti, o centre esantis horizontaliai u\u017esidarantis atvartas suteikia unikal\u0173 charakter\u012f ir ry\u0161\u012f su tradicijomis.<\/p>","protected":false},"excerpt":{"rendered":"<p>Plotis (cm): 157,8<br \/>\n\u016agis (cm): 54<br \/>\nGylis (cm): 40<\/p>","protected":false},"featured_media":162378,"comment_status":"open","ping_status":"open","template":"","meta":[],"product_brand":[],"product_cat":[9495,4107,1175],"product_tag":[],"class_list":{"0":"post-162377","1":"product","2":"type-product","3":"status-publish","4":"has-post-thumbnail","6":"product_cat-furniture-system-ricko-wojcik-meble","7":"product_cat-meble-wojcik","8":"product_cat-tv-stands","10":"first","11":"instock","12":"purchasable","13":"product-type-simple"},"_links":{"self":[{"href":"https:\/\/baldumarket.lt\/lt\/wp-json\/wp\/v2\/product\/162377","targetHints":{"allow":["GET"]}}],"collection":[{"href":"https:\/\/baldumarket.lt\/lt\/wp-json\/wp\/v2\/product"}],"about":[{"href":"https:\/\/baldumarket.lt\/lt\/wp-json\/wp\/v2\/types\/product"}],"replies":[{"embeddable":true,"href":"https:\/\/baldumarket.lt\/lt\/wp-json\/wp\/v2\/comments?post=162377"}],"wp:featuredmedia":[{"embeddable":true,"href":"https:\/\/baldumarket.lt\/lt\/wp-json\/wp\/v2\/media\/162378"}],"wp:attachment":[{"href":"https:\/\/baldumarket.lt\/lt\/wp-json\/wp\/v2\/media?parent=162377"}],"wp:term":[{"taxonomy":"product_brand","embeddable":true,"href":"https:\/\/baldumarket.lt\/lt\/wp-json\/wp\/v2\/product_brand?post=162377"},{"taxonomy":"product_cat","embeddable":true,"href":"https:\/\/baldumarket.lt\/lt\/wp-json\/wp\/v2\/product_cat?post=162377"},{"taxonomy":"product_tag","embeddable":true,"href":"https:\/\/baldumarket.lt\/lt\/wp-json\/wp\/v2\/product_tag?post=162377"}],"curies":[{"name":"wp","href":"https:\/\/api.w.org\/{rel}","templated":true}]}}