{"id":162371,"date":"2025-12-19T12:11:49","date_gmt":"2025-12-19T09:11:49","guid":{"rendered":"https:\/\/baldumarket.lt\/product\/ricko-rikf01-komoda-rtv-2-drzwiowa-biala-dab-coast-evoke\/"},"modified":"2026-04-06T19:46:10","modified_gmt":"2026-04-06T16:46:10","slug":"ricko-rikf01-komoda-rtv-2-drzwiowa-biala-dab-coast-evoke","status":"publish","type":"product","link":"https:\/\/baldumarket.lt\/lt\/product\/ricko-rikf01-komoda-rtv-2-drzwiowa-biala-dab-coast-evoke\/","title":{"rendered":"Ricko RIKF01 \u2013 2 dur\u0173 spintel\u0117, balta\/\u0105\u017euolo spalvos, \u201eCoast Evoke\u201c"},"content":{"rendered":"<p>Pristatome eleganti\u0161k\u0105 ir funkcional\u0173 \u201eRicko RIKF01\u201c televizoriaus staliuk\u0105 \u2013 modernaus dizaino ir prakti\u0161ko erdv\u0117s panaudojimo j\u016bs\u0173 svetain\u0117je kvintesencij\u0105. \u0160is baldas derina nesenstant\u012f gro\u017e\u012f ir naudojimo paprastum\u0105, skland\u017eiai \u012fsiliejdamas tiek \u012f modern\u0173, tiek \u012f klasikinio stiliaus interjerus. \u201eRicko RIKF01\u201c staliuko dizaineriai u\u017etikrino, kad jis puikiai patenkint\u0173 minimalistinio, ta\u010diau \u0161ilto dizaino m\u0117g\u0117j\u0173 norus. Baltos ir nat\u016bralios \u201eCoast Evoke Oak\u201c medienos derinys paver\u010dia j\u012f ne tik baldu, bet ir tikra bet kokio interjero puo\u0161mena. Stovo matmenys \u2013 plotis: 135,4 cm, auk\u0161tis: 54 cm, gylis: 40 cm \u2013 idealiai tinka televizoriui ir kitiems prietaisams laikyti. Pagamintas i\u0161 auk\u0161tos kokyb\u0117s laminuotos plok\u0161t\u0117s, jis garantuoja patvarum\u0105 ir atsparum\u0105 kasdieniam naudojimui. Spintel\u0117s korpusas ir priekin\u0117 dalis pagaminti i\u0161 laminuotos med\u017eio dro\u017eli\u0173 plok\u0161t\u0117s, u\u017etikrinan\u010dios tvirt\u0105 konstrukcij\u0105. Tokios detal\u0117s kaip skaitmeniniu b\u016bdu atspausdinti grioveliai, imituojantys medines lenteles, suteikia komodai unikal\u0173 charakter\u012f ir pabr\u0117\u017eia jos modernistin\u012f patrauklum\u0105.<\/p>","protected":false},"excerpt":{"rendered":"<p>Plotis (cm): 135,4<br \/>\n\u016agis (cm): 54<br \/>\nGylis (cm): 40<\/p>","protected":false},"featured_media":162372,"comment_status":"open","ping_status":"open","template":"","meta":[],"product_brand":[],"product_cat":[9495,4107,1175],"product_tag":[],"class_list":{"0":"post-162371","1":"product","2":"type-product","3":"status-publish","4":"has-post-thumbnail","6":"product_cat-furniture-system-ricko-wojcik-meble","7":"product_cat-meble-wojcik","8":"product_cat-tv-stands","10":"first","11":"instock","12":"purchasable","13":"product-type-simple"},"_links":{"self":[{"href":"https:\/\/baldumarket.lt\/lt\/wp-json\/wp\/v2\/product\/162371","targetHints":{"allow":["GET"]}}],"collection":[{"href":"https:\/\/baldumarket.lt\/lt\/wp-json\/wp\/v2\/product"}],"about":[{"href":"https:\/\/baldumarket.lt\/lt\/wp-json\/wp\/v2\/types\/product"}],"replies":[{"embeddable":true,"href":"https:\/\/baldumarket.lt\/lt\/wp-json\/wp\/v2\/comments?post=162371"}],"wp:featuredmedia":[{"embeddable":true,"href":"https:\/\/baldumarket.lt\/lt\/wp-json\/wp\/v2\/media\/162372"}],"wp:attachment":[{"href":"https:\/\/baldumarket.lt\/lt\/wp-json\/wp\/v2\/media?parent=162371"}],"wp:term":[{"taxonomy":"product_brand","embeddable":true,"href":"https:\/\/baldumarket.lt\/lt\/wp-json\/wp\/v2\/product_brand?post=162371"},{"taxonomy":"product_cat","embeddable":true,"href":"https:\/\/baldumarket.lt\/lt\/wp-json\/wp\/v2\/product_cat?post=162371"},{"taxonomy":"product_tag","embeddable":true,"href":"https:\/\/baldumarket.lt\/lt\/wp-json\/wp\/v2\/product_tag?post=162371"}],"curies":[{"name":"wp","href":"https:\/\/api.w.org\/{rel}","templated":true}]}}