{"id":162368,"date":"2025-12-19T12:11:43","date_gmt":"2025-12-19T09:11:43","guid":{"rendered":"https:\/\/baldumarket.lt\/product\/perazzo-pezk02-komoda-3-drzwiowa-antracyt-dab-amaretto-hudson\/"},"modified":"2026-04-06T19:46:10","modified_gmt":"2026-04-06T16:46:10","slug":"perazzo-pezk02-komoda-3-drzwiowa-antracyt-dab-amaretto-hudson","status":"publish","type":"product","link":"https:\/\/baldumarket.lt\/lt\/product\/perazzo-pezk02-komoda-3-drzwiowa-antracyt-dab-amaretto-hudson\/","title":{"rendered":"Perazzo PEZK02 \u2013 3 dur\u0173 komoda, antracito\/amaretto spalvos, Hudsono \u0105\u017euolo spalvos"},"content":{"rendered":"<p>Atraskite unikali\u0105 indauja, kuri taps bet kurio kambario d\u0117mesio centru \u2013 \u201ePerazzo PEZK02\u201c \u2013 tobul\u0105 elegancijos ir prakti\u0161kumo derin\u012f, pasi\u017eymint\u012f antracito ir med\u017eio spalvomis. \u0160i trij\u0173 dur\u0173 indauja, kurios plotis \u2013 169,8 cm, auk\u0161tis \u2013 118 cm, o gylis \u2013 33 cm, puikiai tiks erdviuose valgomuosiuose, moderniose svetain\u0117se ir \u0161iltose, atviro plano gyvenamosiose erdv\u0117se.<br \/>\nKruop\u0161\u010diai i\u0161 laminuotos plok\u0161t\u0117s pagaminti \u201ePerazzo PEZK02\u201c korpusas ir priekin\u0117 dalis pasi\u017eymi itin atsparia ir patvaria konstrukcija. Gra\u017ei nat\u016brali \u201eAmaretto Hudson Oak\u201c spalva kartu su tamsia antracito spalva traukia d\u0117mes\u012f ir suteikia interjerui tvirtumo. \u012estiklinti priekin\u0117s dalys, pritvirtintos prie \u0161velniai u\u017esidaran\u010di\u0173 vyri\u0173 ir apsaugotos gr\u016bdinto stiklo, u\u017etikrina ne tik esteti\u0161kai patraukli\u0105 i\u0161vaizd\u0105, bet ir auk\u0161\u010diausi\u0105 saugumo lyg\u012f.<br \/>\n\u201ePerazzo\u201c indauja, pasi\u017eyminti kaimi\u0161ku stiliumi, yra baldas, kuris bet kokiam interjerui suteikia unikal\u0173 charakter\u012f. Paprastos, bet i\u0161rai\u0161kingos linijos ir tamsi\u0173 bei nat\u016brali\u0173 spalv\u0173 derinys sukuria efekt\u0105, kuris gali b\u016bti ir klasikinis akcentas, ir dr\u0105sus \u0161iuolaikinio interjero papildymas. Metalin\u0117s ranken\u0117l\u0117s suteikia komodai minimalistin\u012f, bet tvirt\u0105 charakter\u012f.<br \/>\n\u017davus \u201ePerazzo\u201c komodos su stal\u010diais t\u016bris ne tik suteikia jai nuostabi\u0105 i\u0161vaizd\u0105, bet ir si\u016blo prakti\u0161k\u0105 daikt\u0173 laikymo sprendim\u0105. O pasirenkamas \u201eDojo\u201c 6 ta\u0161k\u0173 2D LED ap\u0161vietimas (galima \u012fsigyti u\u017e papildomus 279 PLN) leid\u017eia sukurti atmosferin\u012f ap\u0161vietim\u0105, pabr\u0117\u017eiant\u012f \u0161io nepaprasto baldo gro\u017e\u012f ir funkcionalum\u0105.<br \/>\nPasigro\u017e\u0117kite \u201ePerazzo PEZK02\u201c komoda ir \u012fsine\u0161kite \u012f savo namus bald\u0105, kuriame dera patvarumas ir auk\u0161\u010diausios klas\u0117s dizainas. M\u0117gaukit\u0117s kasdiene elegancija, kuri puikiai papildys j\u016bs\u0173 interjer\u0105, nepaisant dabartini\u0173 tendencij\u0173. \u0160is unikalus baldas yra investicija, kuri tarnaus ilgus metus, u\u017etikrindama prakti\u0161kum\u0105 ne tik \u0161iandien, bet ir ateityje.<\/p>","protected":false},"excerpt":{"rendered":"<p>Plotis (cm): 169,8<br \/>\n\u016agis (cm): 118<br \/>\nGylis (cm): 33<\/p>","protected":false},"featured_media":162369,"comment_status":"open","ping_status":"open","template":"","meta":[],"product_brand":[],"product_cat":[9464,1173,4107],"product_tag":[],"class_list":{"0":"post-162368","1":"product","2":"type-product","3":"status-publish","4":"has-post-thumbnail","6":"product_cat-furniture-system-perazzo-wojcik-meble","7":"product_cat-chests-of-drawers","8":"product_cat-meble-wojcik","10":"first","11":"instock","12":"purchasable","13":"product-type-simple"},"_links":{"self":[{"href":"https:\/\/baldumarket.lt\/lt\/wp-json\/wp\/v2\/product\/162368","targetHints":{"allow":["GET"]}}],"collection":[{"href":"https:\/\/baldumarket.lt\/lt\/wp-json\/wp\/v2\/product"}],"about":[{"href":"https:\/\/baldumarket.lt\/lt\/wp-json\/wp\/v2\/types\/product"}],"replies":[{"embeddable":true,"href":"https:\/\/baldumarket.lt\/lt\/wp-json\/wp\/v2\/comments?post=162368"}],"wp:featuredmedia":[{"embeddable":true,"href":"https:\/\/baldumarket.lt\/lt\/wp-json\/wp\/v2\/media\/162369"}],"wp:attachment":[{"href":"https:\/\/baldumarket.lt\/lt\/wp-json\/wp\/v2\/media?parent=162368"}],"wp:term":[{"taxonomy":"product_brand","embeddable":true,"href":"https:\/\/baldumarket.lt\/lt\/wp-json\/wp\/v2\/product_brand?post=162368"},{"taxonomy":"product_cat","embeddable":true,"href":"https:\/\/baldumarket.lt\/lt\/wp-json\/wp\/v2\/product_cat?post=162368"},{"taxonomy":"product_tag","embeddable":true,"href":"https:\/\/baldumarket.lt\/lt\/wp-json\/wp\/v2\/product_tag?post=162368"}],"curies":[{"name":"wp","href":"https:\/\/api.w.org\/{rel}","templated":true}]}}