{"id":162363,"date":"2025-12-19T12:11:32","date_gmt":"2025-12-19T09:11:32","guid":{"rendered":"https:\/\/baldumarket.lt\/product\/perazzo-pezk04-komoda-4d2s-antracyt-dab-amaretto-hudson\/"},"modified":"2026-04-06T19:46:10","modified_gmt":"2026-04-06T16:46:10","slug":"perazzo-pezk04-komoda-4d2s-antracyt-dab-amaretto-hudson","status":"publish","type":"product","link":"https:\/\/baldumarket.lt\/lt\/product\/perazzo-pezk04-komoda-4d2s-antracyt-dab-amaretto-hudson\/","title":{"rendered":"Perazzo PEZK04 \u2013 Komoda 4D2S Antracito \/ \u0104\u017euolo Amaretto Hudson"},"content":{"rendered":"<p>Atraskite \u201ePerazzo PEZK04\u201c komod\u0105 antracito ir Amaretto Hudson Oak atspalvi\u0173 \u2013 eleganti\u0161k\u0105 atsakym\u0105 \u012f erdvaus, funkcionalaus interjero poreikius su klasikinio gro\u017eio prisilie\u010diu. \u0160is unikalus baldas, puikiai derinantis modernum\u0105 ir tradicijas, papuo\u0161 bet kuri\u0105 svetain\u0119, valgom\u0105j\u012f ar darbo kambar\u012f, suteikdamas jam laiko i\u0161bandym\u0105 atlaikant\u012f stili\u0173. Pagaminta i\u0161 auk\u0161\u010diausios kokyb\u0117s laminuotos plok\u0161t\u0117s, \u201ePerazzo PEZK04\u201c pasi\u017eymi apdaila, kuri maloni akiai ir kvie\u010dianti liesti. Laminavimas naudojant medienos tekst\u016bros reprodukcijos technik\u0105 leid\u017eia i\u0161gauti nat\u016bral\u0173 spalvos efekt\u0105, suteikiant\u012f baldui charakterio ir gylio. \u0160is rafinuotas tamsaus antracito ir \u0161ilto Amaretto Hudson Oak atspalvio derinys sukuria prabangos ir \u0161ilumos poj\u016bt\u012f jaukiame interjere. Dizaineriai kruop\u0161\u010diai suk\u016br\u0117 \u0161i\u0105 200,3 cm plo\u010dio, 85,3 cm auk\u0161\u010dio ir 40 cm gylio komod\u0105. Erdvi forma, vainikuota keturi\u0173 dureli\u0173 ir dviej\u0173 stal\u010di\u0173, leid\u017eia lengvai laikyti visus kasdieniam gyvenimui reikalingus daiktus. Baldo korpusas ir priekin\u0117 dalis pagaminti i\u0161 laminuotos med\u017eio dro\u017eli\u0173 plok\u0161t\u0117s, o metalin\u0117s ranken\u0117l\u0117s kruop\u0161\u010diai kontrastuoja su \u0161iltu medienos atspalviu, suteikdamos komodai modernaus elegancijos.<\/p>","protected":false},"excerpt":{"rendered":"<p>Plotis (cm): 200,3<br \/>\n\u016agis (cm): 85,3<br \/>\nGylis (cm): 40<\/p>","protected":false},"featured_media":162364,"comment_status":"open","ping_status":"open","template":"","meta":[],"product_brand":[],"product_cat":[9464,1173,4107],"product_tag":[],"class_list":{"0":"post-162363","1":"product","2":"type-product","3":"status-publish","4":"has-post-thumbnail","6":"product_cat-furniture-system-perazzo-wojcik-meble","7":"product_cat-chests-of-drawers","8":"product_cat-meble-wojcik","10":"first","11":"instock","12":"purchasable","13":"product-type-simple"},"_links":{"self":[{"href":"https:\/\/baldumarket.lt\/lt\/wp-json\/wp\/v2\/product\/162363","targetHints":{"allow":["GET"]}}],"collection":[{"href":"https:\/\/baldumarket.lt\/lt\/wp-json\/wp\/v2\/product"}],"about":[{"href":"https:\/\/baldumarket.lt\/lt\/wp-json\/wp\/v2\/types\/product"}],"replies":[{"embeddable":true,"href":"https:\/\/baldumarket.lt\/lt\/wp-json\/wp\/v2\/comments?post=162363"}],"wp:featuredmedia":[{"embeddable":true,"href":"https:\/\/baldumarket.lt\/lt\/wp-json\/wp\/v2\/media\/162364"}],"wp:attachment":[{"href":"https:\/\/baldumarket.lt\/lt\/wp-json\/wp\/v2\/media?parent=162363"}],"wp:term":[{"taxonomy":"product_brand","embeddable":true,"href":"https:\/\/baldumarket.lt\/lt\/wp-json\/wp\/v2\/product_brand?post=162363"},{"taxonomy":"product_cat","embeddable":true,"href":"https:\/\/baldumarket.lt\/lt\/wp-json\/wp\/v2\/product_cat?post=162363"},{"taxonomy":"product_tag","embeddable":true,"href":"https:\/\/baldumarket.lt\/lt\/wp-json\/wp\/v2\/product_tag?post=162363"}],"curies":[{"name":"wp","href":"https:\/\/api.w.org\/{rel}","templated":true}]}}