{"id":162357,"date":"2025-12-19T12:11:19","date_gmt":"2025-12-19T09:11:19","guid":{"rendered":"https:\/\/baldumarket.lt\/product\/nubi-nubk01-komoda-3d1s-matera-ciemna-old-style\/"},"modified":"2026-04-06T19:46:10","modified_gmt":"2026-04-06T16:46:10","slug":"nubi-nubk01-komoda-3d1s-matera-ciemna-old-style","status":"publish","type":"product","link":"https:\/\/baldumarket.lt\/lt\/product\/nubi-nubk01-komoda-3d1s-matera-ciemna-old-style\/","title":{"rendered":"Nubi NUBK01 \u2013 Komoda 3D1S Tamsiai matin\u0117\/Senovinio stiliaus"},"content":{"rendered":"<p>Pristatome unikali\u0105 \u201eNubi NUBK01\u201c komod\u0105 \u2013 prakti\u0161kumo, stiliaus ir modernaus dizaino derin\u012f. I\u0161siskirianti individualiu charakteriu ir harmoningu \u201eMatera Dark\u201c bei \u201eOld Style\u201c motyv\u0173 deriniu, \u0161i komoda taps ne tik b\u016btinu daikt\u0173 laikymo elementu, bet ir pagrindiniu dizaino elementu bet kuriame kambaryje. \u201eNubi NUBK01\u201c komoda i\u0161 3D1S linijos yra 128 cm plo\u010dio, 84 cm auk\u0161\u010dio ir 42 cm gylio, tod\u0117l joje lengvai tilps viskas, ko reikia, neu\u017eimant per daug vietos. Ji pagaminta i\u0161 laminuotos plok\u0161t\u0117s, kurios nat\u016brali spalva ir eleganti\u0161ka juoda apdaila suteikia i\u0161skirtinio elegancijos ir ilgaam\u017ei\u0161kumo, b\u016bdingo industrinio stiliaus baldams. Auk\u0161tos kokyb\u0117s laminuota med\u017eio dro\u017eli\u0173 plok\u0161t\u0117, naudojama tiek korpuse, tiek priekyje, u\u017etikrina ne tik puik\u0173 patvarum\u0105, bet ir atsparum\u0105 \u012fbr\u0117\u017eimams, dr\u0117gmei ir auk\u0161tai temperat\u016brai, tod\u0117l komoda tarnaus jums ilgus metus. J\u0105 palaikyti nepriekai\u0161ting\u0105 \u0161var\u0105 yra itin paprasta, tod\u0117l ji ilgai i\u0161laikys pirmin\u0119 i\u0161vaizd\u0105.<\/p>","protected":false},"excerpt":{"rendered":"<p>Plotis (cm): 128<br \/>\n\u016agis (cm): 84<br \/>\nGylis (cm): 42<\/p>","protected":false},"featured_media":162358,"comment_status":"open","ping_status":"open","template":"","meta":[],"product_brand":[],"product_cat":[9462,1173,4107],"product_tag":[],"class_list":{"0":"post-162357","1":"product","2":"type-product","3":"status-publish","4":"has-post-thumbnail","6":"product_cat-furniture-system-nubi-wojcik-meble","7":"product_cat-chests-of-drawers","8":"product_cat-meble-wojcik","10":"first","11":"instock","12":"purchasable","13":"product-type-simple"},"_links":{"self":[{"href":"https:\/\/baldumarket.lt\/lt\/wp-json\/wp\/v2\/product\/162357","targetHints":{"allow":["GET"]}}],"collection":[{"href":"https:\/\/baldumarket.lt\/lt\/wp-json\/wp\/v2\/product"}],"about":[{"href":"https:\/\/baldumarket.lt\/lt\/wp-json\/wp\/v2\/types\/product"}],"replies":[{"embeddable":true,"href":"https:\/\/baldumarket.lt\/lt\/wp-json\/wp\/v2\/comments?post=162357"}],"wp:featuredmedia":[{"embeddable":true,"href":"https:\/\/baldumarket.lt\/lt\/wp-json\/wp\/v2\/media\/162358"}],"wp:attachment":[{"href":"https:\/\/baldumarket.lt\/lt\/wp-json\/wp\/v2\/media?parent=162357"}],"wp:term":[{"taxonomy":"product_brand","embeddable":true,"href":"https:\/\/baldumarket.lt\/lt\/wp-json\/wp\/v2\/product_brand?post=162357"},{"taxonomy":"product_cat","embeddable":true,"href":"https:\/\/baldumarket.lt\/lt\/wp-json\/wp\/v2\/product_cat?post=162357"},{"taxonomy":"product_tag","embeddable":true,"href":"https:\/\/baldumarket.lt\/lt\/wp-json\/wp\/v2\/product_tag?post=162357"}],"curies":[{"name":"wp","href":"https:\/\/api.w.org\/{rel}","templated":true}]}}