{"id":162351,"date":"2025-12-19T12:11:05","date_gmt":"2025-12-19T09:11:05","guid":{"rendered":"https:\/\/baldumarket.lt\/product\/novi-nvif01-komoda-rtv-2d1s-biala\/"},"modified":"2026-04-06T19:46:10","modified_gmt":"2026-04-06T16:46:10","slug":"novi-nvif01-komoda-rtv-2d1s-biala","status":"publish","type":"product","link":"https:\/\/baldumarket.lt\/lt\/product\/novi-nvif01-komoda-rtv-2d1s-biala\/","title":{"rendered":"Novi NVIF01 \u2013 TV spintel\u0117 2D1S balta"},"content":{"rendered":"<p>Atraskite i\u0161skirtin\u012f \u201eNovi NVIF01\u201c televizori\u0173 ir televizoriaus spintel\u0119, kuri i\u0161siskiria i\u0161 standartini\u0173 bald\u0173 savo elegancija ir funkcionalumu. \u0160is modernia estetika alsuojantis dizainas puikiai dera prie bet kurios svetain\u0117s, sukurdamas ne tik erdv\u0119 daiktams susid\u0117ti, bet ir reik\u0161ming\u0105 dekoratyvin\u012f element\u0105. \u0160io modelio matmenys \u2013 153,4 cm plo\u010dio, 65 cm auk\u0161\u010dio ir 42,2 cm gylio \u2013 buvo kruop\u0161\u010diai apgalvoti, siekiant u\u017etikrinti optimali\u0105 erdv\u0119 daiktams susid\u0117ti, i\u0161laikant grak\u0161ti\u0105 form\u0105, kuri neu\u017ego\u017eia kambario. Spintel\u0117s siluetas, universalios baltos spalvos, puikiai dera su \u012fvairiomis spalv\u0173 palet\u0117mis, tod\u0117l ji puikiai tinka tiek moderniam, tiek tradici\u0161kesniam interjerui. Pagaminta i\u0161 auk\u0161tos kokyb\u0117s med\u017eiag\u0173, toki\u0173 kaip laminuota plok\u0161t\u0117 ir MDF, ji garantuoja patvarum\u0105 ir ilgaam\u017ei\u0161kum\u0105. Laminatas apsaugo spintel\u0117s pavir\u0161i\u0173 nuo pa\u017eeidim\u0173 ir \u012fbr\u0117\u017eim\u0173, taip pat nuo dr\u0117gm\u0117s ir auk\u0161tos temperat\u016bros. MDF fasadai garantuoja eleganti\u0161k\u0105 apdail\u0105 ir tvirt\u0105 konstrukcij\u0105.<\/p>","protected":false},"excerpt":{"rendered":"<p>Plotis (cm): 153,4<br \/>\n\u016agis (cm): 65<br \/>\nGylis (cm): 42,2<\/p>","protected":false},"featured_media":162352,"comment_status":"open","ping_status":"open","template":"","meta":[],"product_brand":[],"product_cat":[9492,4107,1175],"product_tag":[],"class_list":{"0":"post-162351","1":"product","2":"type-product","3":"status-publish","4":"has-post-thumbnail","6":"product_cat-furniture-system-novi-wojcik-meble","7":"product_cat-meble-wojcik","8":"product_cat-tv-stands","10":"first","11":"instock","12":"purchasable","13":"product-type-simple"},"_links":{"self":[{"href":"https:\/\/baldumarket.lt\/lt\/wp-json\/wp\/v2\/product\/162351","targetHints":{"allow":["GET"]}}],"collection":[{"href":"https:\/\/baldumarket.lt\/lt\/wp-json\/wp\/v2\/product"}],"about":[{"href":"https:\/\/baldumarket.lt\/lt\/wp-json\/wp\/v2\/types\/product"}],"replies":[{"embeddable":true,"href":"https:\/\/baldumarket.lt\/lt\/wp-json\/wp\/v2\/comments?post=162351"}],"wp:featuredmedia":[{"embeddable":true,"href":"https:\/\/baldumarket.lt\/lt\/wp-json\/wp\/v2\/media\/162352"}],"wp:attachment":[{"href":"https:\/\/baldumarket.lt\/lt\/wp-json\/wp\/v2\/media?parent=162351"}],"wp:term":[{"taxonomy":"product_brand","embeddable":true,"href":"https:\/\/baldumarket.lt\/lt\/wp-json\/wp\/v2\/product_brand?post=162351"},{"taxonomy":"product_cat","embeddable":true,"href":"https:\/\/baldumarket.lt\/lt\/wp-json\/wp\/v2\/product_cat?post=162351"},{"taxonomy":"product_tag","embeddable":true,"href":"https:\/\/baldumarket.lt\/lt\/wp-json\/wp\/v2\/product_tag?post=162351"}],"curies":[{"name":"wp","href":"https:\/\/api.w.org\/{rel}","templated":true}]}}