{"id":162345,"date":"2025-12-19T12:10:52","date_gmt":"2025-12-19T09:10:52","guid":{"rendered":"https:\/\/baldumarket.lt\/product\/novi-nvik05-szafka-nocna-1s-biala\/"},"modified":"2026-04-06T19:46:10","modified_gmt":"2026-04-06T16:46:10","slug":"novi-nvik05-szafka-nocna-1s-biala","status":"publish","type":"product","link":"https:\/\/baldumarket.lt\/lt\/product\/novi-nvik05-szafka-nocna-1s-biala\/","title":{"rendered":"Novi NVIK05 \u2013 Naktinis staliukas 1S, baltas"},"content":{"rendered":"<p>Sukurtas galvojant apie subtili\u0105 elegancij\u0105 ir funkcionalum\u0105, \u201eNovi NVIK05 \u2013 1S\u201c baltas naktinis staliukas yra tobulas modernios estetikos ir komforto derinys. Kruop\u0161\u010diai parinkti matmenys \u2013 54 cm plo\u010dio, 46 cm auk\u0161\u010dio ir 42,2 cm gylio \u2013 leid\u017eia puikiai der\u0117ti prie daugumos miegam\u0173j\u0173 dizain\u0173, i\u0161laikant erdv\u0117s poj\u016bt\u012f. Pagamintas i\u0161 auk\u0161tos kokyb\u0117s med\u017eiag\u0173 \u2013 laminuotos plok\u0161t\u0117s ir MDF \u2013 \u0161is baldas yra labai patvarus ir lengvai valomas. Balta spintel\u0117 pasi\u017eymi universalumu ir nesenstan\u010diu charakteriu, kuris der\u0117s prie bet kokio interjero \u2013 nuo klasikinio iki ultramodernaus. Modernus \u201eNovi NVIK05\u201c stilius pabr\u0117\u017eia minimalizm\u0105 d\u0117l dizaino be ranken\u0117li\u0173. Tai leid\u017eia atlikti paprastus veiksmus, tokius kaip i\u0161lipimas i\u0161 lovos, dar patogiau \u2013 jums nebereikia jaudintis d\u0117l nemaloni\u0173 susid\u016brim\u0173 su i\u0161siki\u0161usiomis rankenomis.<\/p>","protected":false},"excerpt":{"rendered":"<p>Plotis (cm): 54<br \/>\n\u016agis (cm): 46<br \/>\nGylis (cm): 42,2<\/p>","protected":false},"featured_media":162346,"comment_status":"open","ping_status":"open","template":"","meta":[],"product_brand":[],"product_cat":[9492,1176,4107],"product_tag":[],"class_list":{"0":"post-162345","1":"product","2":"type-product","3":"status-publish","4":"has-post-thumbnail","6":"product_cat-furniture-system-novi-wojcik-meble","7":"product_cat-bedside-tables","8":"product_cat-meble-wojcik","10":"first","11":"instock","12":"purchasable","13":"product-type-simple"},"_links":{"self":[{"href":"https:\/\/baldumarket.lt\/lt\/wp-json\/wp\/v2\/product\/162345","targetHints":{"allow":["GET"]}}],"collection":[{"href":"https:\/\/baldumarket.lt\/lt\/wp-json\/wp\/v2\/product"}],"about":[{"href":"https:\/\/baldumarket.lt\/lt\/wp-json\/wp\/v2\/types\/product"}],"replies":[{"embeddable":true,"href":"https:\/\/baldumarket.lt\/lt\/wp-json\/wp\/v2\/comments?post=162345"}],"wp:featuredmedia":[{"embeddable":true,"href":"https:\/\/baldumarket.lt\/lt\/wp-json\/wp\/v2\/media\/162346"}],"wp:attachment":[{"href":"https:\/\/baldumarket.lt\/lt\/wp-json\/wp\/v2\/media?parent=162345"}],"wp:term":[{"taxonomy":"product_brand","embeddable":true,"href":"https:\/\/baldumarket.lt\/lt\/wp-json\/wp\/v2\/product_brand?post=162345"},{"taxonomy":"product_cat","embeddable":true,"href":"https:\/\/baldumarket.lt\/lt\/wp-json\/wp\/v2\/product_cat?post=162345"},{"taxonomy":"product_tag","embeddable":true,"href":"https:\/\/baldumarket.lt\/lt\/wp-json\/wp\/v2\/product_tag?post=162345"}],"curies":[{"name":"wp","href":"https:\/\/api.w.org\/{rel}","templated":true}]}}