{"id":162339,"date":"2025-12-19T12:10:39","date_gmt":"2025-12-19T09:10:39","guid":{"rendered":"https:\/\/baldumarket.lt\/product\/novi-nvik02-komoda-2-drzwiowa-biala\/"},"modified":"2026-04-06T19:46:01","modified_gmt":"2026-04-06T16:46:01","slug":"novi-nvik02-komoda-2-drzwiowa-biala","status":"publish","type":"product","link":"https:\/\/baldumarket.lt\/lt\/product\/novi-nvik02-komoda-2-drzwiowa-biala\/","title":{"rendered":"Novi NVIK02 \u2013 2 dur\u0173 komoda, balta"},"content":{"rendered":"<p>Atraskite funkcionalum\u0105 ir nesenstan\u010di\u0105 estetik\u0105 su nauj\u0105ja \u201eNovi NVIK02\u201c komoda. Sukurta \u0161viesi\u0173, gaivinan\u010di\u0173 erdvi\u0173 m\u0117g\u0117jams, \u0161i dvidur\u0117 komoda \u012fne\u0161 harmonijos ir tvarkos \u012f bet kok\u012f interjero dizain\u0105. Ji lengvai tiks moderniuose svetain\u0117se, miegamuosiuose ar stilinguose prie\u0161kambariuose ir taps ne tik prakti\u0161ku, bet ir ak\u012f traukian\u010diu nam\u0173 baldu. 92 cm plo\u010dio, 133 cm auk\u0161\u010dio ir 42,2 cm gylio \u201eNovi NVIK02\u201c buvo sukurta naudojant auk\u0161tos kokyb\u0117s med\u017eiagas, tokias kaip laminuota plok\u0161t\u0117 ir MDF. Balti fasadai, derantys su laminuot\u0173 med\u017eio dro\u017eli\u0173 plok\u0161\u010di\u0173 korpusais, sukuria vientis\u0105, darni\u0105 spalv\u0173 gam\u0105, kuri pagyvina ir atgaivina interjer\u0105. To paties baltos spalvos grioveliai suteikia komodai subtilaus gylio ir charakterio, i\u0161laikant minimalistin\u012f dizain\u0105. Modernus \u201eNovi NVIK02\u201c komodos stilius atsispindi ne tik spalv\u0173 gamoje, bet ir konstrukcin\u0117se detal\u0117se. Sistema be ranken\u0117li\u0173 yra novatori\u0161kas ir saugus sprendimas, leid\u017eiantis lengvai atidaryti duris, tod\u0117l nereikia tradicini\u0173 ranken\u0173. Tai ypa\u010d svarbu namuose su ma\u017eais vaikais, kur saugumas yra prioritetas. I\u0161man\u016bs pasl\u0117pti vyriai u\u017etikrina tyl\u0173 ir skland\u0173 dur\u0173 jud\u0117jim\u0105, o plastikin\u0117s kojel\u0117s \u2013 stabilum\u0105 ir grind\u0173 apsaug\u0105.<\/p>","protected":false},"excerpt":{"rendered":"<p>Plotis (cm): 92<br \/>\n\u016agis (cm): 133<br \/>\nGylis (cm): 42,2<\/p>","protected":false},"featured_media":162340,"comment_status":"open","ping_status":"open","template":"","meta":[],"product_brand":[],"product_cat":[9492,1173,4107],"product_tag":[],"class_list":{"0":"post-162339","1":"product","2":"type-product","3":"status-publish","4":"has-post-thumbnail","6":"product_cat-furniture-system-novi-wojcik-meble","7":"product_cat-chests-of-drawers","8":"product_cat-meble-wojcik","10":"first","11":"instock","12":"purchasable","13":"product-type-simple"},"_links":{"self":[{"href":"https:\/\/baldumarket.lt\/lt\/wp-json\/wp\/v2\/product\/162339","targetHints":{"allow":["GET"]}}],"collection":[{"href":"https:\/\/baldumarket.lt\/lt\/wp-json\/wp\/v2\/product"}],"about":[{"href":"https:\/\/baldumarket.lt\/lt\/wp-json\/wp\/v2\/types\/product"}],"replies":[{"embeddable":true,"href":"https:\/\/baldumarket.lt\/lt\/wp-json\/wp\/v2\/comments?post=162339"}],"wp:featuredmedia":[{"embeddable":true,"href":"https:\/\/baldumarket.lt\/lt\/wp-json\/wp\/v2\/media\/162340"}],"wp:attachment":[{"href":"https:\/\/baldumarket.lt\/lt\/wp-json\/wp\/v2\/media?parent=162339"}],"wp:term":[{"taxonomy":"product_brand","embeddable":true,"href":"https:\/\/baldumarket.lt\/lt\/wp-json\/wp\/v2\/product_brand?post=162339"},{"taxonomy":"product_cat","embeddable":true,"href":"https:\/\/baldumarket.lt\/lt\/wp-json\/wp\/v2\/product_cat?post=162339"},{"taxonomy":"product_tag","embeddable":true,"href":"https:\/\/baldumarket.lt\/lt\/wp-json\/wp\/v2\/product_tag?post=162339"}],"curies":[{"name":"wp","href":"https:\/\/api.w.org\/{rel}","templated":true}]}}