{"id":162333,"date":"2025-12-19T12:10:26","date_gmt":"2025-12-19T09:10:26","guid":{"rendered":"https:\/\/baldumarket.lt\/product\/novi-nvik04-komoda-3d3s-biala\/"},"modified":"2026-04-06T19:46:01","modified_gmt":"2026-04-06T16:46:01","slug":"novi-nvik04-komoda-3d3s-biala","status":"publish","type":"product","link":"https:\/\/baldumarket.lt\/lt\/product\/novi-nvik04-komoda-3d3s-biala\/","title":{"rendered":"Novi NVIK04 \u2013 Komoda su stal\u010diais 3D3S balta"},"content":{"rendered":"<p>Susipa\u017einkite su unikalia balta Novi NVIK04 komoda, i\u0161siskirian\u010dia elegancija ir funkcionalumu. \u0160is baldas yra 130 cm plo\u010dio, 92 cm auk\u0161\u010dio ir 42,2 cm gylio, pagamintas i\u0161 auk\u0161\u010diausios kokyb\u0117s med\u017eiag\u0173: laminuotos plok\u0161t\u0117s ir MDF, u\u017etikrinan\u010dios patvarum\u0105 ir atsparum\u0105 kasdieniam naudojimui. Jo modernus dizainas yra tiesiog nenugalimas, skland\u017eiai integruojantis \u012f bet kok\u012f interjer\u0105. D\u0117l modernaus komodos stiliaus ji puikiai tinka tiek minimalistiniam, tiek i\u0161rai\u0161kingesniam interjerui. Novi NVIK04 komoda pasi\u017eymi erdviu interjeru, kuris pad\u0117s jums efektyviai susitvarkyti namus. Trys erdv\u016bs stal\u010diai su pilno i\u0161traukimo sistema leid\u017eia lengvai pasiekti kiekvien\u0105 kampel\u012f, u\u017etikrinant patogum\u0105 ir taupant laik\u0105 kasdien naudojantis. Be to, komodoje yra prakti\u0161kos lentynos u\u017e u\u017edar\u0173 fasad\u0173, kurios suteikia puiki\u0105 galimyb\u0119 sutvarkyti ir pasl\u0117pti \u012fvairius daiktus \u2013 nuo drabu\u017ei\u0173 iki kit\u0173 nam\u0173 aksesuar\u0173.<\/p>","protected":false},"excerpt":{"rendered":"<p>Plotis (cm): 130<br \/>\n\u016agis (cm): 92<br \/>\nGylis (cm): 42,2<\/p>","protected":false},"featured_media":162334,"comment_status":"open","ping_status":"open","template":"","meta":[],"product_brand":[],"product_cat":[9492,1173,4107],"product_tag":[],"class_list":{"0":"post-162333","1":"product","2":"type-product","3":"status-publish","4":"has-post-thumbnail","6":"product_cat-furniture-system-novi-wojcik-meble","7":"product_cat-chests-of-drawers","8":"product_cat-meble-wojcik","10":"first","11":"instock","12":"purchasable","13":"product-type-simple"},"_links":{"self":[{"href":"https:\/\/baldumarket.lt\/lt\/wp-json\/wp\/v2\/product\/162333","targetHints":{"allow":["GET"]}}],"collection":[{"href":"https:\/\/baldumarket.lt\/lt\/wp-json\/wp\/v2\/product"}],"about":[{"href":"https:\/\/baldumarket.lt\/lt\/wp-json\/wp\/v2\/types\/product"}],"replies":[{"embeddable":true,"href":"https:\/\/baldumarket.lt\/lt\/wp-json\/wp\/v2\/comments?post=162333"}],"wp:featuredmedia":[{"embeddable":true,"href":"https:\/\/baldumarket.lt\/lt\/wp-json\/wp\/v2\/media\/162334"}],"wp:attachment":[{"href":"https:\/\/baldumarket.lt\/lt\/wp-json\/wp\/v2\/media?parent=162333"}],"wp:term":[{"taxonomy":"product_brand","embeddable":true,"href":"https:\/\/baldumarket.lt\/lt\/wp-json\/wp\/v2\/product_brand?post=162333"},{"taxonomy":"product_cat","embeddable":true,"href":"https:\/\/baldumarket.lt\/lt\/wp-json\/wp\/v2\/product_cat?post=162333"},{"taxonomy":"product_tag","embeddable":true,"href":"https:\/\/baldumarket.lt\/lt\/wp-json\/wp\/v2\/product_tag?post=162333"}],"curies":[{"name":"wp","href":"https:\/\/api.w.org\/{rel}","templated":true}]}}