{"id":162323,"date":"2025-12-19T12:10:04","date_gmt":"2025-12-19T09:10:04","guid":{"rendered":"https:\/\/baldumarket.lt\/product\/monaco-moak04-komoda-2d-5s-stirling-oak-czarna\/"},"modified":"2026-04-06T19:46:01","modified_gmt":"2026-04-06T16:46:01","slug":"monaco-moak04-komoda-2d-5s-stirling-oak-czarna","status":"publish","type":"product","link":"https:\/\/baldumarket.lt\/lt\/product\/monaco-moak04-komoda-2d-5s-stirling-oak-czarna\/","title":{"rendered":"Monaco MOAK04 &#8211; Komoda 2D-5S Stirling Oak\/Black"},"content":{"rendered":"<p>Kvie\u010diame atrasti unikal\u0173 bald\u0105, kuris savo funkcionalumu ir dizainu suteiks j\u016bs\u0173 interjerui prabangos ir elegancijos. Susipa\u017einkite su \u201eMonaco MOAK04\u201c komoda \u201eStirling Oak\u201c ir juodos spalvos atspalvi\u0173 \u2013 baldu, kuris su\u017eav\u0117s tuos, kurie m\u0117gsta modern\u0173 interjer\u0105 su klasikinio stiliaus prieskoniu. \u201eMonaco MOAK04\u201c komoda \u2013 tai tobula matmen\u0173 harmonija \u2013 155,5 cm plo\u010dio, 86,5 cm auk\u0161\u010dio ir 40 cm gylio \u2013 patenkins net ir reikliausi\u0173 vartotoj\u0173 poreikius. \u0160ilta \u201eStirling Oak\u201c spalva ir eleganti\u0161ka matin\u0117 juoda apdaila dekoruota baldo detal\u0117 traukia d\u0117mes\u012f ir tampa bet kurios erdv\u0117s traukos centru. Pagaminta i\u0161 auk\u0161\u010diausios kokyb\u0117s laminuotos plok\u0161t\u0117s ir MDF, \u0161i komoda garantuoja ne tik patvarum\u0105 ir stabilum\u0105, bet ir i\u0161skirtin\u012f komfort\u0105 kasdien naudojant. Jos laminuotos med\u017eio dro\u017eli\u0173 plok\u0161t\u0117s korpusas ir MDF fasadai yra atspar\u016bs pa\u017eeidimams, u\u017etikrinant ilgalaik\u012f malonum\u0105.<\/p>","protected":false},"excerpt":{"rendered":"<p>Plotis (cm): 155,5<br \/>\n\u016agis (cm): 86,5<br \/>\nGylis (cm): 40<\/p>","protected":false},"featured_media":162324,"comment_status":"open","ping_status":"open","template":"","meta":[],"product_brand":[],"product_cat":[9461,1173,4107],"product_tag":[],"class_list":{"0":"post-162323","1":"product","2":"type-product","3":"status-publish","4":"has-post-thumbnail","6":"product_cat-furniture-system-monaco-wojcik-meble","7":"product_cat-chests-of-drawers","8":"product_cat-meble-wojcik","10":"first","11":"instock","12":"purchasable","13":"product-type-simple"},"_links":{"self":[{"href":"https:\/\/baldumarket.lt\/lt\/wp-json\/wp\/v2\/product\/162323","targetHints":{"allow":["GET"]}}],"collection":[{"href":"https:\/\/baldumarket.lt\/lt\/wp-json\/wp\/v2\/product"}],"about":[{"href":"https:\/\/baldumarket.lt\/lt\/wp-json\/wp\/v2\/types\/product"}],"replies":[{"embeddable":true,"href":"https:\/\/baldumarket.lt\/lt\/wp-json\/wp\/v2\/comments?post=162323"}],"wp:featuredmedia":[{"embeddable":true,"href":"https:\/\/baldumarket.lt\/lt\/wp-json\/wp\/v2\/media\/162324"}],"wp:attachment":[{"href":"https:\/\/baldumarket.lt\/lt\/wp-json\/wp\/v2\/media?parent=162323"}],"wp:term":[{"taxonomy":"product_brand","embeddable":true,"href":"https:\/\/baldumarket.lt\/lt\/wp-json\/wp\/v2\/product_brand?post=162323"},{"taxonomy":"product_cat","embeddable":true,"href":"https:\/\/baldumarket.lt\/lt\/wp-json\/wp\/v2\/product_cat?post=162323"},{"taxonomy":"product_tag","embeddable":true,"href":"https:\/\/baldumarket.lt\/lt\/wp-json\/wp\/v2\/product_tag?post=162323"}],"curies":[{"name":"wp","href":"https:\/\/api.w.org\/{rel}","templated":true}]}}