{"id":162318,"date":"2025-12-19T12:09:54","date_gmt":"2025-12-19T09:09:54","guid":{"rendered":"https:\/\/baldumarket.lt\/product\/monaco-moak02l-szafka-nocna-lewostronna-1s-stirling-oak-czarna\/"},"modified":"2026-04-06T19:46:01","modified_gmt":"2026-04-06T16:46:01","slug":"monaco-moak02l-szafka-nocna-lewostronna-1s-stirling-oak-czarna","status":"publish","type":"product","link":"https:\/\/baldumarket.lt\/lt\/product\/monaco-moak02l-szafka-nocna-lewostronna-1s-stirling-oak-czarna\/","title":{"rendered":"\u201eMonaco MOAK02L\u201c \u2013 kairinis naktinis staliukas, 1S, Stirling \u0105\u017euolas\/juoda"},"content":{"rendered":"<p>Atraskite i\u0161skirtin\u012f elegancijos ir funkcionalumo derin\u012f su m\u016bs\u0173 \u201eMonaco MOAK02L\u201c naktiniu staliuku, kuris suteiks j\u016bs\u0173 miegamajam unikalumo. Komod\u0173 kategorija pasipild\u0117 brangakmeniu, kuris puikiai atitinka bald\u0173, pasi\u017eymin\u010di\u0173 moderniu dizainu ir klasikiniu tvirtumu, poreikius. \u201eMonaco MOAK02L\u201c naktinis staliukas yra 44,8 cm plo\u010dio, 76 cm auk\u0161\u010dio ir 34 cm gylio, tod\u0117l tai kompakti\u0161kas, ta\u010diau erdvus baldas. Apdaila Stirlingo \u0105\u017euolo mediena su juodais akcentais sukuria ry\u0161ki\u0105 tem\u0105, kuri dera su \u012fvairiais miegam\u0173j\u0173 dizainais \u2013 nuo industrinio iki modernaus, minimalistinio stiliaus. \u201eMonaco\u201c naktinio staliuko laminuotos plok\u0161t\u0117s konstrukcija su MDF priekine dalimi garantuoja patvarum\u0105 ir atsparum\u0105 kasdieniam naudojimui, i\u0161laikant nat\u016brali\u0105 medienos estetik\u0105. Stirlingo \u0105\u017euolas, naudojamas korpuso ir priekio konstrukcijoje, sukuria subtil\u0173 artumo gamtai poj\u016bt\u012f, \u012f miegam\u0105j\u012f atne\u0161damas \u0161ilumos ir ramyb\u0117s.<\/p>","protected":false},"excerpt":{"rendered":"<p>Plotis (cm): 44,8<br \/>\n\u016agis (cm): 76<br \/>\nGylis (cm): 34<\/p>","protected":false},"featured_media":162319,"comment_status":"open","ping_status":"open","template":"","meta":[],"product_brand":[],"product_cat":[9461,1176,4107],"product_tag":[],"class_list":{"0":"post-162318","1":"product","2":"type-product","3":"status-publish","4":"has-post-thumbnail","6":"product_cat-furniture-system-monaco-wojcik-meble","7":"product_cat-bedside-tables","8":"product_cat-meble-wojcik","10":"first","11":"instock","12":"purchasable","13":"product-type-simple"},"_links":{"self":[{"href":"https:\/\/baldumarket.lt\/lt\/wp-json\/wp\/v2\/product\/162318","targetHints":{"allow":["GET"]}}],"collection":[{"href":"https:\/\/baldumarket.lt\/lt\/wp-json\/wp\/v2\/product"}],"about":[{"href":"https:\/\/baldumarket.lt\/lt\/wp-json\/wp\/v2\/types\/product"}],"replies":[{"embeddable":true,"href":"https:\/\/baldumarket.lt\/lt\/wp-json\/wp\/v2\/comments?post=162318"}],"wp:featuredmedia":[{"embeddable":true,"href":"https:\/\/baldumarket.lt\/lt\/wp-json\/wp\/v2\/media\/162319"}],"wp:attachment":[{"href":"https:\/\/baldumarket.lt\/lt\/wp-json\/wp\/v2\/media?parent=162318"}],"wp:term":[{"taxonomy":"product_brand","embeddable":true,"href":"https:\/\/baldumarket.lt\/lt\/wp-json\/wp\/v2\/product_brand?post=162318"},{"taxonomy":"product_cat","embeddable":true,"href":"https:\/\/baldumarket.lt\/lt\/wp-json\/wp\/v2\/product_cat?post=162318"},{"taxonomy":"product_tag","embeddable":true,"href":"https:\/\/baldumarket.lt\/lt\/wp-json\/wp\/v2\/product_tag?post=162318"}],"curies":[{"name":"wp","href":"https:\/\/api.w.org\/{rel}","templated":true}]}}