{"id":162313,"date":"2025-12-19T12:09:42","date_gmt":"2025-12-19T09:09:42","guid":{"rendered":"https:\/\/baldumarket.lt\/product\/monaco-moak02p-szafka-nocna-prawostronna-1s-stirling-oak-czarna\/"},"modified":"2026-04-06T19:46:01","modified_gmt":"2026-04-06T16:46:01","slug":"monaco-moak02p-szafka-nocna-prawostronna-1s-stirling-oak-czarna","status":"publish","type":"product","link":"https:\/\/baldumarket.lt\/lt\/product\/monaco-moak02p-szafka-nocna-prawostronna-1s-stirling-oak-czarna\/","title":{"rendered":"\u201eMonaco MOAK02P\u201c \u2013 de\u0161inysis naktinis staliukas, 1S, Stirling \u0105\u017euolas\/juoda"},"content":{"rendered":"<p>Pristatome funkcional\u0173 ir stiling\u0105 \u2019Monaco MOAK02P\u201c naktin\u012f staliuk\u0105 i\u0161 \u201eStirling Oak\u201c medienos su eleganti\u0161komis juodomis detal\u0117mis \u2013 jis puikiai papildys modern\u0173 miegam\u0105j\u012f. \u0160i unikali komoda, kurios plotis \u2013 44,8 cm, auk\u0161tis \u2013 76 cm, o gylis \u2013 34 cm, yra rafinuoto dizaino ir paprasto naudojimo sinonimas. Pagaminta i\u0161 auk\u0161\u010diausios kokyb\u0117s laminuotos plok\u0161t\u0117s su MDF fasadais, \u201eMonaco\u201c naktinis staliukas u\u017etikrina patvarum\u0105 ir prabangi\u0105 i\u0161vaizd\u0105. Med\u017eiag\u0173 atsparumas \u012fbr\u0117\u017eimams ir lengvas valymas u\u017etikrina, kad \u0161is baldas daugel\u012f met\u0173 i\u0161liks nepriekai\u0161tingos b\u016bkl\u0117s. \u201eStirling Oak\u201c medienos apdaila ir tamsiai juodas fasadas sukuria unikali\u0105 spalv\u0173 ir tekst\u016br\u0173 harmonij\u0105, suteikian\u010di\u0105 visai konstrukcijai eleganti\u0161k\u0105 charakter\u012f. \u201eMonaco\u201c naktinis staliukas pasi\u017eymi moderniu stiliumi, kuris skland\u017eiai integruosis \u012f \u0161iuolaikin\u012f interjer\u0105. Modern\u0173 dizain\u0105 dar labiau sustiprina metalin\u0117s rankenos, kurios yra ne tik prakti\u0161kos, bet ir ry\u0161kus dekoratyvinis elementas. Komforto lyg\u012f \u017eymiai padidina stal\u010diaus \u0161velnaus u\u017edarymo sistema, u\u017etikrinanti tyl\u0173 ir \u0161veln\u0173 u\u017edarym\u0105.<\/p>","protected":false},"excerpt":{"rendered":"<p>Plotis (cm): 44,8<br \/>\n\u016agis (cm): 76<br \/>\nGylis (cm): 34<\/p>","protected":false},"featured_media":162314,"comment_status":"open","ping_status":"open","template":"","meta":[],"product_brand":[],"product_cat":[9461,1176,4107],"product_tag":[],"class_list":{"0":"post-162313","1":"product","2":"type-product","3":"status-publish","4":"has-post-thumbnail","6":"product_cat-furniture-system-monaco-wojcik-meble","7":"product_cat-bedside-tables","8":"product_cat-meble-wojcik","10":"first","11":"instock","12":"purchasable","13":"product-type-simple"},"_links":{"self":[{"href":"https:\/\/baldumarket.lt\/lt\/wp-json\/wp\/v2\/product\/162313","targetHints":{"allow":["GET"]}}],"collection":[{"href":"https:\/\/baldumarket.lt\/lt\/wp-json\/wp\/v2\/product"}],"about":[{"href":"https:\/\/baldumarket.lt\/lt\/wp-json\/wp\/v2\/types\/product"}],"replies":[{"embeddable":true,"href":"https:\/\/baldumarket.lt\/lt\/wp-json\/wp\/v2\/comments?post=162313"}],"wp:featuredmedia":[{"embeddable":true,"href":"https:\/\/baldumarket.lt\/lt\/wp-json\/wp\/v2\/media\/162314"}],"wp:attachment":[{"href":"https:\/\/baldumarket.lt\/lt\/wp-json\/wp\/v2\/media?parent=162313"}],"wp:term":[{"taxonomy":"product_brand","embeddable":true,"href":"https:\/\/baldumarket.lt\/lt\/wp-json\/wp\/v2\/product_brand?post=162313"},{"taxonomy":"product_cat","embeddable":true,"href":"https:\/\/baldumarket.lt\/lt\/wp-json\/wp\/v2\/product_cat?post=162313"},{"taxonomy":"product_tag","embeddable":true,"href":"https:\/\/baldumarket.lt\/lt\/wp-json\/wp\/v2\/product_tag?post=162313"}],"curies":[{"name":"wp","href":"https:\/\/api.w.org\/{rel}","templated":true}]}}