{"id":162309,"date":"2025-12-19T12:09:33","date_gmt":"2025-12-19T09:09:33","guid":{"rendered":"https:\/\/baldumarket.lt\/product\/merano-meok02-komoda-1d3s-biala\/"},"modified":"2026-04-06T19:46:01","modified_gmt":"2026-04-06T16:46:01","slug":"merano-meok02-komoda-1d3s-biala","status":"publish","type":"product","link":"https:\/\/baldumarket.lt\/lt\/product\/merano-meok02-komoda-1d3s-biala\/","title":{"rendered":"Merano MEOK02 &#8211; Komoda 1D3S Balta"},"content":{"rendered":"<p>Merano MEOK02 \u2013 1D3S balta komoda \u2013 tai rafinuotas baldas, kuris harmoningai der\u0117s prie j\u016bs\u0173 nam\u0173, suteikdamas jiems modern\u0173, bet kartu ir \u0161ilt\u0105 charakter\u012f. Sukurtas galvojant apie reikliausius vartotojus, jis derina novatori\u0161k\u0105 dizain\u0105 su kasdieniam naudojimui b\u016btinu funkcionalumu.<br \/>\n\u0160i \u201eMerano\u201c komoda yra kompakti\u0161k\u0173 matmen\u0173: plotis 95,9 cm, auk\u0161tis 86 cm ir gylis 39 cm, tod\u0117l puikiai tinka interjerui, kuriame kiekvienas centimetras yra vertinamas. Pagaminta i\u0161 auk\u0161tos kokyb\u0117s med\u017eiag\u0173, toki\u0173 kaip laminuota plok\u0161t\u0117 ir MDF, ji garantuoja patvarum\u0105 ir ilgaam\u017ei\u0161kum\u0105.<br \/>\nBalta spalva ne tik sukuria lengvumo ir gaivumo atmosfer\u0105, bet ir vizualiai padidina kambar\u012f, tapdama puikiu fonu kitiems dekoro elementams. \u0160vari, be detali\u0173 \u201eMerano\u201c komodos forma pabr\u0117\u017eia jos modern\u0173 charakter\u012f ir leid\u017eia jai der\u0117ti prie \u012fvairi\u0173 interjer\u0173 \u2013 nuo vis\u0173 laik\u0173 pam\u0117gto \u201eHamptons\u201c stiliaus iki blizgan\u010dio \u017eavesio ir sant\u016braus modernumo. J\u016bs stovite prie\u0161ais multimedijos pasauliui sukurt\u0105 bald\u0105. Komoda su trimis stal\u010diais ant prakti\u0161k\u0173 rutulini\u0173 guoli\u0173 b\u0117geli\u0173 si\u016blo daug vietos daiktams susid\u0117ti, u\u017etikrindama tvark\u0105 ir lengv\u0105 prieig\u0105 prie da\u017enai naudojam\u0173 daikt\u0173. Papildomos vien\u0173 dureli\u0173 priekin\u0117 dalis su blizgia MDF plok\u0161te suteikia spintelei blizgesio ir presti\u017eo, kartu padidindama prakti\u0161kum\u0105 \u2013 joje galite laikyti didesnius aksesuarus, kuriuos norite tur\u0117ti po ranka.<\/p>\n<p>Minimalistin\u0117s plastikin\u0117s rankenos puikiai papildo bendr\u0105 indaujas, subtiliai pabr\u0117\u017edamos jos modernistin\u012f charakter\u012f. Be to, laminuotos med\u017eio dro\u017eli\u0173 plok\u0161t\u0117s korpusas suteikia tvirt\u0105, gra\u017e\u0173 ir patvar\u0173 pagrind\u0105. Plastikin\u0117s kojel\u0117s apsaugo grindis nuo \u012fbr\u0117\u017eim\u0173 ir leid\u017eia bald\u0105 lengvai perkelti.<\/p>\n<p>\u201eMerano MEOK02\u201c \u2013 tai ne tik indauja; tai j\u016bs\u0173 puikaus skonio ir estetikos poj\u016b\u010dio pavyzdys. Pastatykite j\u0105 savo prie\u0161kambaryje, svetain\u0117je ar net miegamajame ir m\u0117gaukit\u0117s jos funkcionalumu bei nepalau\u017eiama elegancija, kuri\u0105 ji suteikia bet kokiam interjerui. Jos universalumas leid\u017eia laisvai derinti j\u0105 su kitais baldais, tokiais kaip nat\u016bralus akmuo, mediena ar tekstil\u0117, nepriklausomai nuo j\u0173 spalvos. Pasirinkite \u201eMerano MEOK02\u201c komod\u0105 ir sukurkite erdv\u0119, kurioje kiekviena detal\u0117 tur\u0117t\u0173 savo viet\u0105.<\/p>","protected":false},"excerpt":{"rendered":"<p>Plotis (cm): 95,9<br \/>\n\u016agis (cm): 86<br \/>\nGylis (cm): 39<\/p>","protected":false},"featured_media":162310,"comment_status":"open","ping_status":"open","template":"","meta":[],"product_brand":[],"product_cat":[9490,1173,4107],"product_tag":[],"class_list":{"0":"post-162309","1":"product","2":"type-product","3":"status-publish","4":"has-post-thumbnail","6":"product_cat-furniture-system-merano-wojcik-meble","7":"product_cat-chests-of-drawers","8":"product_cat-meble-wojcik","10":"first","11":"instock","12":"purchasable","13":"product-type-simple"},"_links":{"self":[{"href":"https:\/\/baldumarket.lt\/lt\/wp-json\/wp\/v2\/product\/162309","targetHints":{"allow":["GET"]}}],"collection":[{"href":"https:\/\/baldumarket.lt\/lt\/wp-json\/wp\/v2\/product"}],"about":[{"href":"https:\/\/baldumarket.lt\/lt\/wp-json\/wp\/v2\/types\/product"}],"replies":[{"embeddable":true,"href":"https:\/\/baldumarket.lt\/lt\/wp-json\/wp\/v2\/comments?post=162309"}],"wp:featuredmedia":[{"embeddable":true,"href":"https:\/\/baldumarket.lt\/lt\/wp-json\/wp\/v2\/media\/162310"}],"wp:attachment":[{"href":"https:\/\/baldumarket.lt\/lt\/wp-json\/wp\/v2\/media?parent=162309"}],"wp:term":[{"taxonomy":"product_brand","embeddable":true,"href":"https:\/\/baldumarket.lt\/lt\/wp-json\/wp\/v2\/product_brand?post=162309"},{"taxonomy":"product_cat","embeddable":true,"href":"https:\/\/baldumarket.lt\/lt\/wp-json\/wp\/v2\/product_cat?post=162309"},{"taxonomy":"product_tag","embeddable":true,"href":"https:\/\/baldumarket.lt\/lt\/wp-json\/wp\/v2\/product_tag?post=162309"}],"curies":[{"name":"wp","href":"https:\/\/api.w.org\/{rel}","templated":true}]}}