{"id":162305,"date":"2025-12-19T12:09:26","date_gmt":"2025-12-19T09:09:26","guid":{"rendered":"https:\/\/baldumarket.lt\/product\/merano-meok01-komoda-2d3s-biala\/"},"modified":"2026-04-06T19:46:01","modified_gmt":"2026-04-06T16:46:01","slug":"merano-meok01-komoda-2d3s-biala","status":"publish","type":"product","link":"https:\/\/baldumarket.lt\/lt\/product\/merano-meok01-komoda-2d3s-biala\/","title":{"rendered":"Merano MEOK01 &#8211; Komoda 2D3S Balta"},"content":{"rendered":"<p>Pristatome Jums nepakei\u010diam\u0105 \u201eMerano MEOK01\u201c komod\u0105, kurios plotis \u2013 143,8 cm, auk\u0161tis \u2013 86 cm, o gylis \u2013 39 cm. Ji puikiai papildys bet kurio modernaus prie\u0161kambario estetik\u0105. Sukurta taip, kad patenkint\u0173 net ir reikliausi\u0173 vartotoj\u0173 l\u016bkes\u010dius ne tik d\u0117l prakti\u0161ko dizaino, bet ir d\u0117l i\u0161skirtinio funkcionalumo.<\/p>\n<p>\u201eMerano MEOK01\u201c yra elegancijos ir minimalizmo sinonimas, pasirei\u0161kiantis tiek paprasta forma, tiek nepriekai\u0161tinga balta apdaila. Jos gamyboje naudojamos patvarios laminato plok\u0161t\u0117s ir MDF plok\u0161t\u0117s, tod\u0117l \u0161is baldas yra labai atsparus kasdieniam naudojimui. Ry\u0161kiai baltos blizgios MDF fasadai ne tik suteikia komodai modernumo, bet ir leid\u017eia j\u0105 lengvai pri\u017ei\u016br\u0117ti, o tai ne\u012fkainojama da\u017enai naudojamiems baldams.<\/p>\n<p>\u201eMerano MEOK01\u201c komoda turi dvejas dureles ir tris erdvius stal\u010dius, suteikian\u010dius daug vietos daiktams susid\u0117ti. Stal\u010diai apr\u016bpinti auk\u0161tos kokyb\u0117s rutuliniais guoliais, u\u017etikrinan\u010diais skland\u0173 ir tyl\u0173 veikim\u0105. Pasl\u0117pti dureli\u0173 vyriai ir paprastos plastikin\u0117s ranken\u0117l\u0117s u\u017etikrina patogum\u0105 ir suteikia modernumo.<br \/>\nLaminuotos med\u017eio dro\u017eli\u0173 plok\u0161t\u0117s panaudojimas spintel\u0117s korpusui, MDF fasadams ir plastikin\u0117ms kojel\u0117ms \u2013 puikus med\u017eiag\u0173 derinys, u\u017etikrinantis patvarum\u0105 ir stabilum\u0105. Balta apdaila suteikia spintelei lengvumo ir gaivumo, tod\u0117l ji tinka tiek erdviuose, tiek ma\u017eesniuose koridoriuose, kur lengvai der\u0117s prie bet kokio interjero, suteikdama jai klasikin\u0117s elegancijos.<br \/>\n\u201eMerano MEOK01\u201c komoda \u2013 tai baldas, puikiai tinkantis ne tik koridoriui. D\u0117l savo universalumo ji tinka ir svetain\u0117ms bei miegamiesiems. Ergonomi\u0161ki matmenys, apgalvotas dizainas ir erdvus interjeras u\u017etikrina, kad kiekvienas erdv\u0117s centimetras b\u016bt\u0173 i\u0161naudotas maksimaliai efektyviai. Derinkite komod\u0105 MEOK01 su \u201eMerano\u201c kolekcijos veidrod\u017eiais ir prabangiais aksesuarais, kad sukurtum\u0117te unikal\u0173, \u017eaving\u0105 i\u0161d\u0117stym\u0105. \u012etraukus j\u0105 \u012f minimalistin\u012f interjer\u0105, sukursite apgalvoto, paprasto gro\u017eio atmosfer\u0105. Nepriklausomai nuo pasirinkto dizaino kelio, \u201eMerano MEOK01\u201c komoda taps bet kurio interjero traukos centru, suteikdama rafinuoto stiliaus.<\/p>","protected":false},"excerpt":{"rendered":"<p>Plotis (cm): 143,8<br \/>\n\u016agis (cm): 86<br \/>\nGylis (cm): 39<\/p>","protected":false},"featured_media":162306,"comment_status":"open","ping_status":"open","template":"","meta":[],"product_brand":[],"product_cat":[9490,1173,4107],"product_tag":[],"class_list":{"0":"post-162305","1":"product","2":"type-product","3":"status-publish","4":"has-post-thumbnail","6":"product_cat-furniture-system-merano-wojcik-meble","7":"product_cat-chests-of-drawers","8":"product_cat-meble-wojcik","10":"first","11":"instock","12":"purchasable","13":"product-type-simple"},"_links":{"self":[{"href":"https:\/\/baldumarket.lt\/lt\/wp-json\/wp\/v2\/product\/162305","targetHints":{"allow":["GET"]}}],"collection":[{"href":"https:\/\/baldumarket.lt\/lt\/wp-json\/wp\/v2\/product"}],"about":[{"href":"https:\/\/baldumarket.lt\/lt\/wp-json\/wp\/v2\/types\/product"}],"replies":[{"embeddable":true,"href":"https:\/\/baldumarket.lt\/lt\/wp-json\/wp\/v2\/comments?post=162305"}],"wp:featuredmedia":[{"embeddable":true,"href":"https:\/\/baldumarket.lt\/lt\/wp-json\/wp\/v2\/media\/162306"}],"wp:attachment":[{"href":"https:\/\/baldumarket.lt\/lt\/wp-json\/wp\/v2\/media?parent=162305"}],"wp:term":[{"taxonomy":"product_brand","embeddable":true,"href":"https:\/\/baldumarket.lt\/lt\/wp-json\/wp\/v2\/product_brand?post=162305"},{"taxonomy":"product_cat","embeddable":true,"href":"https:\/\/baldumarket.lt\/lt\/wp-json\/wp\/v2\/product_cat?post=162305"},{"taxonomy":"product_tag","embeddable":true,"href":"https:\/\/baldumarket.lt\/lt\/wp-json\/wp\/v2\/product_tag?post=162305"}],"curies":[{"name":"wp","href":"https:\/\/api.w.org\/{rel}","templated":true}]}}