{"id":162299,"date":"2025-12-19T12:09:13","date_gmt":"2025-12-19T09:09:13","guid":{"rendered":"https:\/\/baldumarket.lt\/product\/lyon-lyok01-komoda-2d3s-dab-riviera-jasna-biala\/"},"modified":"2026-02-08T17:54:59","modified_gmt":"2026-02-08T14:54:59","slug":"lyon-lyok01-komoda-2d3s-dab-riviera-jasna-biala","status":"publish","type":"product","link":"https:\/\/baldumarket.lt\/lt\/product\/lyon-lyok01-komoda-2d3s-dab-riviera-jasna-biala\/","title":{"rendered":"Lionas LYOK01 \u2013 Komoda 2D3S Riviera Oak \u0161viesi\/balta"},"content":{"rendered":"<p>Pristatome \u2019Lyon LYOK01\u201c komod\u0105 \u2013 i\u0161skirtin\u012f bald\u0105, kuris j\u016bs\u0173 gyvenamajai erdvei suteiks gaivumo ir elegancijos. Darnus \u0161viesaus \u201eRiviera Oak\u201c ir klasikin\u0117s baltos spalv\u0173 derinys patenkins net ir i\u0161rankiausius estetus. Unikal\u016bs matmenys \u2013 157,6 cm plo\u010dio, 89,1 cm auk\u0161\u010dio ir 42 cm gylio \u2013 u\u017etikrina puiki\u0105 talp\u0105 ir optimal\u0173 suderinamum\u0105 su \u012fvairiais interjero dizainais. Kaip organizacinis akcentas, \u0161i komoda puikiai tiks ne tik erdviai svetainei, bet ir eleganti\u0161kam biurui ar jaukiam miegamajam. Pagrindiniai komodos \u201eLYOK01\u201c privalumai \u2013 prakti\u0161kumas ir ilgaam\u017ei\u0161kumas, pagaminta i\u0161 auk\u0161tos kokyb\u0117s laminuotos plok\u0161t\u0117s. \u0160i med\u017eiaga, atspari \u012fbr\u0117\u017eimams, dr\u0117gmei ir auk\u0161tai temperat\u016brai, u\u017etikrina, kad baldas tarnaus ilgus metus, i\u0161laikydamas nepriekai\u0161ting\u0105 i\u0161vaizd\u0105. Laminuotos med\u017eio dro\u017eli\u0173 plok\u0161t\u0117s fasad\u0173 ir korpuso derinys garantuoja harmoning\u0105 dizain\u0105 ir ilgaam\u017ei\u0161kum\u0105 kasdieniam naudojimui.<\/p>","protected":false},"excerpt":{"rendered":"<p>Plotis (cm): 157,6<br \/>\n\u016agis (cm): 89,1<br \/>\nGylis (cm): 42<\/p>","protected":false},"featured_media":162300,"comment_status":"open","ping_status":"open","template":"","meta":[],"product_brand":[],"product_cat":[9488,1173,4107],"product_tag":[],"class_list":{"0":"post-162299","1":"product","2":"type-product","3":"status-publish","4":"has-post-thumbnail","6":"product_cat-furniture-system-lyon-bright-wojcik-meble","7":"product_cat-chests-of-drawers","8":"product_cat-meble-wojcik","10":"first","11":"instock","12":"purchasable","13":"product-type-simple"},"_links":{"self":[{"href":"https:\/\/baldumarket.lt\/lt\/wp-json\/wp\/v2\/product\/162299","targetHints":{"allow":["GET"]}}],"collection":[{"href":"https:\/\/baldumarket.lt\/lt\/wp-json\/wp\/v2\/product"}],"about":[{"href":"https:\/\/baldumarket.lt\/lt\/wp-json\/wp\/v2\/types\/product"}],"replies":[{"embeddable":true,"href":"https:\/\/baldumarket.lt\/lt\/wp-json\/wp\/v2\/comments?post=162299"}],"wp:featuredmedia":[{"embeddable":true,"href":"https:\/\/baldumarket.lt\/lt\/wp-json\/wp\/v2\/media\/162300"}],"wp:attachment":[{"href":"https:\/\/baldumarket.lt\/lt\/wp-json\/wp\/v2\/media?parent=162299"}],"wp:term":[{"taxonomy":"product_brand","embeddable":true,"href":"https:\/\/baldumarket.lt\/lt\/wp-json\/wp\/v2\/product_brand?post=162299"},{"taxonomy":"product_cat","embeddable":true,"href":"https:\/\/baldumarket.lt\/lt\/wp-json\/wp\/v2\/product_cat?post=162299"},{"taxonomy":"product_tag","embeddable":true,"href":"https:\/\/baldumarket.lt\/lt\/wp-json\/wp\/v2\/product_tag?post=162299"}],"curies":[{"name":"wp","href":"https:\/\/api.w.org\/{rel}","templated":true}]}}