{"id":162293,"date":"2025-12-19T12:08:59","date_gmt":"2025-12-19T09:08:59","guid":{"rendered":"https:\/\/baldumarket.lt\/product\/lyon-lyok02-komoda-3-drzwiowa-dab-riviera-jasna-biala\/"},"modified":"2026-02-08T17:54:59","modified_gmt":"2026-02-08T14:54:59","slug":"lyon-lyok02-komoda-3-drzwiowa-dab-riviera-jasna-biala","status":"publish","type":"product","link":"https:\/\/baldumarket.lt\/lt\/product\/lyon-lyok02-komoda-3-drzwiowa-dab-riviera-jasna-biala\/","title":{"rendered":"Lionas LYOK02 \u2013 3 dur\u0173 \u201eRiviera Oak\u201c komoda, \u0161viesi\/balta"},"content":{"rendered":"<p>Leiskite man pristatyti nepaprast\u0105 funkcionalumo ir modernaus dizaino derin\u012f viename balde \u2013 \u201eLyon LYOK02\u201c komod\u0105 \u0161viesaus \u201eRiviera Oak\u201c spalvos su baltais akcentais. \u0160is baldas meistri\u0161kai derina nesenstan\u010di\u0105 estetik\u0105 su novatori\u0161kais sprendimais, sukurtais galvojant apie reikliausius vartotojus. D\u0117l savo matmen\u0173 (plotis: 157,6 cm, auk\u0161tis: 89,1 cm, gylis: 42 cm) \u0161i komoda puikiai tiks j\u016bs\u0173 svetain\u0117je, miegamajame ar net prie\u0161kambaryje. Madinga \u201eLyon LYOK02\u201c komoda pagaminta i\u0161 auk\u0161tos kokyb\u0117s laminuotos plok\u0161t\u0117s, kuri garantuoja atsparum\u0105 \u012fbr\u0117\u017eimams, pa\u017eeidimams, dr\u0117gmei ir auk\u0161tai temperat\u016brai. \u0160ios savyb\u0117s u\u017etikrina, kad komoda LYOK02 tarnaus ilgus metus, i\u0161laikant auk\u0161\u010diausios kokyb\u0117s estetines savybes. Komodos vir\u0161us yra patvarus ir puikiai tinka \u0161eimos nuotraukoms, g\u0117li\u0173 vazoms ar kitiems dekoratyviniams akcentams eksponuoti. Komoda LYOK02 turi tris duris \u2013 vienas pilnas ir dvi dalinai \u012fstiklintas \u2013 ir turi sistem\u0105 be ranken\u0117li\u0173, kuri pabr\u0117\u017eia jos modern\u0173 charakter\u012f. Durys turi \u0161velniai u\u017esidaran\u010dius vyrius, o stal\u010diai \u2013 b\u0117gelius, kurie leid\u017eia patogiai ir be triuk\u0161mo naudotis. Komplekte taip pat yra integruotas LED blykst\u0117s ap\u0161vietimas, kuris subtiliai i\u0161ry\u0161kina komodos ypatybes ir sukuria unikali\u0105 atmosfer\u0105 kambaryje.<\/p>","protected":false},"excerpt":{"rendered":"<p>Plotis (cm): 157,6<br \/>\n\u016agis (cm): 89,1<br \/>\nGylis (cm): 42<\/p>","protected":false},"featured_media":162294,"comment_status":"open","ping_status":"open","template":"","meta":[],"product_brand":[],"product_cat":[9488,1173,4107],"product_tag":[],"class_list":{"0":"post-162293","1":"product","2":"type-product","3":"status-publish","4":"has-post-thumbnail","6":"product_cat-furniture-system-lyon-bright-wojcik-meble","7":"product_cat-chests-of-drawers","8":"product_cat-meble-wojcik","10":"first","11":"instock","12":"purchasable","13":"product-type-simple"},"_links":{"self":[{"href":"https:\/\/baldumarket.lt\/lt\/wp-json\/wp\/v2\/product\/162293","targetHints":{"allow":["GET"]}}],"collection":[{"href":"https:\/\/baldumarket.lt\/lt\/wp-json\/wp\/v2\/product"}],"about":[{"href":"https:\/\/baldumarket.lt\/lt\/wp-json\/wp\/v2\/types\/product"}],"replies":[{"embeddable":true,"href":"https:\/\/baldumarket.lt\/lt\/wp-json\/wp\/v2\/comments?post=162293"}],"wp:featuredmedia":[{"embeddable":true,"href":"https:\/\/baldumarket.lt\/lt\/wp-json\/wp\/v2\/media\/162294"}],"wp:attachment":[{"href":"https:\/\/baldumarket.lt\/lt\/wp-json\/wp\/v2\/media?parent=162293"}],"wp:term":[{"taxonomy":"product_brand","embeddable":true,"href":"https:\/\/baldumarket.lt\/lt\/wp-json\/wp\/v2\/product_brand?post=162293"},{"taxonomy":"product_cat","embeddable":true,"href":"https:\/\/baldumarket.lt\/lt\/wp-json\/wp\/v2\/product_cat?post=162293"},{"taxonomy":"product_tag","embeddable":true,"href":"https:\/\/baldumarket.lt\/lt\/wp-json\/wp\/v2\/product_tag?post=162293"}],"curies":[{"name":"wp","href":"https:\/\/api.w.org\/{rel}","templated":true}]}}