{"id":162287,"date":"2025-12-19T12:08:46","date_gmt":"2025-12-19T09:08:46","guid":{"rendered":"https:\/\/baldumarket.lt\/product\/lyon-lyok04-komoda-3s-dab-riviera-jasna-biala\/"},"modified":"2026-02-08T17:54:59","modified_gmt":"2026-02-08T14:54:59","slug":"lyon-lyok04-komoda-3s-dab-riviera-jasna-biala","status":"publish","type":"product","link":"https:\/\/baldumarket.lt\/lt\/product\/lyon-lyok04-komoda-3s-dab-riviera-jasna-biala\/","title":{"rendered":"Lionas LYOK04 \u2013 3 stal\u010di\u0173 komoda, \u201eRiviera Oak\u201c \u0161viesi\/balta"},"content":{"rendered":"<p>Pristatome unikali\u0105 ir eleganti\u0161k\u0105 \u201eLyon LYOK04 \u2013 3S\u201c komod\u0105 \u201eRiviera Oak Light\/White\u201c spalvos \u2013 tobul\u0105 modernaus dizaino ir funkcionalumo derin\u012f. Sukurta i\u0161rankiems vartotojams, norintiems stilingai sutvarkyti savo interjer\u0105. Jos matmenys puikiai atitinka \u0161iuolaikinius nam\u0173 poreikius: plotis 107,5 cm, auk\u0161tis 89,1 cm ir gylis 42 cm. Neutralios \u201eRiviera Oak Light\u201c spalvos ir balti fasadai sukuria unikali\u0105 atmosfer\u0105 ir papildo \u012fvairius interjero dizainus. Fasadai ir korpusas pagaminti i\u0161 laminuotos med\u017eio dro\u017eli\u0173 plok\u0161t\u0117s, u\u017etikrinan\u010dios ilgaam\u017ei\u0161kum\u0105 ir atskleid\u017eian\u010dios gra\u017ei\u0105, nat\u016brali\u0105 medienos tekst\u016br\u0105. Tarp plataus moderni\u0173 komod\u0173 asortimento \u201eLyon LYOK04\u201c modelis i\u0161siskiria rafinuotomis detal\u0117mis. Joje yra trys erdv\u016bs stal\u010diai, kurie u\u017etikrina puiki\u0105 tvark\u0105 ir leid\u017eia tvarkingai laikyti svarbiausius aksesuarus ar drabu\u017eius. Stal\u010di\u0173 sistema su \u0161velnaus u\u017edarymo mechanizmu garantuoja patog\u0173 naudojim\u0105 kiekvien\u0105 dien\u0105.<\/p>","protected":false},"excerpt":{"rendered":"<p>Plotis (cm): 107,5<br \/>\n\u016agis (cm): 89,1<br \/>\nGylis (cm): 42<\/p>","protected":false},"featured_media":162288,"comment_status":"open","ping_status":"open","template":"","meta":[],"product_brand":[],"product_cat":[9488,1173,4107],"product_tag":[],"class_list":{"0":"post-162287","1":"product","2":"type-product","3":"status-publish","4":"has-post-thumbnail","6":"product_cat-furniture-system-lyon-bright-wojcik-meble","7":"product_cat-chests-of-drawers","8":"product_cat-meble-wojcik","10":"first","11":"instock","12":"purchasable","13":"product-type-simple"},"_links":{"self":[{"href":"https:\/\/baldumarket.lt\/lt\/wp-json\/wp\/v2\/product\/162287","targetHints":{"allow":["GET"]}}],"collection":[{"href":"https:\/\/baldumarket.lt\/lt\/wp-json\/wp\/v2\/product"}],"about":[{"href":"https:\/\/baldumarket.lt\/lt\/wp-json\/wp\/v2\/types\/product"}],"replies":[{"embeddable":true,"href":"https:\/\/baldumarket.lt\/lt\/wp-json\/wp\/v2\/comments?post=162287"}],"wp:featuredmedia":[{"embeddable":true,"href":"https:\/\/baldumarket.lt\/lt\/wp-json\/wp\/v2\/media\/162288"}],"wp:attachment":[{"href":"https:\/\/baldumarket.lt\/lt\/wp-json\/wp\/v2\/media?parent=162287"}],"wp:term":[{"taxonomy":"product_brand","embeddable":true,"href":"https:\/\/baldumarket.lt\/lt\/wp-json\/wp\/v2\/product_brand?post=162287"},{"taxonomy":"product_cat","embeddable":true,"href":"https:\/\/baldumarket.lt\/lt\/wp-json\/wp\/v2\/product_cat?post=162287"},{"taxonomy":"product_tag","embeddable":true,"href":"https:\/\/baldumarket.lt\/lt\/wp-json\/wp\/v2\/product_tag?post=162287"}],"curies":[{"name":"wp","href":"https:\/\/api.w.org\/{rel}","templated":true}]}}