{"id":162281,"date":"2025-12-19T12:08:34","date_gmt":"2025-12-19T09:08:34","guid":{"rendered":"https:\/\/baldumarket.lt\/product\/lyon-lyok03r-szafka-nocna-prawostronna-1s-dab-riviera-jasna-biala\/"},"modified":"2026-04-06T17:40:32","modified_gmt":"2026-04-06T14:40:32","slug":"lyon-lyok03r-szafka-nocna-prawostronna-1s-dab-riviera-jasna-biala","status":"publish","type":"product","link":"https:\/\/baldumarket.lt\/lt\/product\/lyon-lyok03r-szafka-nocna-prawostronna-1s-dab-riviera-jasna-biala\/","title":{"rendered":"Lionas LYOK03R \u2013 De\u0161inysis naktinis staliukas 1S Riviera Oak \u0161viesus\/baltas"},"content":{"rendered":"<p>Leiskite man jus nukelti \u012f interjer\u0105, kuriame harmonija ir modernus dizainas dera su funkcionalumu ir kokybe \u2013 pristatau unikali\u0105 \u201eLyon LYOK03R\u201c naktin\u0119 staliuk\u0105. Subtilus \u0161viesaus Riviera \u0105\u017euolo ir balt\u0173 akcent\u0173 derinys suteiks jaukumo bet kuriam miegamajam, i\u0161laikant nepaprastai modern\u0173 charakter\u012f. Modernumas \u2013 tai ne tik i\u0161vaizda. \u201eLyon LYOK03R\u201c naktin\u0117 staliukas i\u0161siskiria atidarymo sistema be ranken\u0117li\u0173, tod\u0117l priekin\u0117s linijos i\u0161lieka \u0161varios ir neu\u017egriozdintos jokiais priedais. \u0160is sprendimas garantuoja ne tik estetik\u0105, bet ir kasdienio naudojimo patogum\u0105. B\u0117gekliuose \u012frengta \u0161velnaus u\u017edarymo sistema u\u017etikrina skland\u0173 ir tyl\u0173 u\u017edarym\u0105, pa\u0161alindama bet kok\u012f triuk\u0161m\u0105, o tai ne\u012fkainojama naktini\u0173 apsilankym\u0173 miegamajame metu. Ypatingo pamin\u0117jimo nusipelno tvirta \u201eLYOK03R\u201c naktin\u0117s staliuko kokyb\u0117. Med\u017eiagos, i\u0161 kuri\u0173 jis pagamintas: laminuota med\u017eio dro\u017eli\u0173 plok\u0161t\u0117, garantuoja atsparum\u0105 kasdieniam d\u0117v\u0117jimuisi. Jums nereik\u0117s nerimauti d\u0117l \u012fbr\u0117\u017eim\u0173, mechanini\u0173 pa\u017eeidim\u0173, dr\u0117gm\u0117s ar net auk\u0161tos temperat\u016bros \u2013 \u0161is naktinis staliukas susidoros su visais i\u0161\u0161\u016bkiais.<\/p>","protected":false},"excerpt":{"rendered":"<p>Plotis (cm): 46,5<br \/>\n\u016agis (cm): 45,5<br \/>\nGylis (cm): 36<\/p>","protected":false},"featured_media":162282,"comment_status":"open","ping_status":"open","template":"","meta":[],"product_brand":[],"product_cat":[9488,1176,4107],"product_tag":[],"class_list":{"0":"post-162281","1":"product","2":"type-product","3":"status-publish","4":"has-post-thumbnail","6":"product_cat-furniture-system-lyon-bright-wojcik-meble","7":"product_cat-bedside-tables","8":"product_cat-meble-wojcik","10":"first","11":"instock","12":"purchasable","13":"product-type-simple"},"_links":{"self":[{"href":"https:\/\/baldumarket.lt\/lt\/wp-json\/wp\/v2\/product\/162281","targetHints":{"allow":["GET"]}}],"collection":[{"href":"https:\/\/baldumarket.lt\/lt\/wp-json\/wp\/v2\/product"}],"about":[{"href":"https:\/\/baldumarket.lt\/lt\/wp-json\/wp\/v2\/types\/product"}],"replies":[{"embeddable":true,"href":"https:\/\/baldumarket.lt\/lt\/wp-json\/wp\/v2\/comments?post=162281"}],"wp:featuredmedia":[{"embeddable":true,"href":"https:\/\/baldumarket.lt\/lt\/wp-json\/wp\/v2\/media\/162282"}],"wp:attachment":[{"href":"https:\/\/baldumarket.lt\/lt\/wp-json\/wp\/v2\/media?parent=162281"}],"wp:term":[{"taxonomy":"product_brand","embeddable":true,"href":"https:\/\/baldumarket.lt\/lt\/wp-json\/wp\/v2\/product_brand?post=162281"},{"taxonomy":"product_cat","embeddable":true,"href":"https:\/\/baldumarket.lt\/lt\/wp-json\/wp\/v2\/product_cat?post=162281"},{"taxonomy":"product_tag","embeddable":true,"href":"https:\/\/baldumarket.lt\/lt\/wp-json\/wp\/v2\/product_tag?post=162281"}],"curies":[{"name":"wp","href":"https:\/\/api.w.org\/{rel}","templated":true}]}}