{"id":162275,"date":"2025-12-19T12:08:22","date_gmt":"2025-12-19T09:08:22","guid":{"rendered":"https:\/\/baldumarket.lt\/product\/lyon-lyok03l-szafka-nocna-lewostronna-1s-dab-riviera-jasna-biala\/"},"modified":"2026-04-06T17:40:32","modified_gmt":"2026-04-06T14:40:32","slug":"lyon-lyok03l-szafka-nocna-lewostronna-1s-dab-riviera-jasna-biala","status":"publish","type":"product","link":"https:\/\/baldumarket.lt\/lt\/product\/lyon-lyok03l-szafka-nocna-lewostronna-1s-dab-riviera-jasna-biala\/","title":{"rendered":"Lionas LYOK03L \u2013 Kairin\u0117 naktinio staliuko lentyna, 1 vnt., \u201eRiviera Oak\u201c, \u0161viesus\/baltas"},"content":{"rendered":"<p>Pristatome \u201eLyon LYOK03L \u2013 1S\u201c naktin\u012f staliuk\u0105, kurio eleganti\u0161kas dizainas i\u0161skirs bet kur\u012f miegam\u0105j\u012f, pasi\u017eym\u0117damas funkcionalumu ir i\u0161skirtiniu stiliumi. \u0160i kompakti\u0161ka spintel\u0117, kurios plotis \u2013 46,5 cm, auk\u0161tis \u2013 45,5 cm, o gylis \u2013 36 cm, puikiai tiks tiems, kurie vertina auk\u0161t\u0105 kokyb\u0119 ir modernius sprendimus. \u201eLyon\u201c naktinio staliuko spalvos \u2013 \u0161viesaus Riviera \u0105\u017euolo ir baltos \u2013 suteiks kambariui gaivumo, o nat\u016brali spalva apgaubs interjer\u0105 \u0161iluma ir elegancija. Laminuotos plok\u0161t\u0117s naudojimas ne tik garantuoja patvarum\u0105 ir atsparum\u0105 kasdieniam naudojimui, bet ir leid\u017eia lengvai pri\u017ei\u016br\u0117ti. Modern\u0173 spintel\u0117s stili\u0173 atspindi minimalistinis po\u017ei\u016bris \u012f detales \u2013 ranken\u0117li\u0173 neturinti sistema, naudojama siekiant i\u0161laikyti lygi\u0105 spintel\u0117s priekio linij\u0105, eleganti\u0161kai susilieja su juo, sukurdama darni\u0105 visum\u0105. \u201eLyn\u201c naktiniai staliukai gars\u0117ja savo prakti\u0161kumu, k\u0105 \u012frodo tyliai b\u0117gantys b\u0117geliai, u\u017etikrinantys tyl\u0173 ir skland\u0173 u\u017esidarym\u0105. \u0160is sprendimas ne tik padidina komfort\u0105 tyliomis valandomis, bet ir apsaugo baldus nuo staigaus u\u017esidarymo.<\/p>","protected":false},"excerpt":{"rendered":"<p>Plotis (cm): 46,5<br \/>\n\u016agis (cm): 45,5<br \/>\nGylis (cm): 36<\/p>","protected":false},"featured_media":162276,"comment_status":"open","ping_status":"open","template":"","meta":[],"product_brand":[],"product_cat":[9488,1176,4107],"product_tag":[],"class_list":{"0":"post-162275","1":"product","2":"type-product","3":"status-publish","4":"has-post-thumbnail","6":"product_cat-furniture-system-lyon-bright-wojcik-meble","7":"product_cat-bedside-tables","8":"product_cat-meble-wojcik","10":"first","11":"instock","12":"purchasable","13":"product-type-simple"},"_links":{"self":[{"href":"https:\/\/baldumarket.lt\/lt\/wp-json\/wp\/v2\/product\/162275","targetHints":{"allow":["GET"]}}],"collection":[{"href":"https:\/\/baldumarket.lt\/lt\/wp-json\/wp\/v2\/product"}],"about":[{"href":"https:\/\/baldumarket.lt\/lt\/wp-json\/wp\/v2\/types\/product"}],"replies":[{"embeddable":true,"href":"https:\/\/baldumarket.lt\/lt\/wp-json\/wp\/v2\/comments?post=162275"}],"wp:featuredmedia":[{"embeddable":true,"href":"https:\/\/baldumarket.lt\/lt\/wp-json\/wp\/v2\/media\/162276"}],"wp:attachment":[{"href":"https:\/\/baldumarket.lt\/lt\/wp-json\/wp\/v2\/media?parent=162275"}],"wp:term":[{"taxonomy":"product_brand","embeddable":true,"href":"https:\/\/baldumarket.lt\/lt\/wp-json\/wp\/v2\/product_brand?post=162275"},{"taxonomy":"product_cat","embeddable":true,"href":"https:\/\/baldumarket.lt\/lt\/wp-json\/wp\/v2\/product_cat?post=162275"},{"taxonomy":"product_tag","embeddable":true,"href":"https:\/\/baldumarket.lt\/lt\/wp-json\/wp\/v2\/product_tag?post=162275"}],"curies":[{"name":"wp","href":"https:\/\/api.w.org\/{rel}","templated":true}]}}