{"id":162269,"date":"2025-12-19T12:08:08","date_gmt":"2025-12-19T09:08:08","guid":{"rendered":"https:\/\/baldumarket.lt\/product\/lyon-bialy-lyok03l-szafka-nocna-lewostronna-1s-biala\/"},"modified":"2026-04-06T19:18:55","modified_gmt":"2026-04-06T16:18:55","slug":"lyon-bialy-lyok03l-szafka-nocna-lewostronna-1s-biala","status":"publish","type":"product","link":"https:\/\/baldumarket.lt\/lt\/product\/lyon-bialy-lyok03l-szafka-nocna-lewostronna-1s-biala\/","title":{"rendered":"Lyon White LYOK03L \u2013 Kairysis naktinis staliukas 1S, baltas"},"content":{"rendered":"<p>Derinkite funkcionalum\u0105 su stiliumi, pasirinkdami \u201eLyon White LYOK03L\u201c naktin\u012f staliuk\u0105 i\u0161 bald\u0173 kolekcijos, kuri stebina savo kasdiene kokybe ir rafinuotu dizainu. \u0160is baldas neabejotinai padidins j\u016bs\u0173 miegamojo erdv\u0117s estetin\u0119 vert\u0119, kartu suteikdamas komforto ir vietos daiktams susid\u0117ti. Atraskite unikal\u0173 \u201eLyon White LYOK03L\u201c naktinio staliuko, pagaminto i\u0161 auk\u0161\u010diausios kokyb\u0117s laminuotos plok\u0161t\u0117s, \u017eaves\u012f ir i\u0161skirtin\u012f prakti\u0161kum\u0105. Pagrindin\u0117s jo savyb\u0117s \u2013 unikali, asimetri\u0161ka forma, kuri i\u0161siskiria i\u0161 tradicini\u0173 bald\u0173 ir skland\u017eiai dera prie modernaus interjero. \u0160is naktinis staliukas turi funkcional\u0173, erdv\u0173 stal\u010di\u0173 su \u0161velnaus u\u017edarymo mechanizmu, kad b\u016bt\u0173 patogu kasdien naudoti. Skoning\u0105 ir minimalistin\u012f dizain\u0105 papildo atidarymo sistema be ranken\u0117li\u0173, pabr\u0117\u017eianti modern\u0173 baldo charakter\u012f, taip pat atvira lentyna, suteikianti lengv\u0105 prieig\u0105 prie m\u0117gstam\u0173 knyg\u0173 ar \u017eurnal\u0173. \u201eLyon White LYOK03L\u201c komoda ypa\u010d \u012fsp\u016bdingai atrodo moderniuose interjeruose, kur svarb\u0173 vaidmen\u012f atlieka ry\u0161kios spalvos ir blizg\u016bs pavir\u0161iai. 46,6 cm plo\u010dio, 45,6 cm auk\u0161\u010dio ir 36 cm gylio \u0161is baldas puikiai tinka bet kokiam miegamajam, net ir tam, kuriame yra ribota erdv\u0117. Tai taip pat idealus sprendimas tiems, kurie vertina funkcionalum\u0105 ir modern\u0173 vaizd\u0105, tiek skandinavi\u0161ko, tiek minimalistinio stiliaus.<\/p>","protected":false},"excerpt":{"rendered":"<p>Plotis (cm): 46,6<br \/>\n\u016agis (cm): 45,6<br \/>\nGylis (cm): 36<\/p>","protected":false},"featured_media":162270,"comment_status":"open","ping_status":"open","template":"","meta":[],"product_brand":[],"product_cat":[9487,1176,4107],"product_tag":[],"class_list":{"0":"post-162269","1":"product","2":"type-product","3":"status-publish","4":"has-post-thumbnail","6":"product_cat-furniture-system-lyon-white-wojcik-meble","7":"product_cat-bedside-tables","8":"product_cat-meble-wojcik","10":"first","11":"instock","12":"purchasable","13":"product-type-simple"},"_links":{"self":[{"href":"https:\/\/baldumarket.lt\/lt\/wp-json\/wp\/v2\/product\/162269","targetHints":{"allow":["GET"]}}],"collection":[{"href":"https:\/\/baldumarket.lt\/lt\/wp-json\/wp\/v2\/product"}],"about":[{"href":"https:\/\/baldumarket.lt\/lt\/wp-json\/wp\/v2\/types\/product"}],"replies":[{"embeddable":true,"href":"https:\/\/baldumarket.lt\/lt\/wp-json\/wp\/v2\/comments?post=162269"}],"wp:featuredmedia":[{"embeddable":true,"href":"https:\/\/baldumarket.lt\/lt\/wp-json\/wp\/v2\/media\/162270"}],"wp:attachment":[{"href":"https:\/\/baldumarket.lt\/lt\/wp-json\/wp\/v2\/media?parent=162269"}],"wp:term":[{"taxonomy":"product_brand","embeddable":true,"href":"https:\/\/baldumarket.lt\/lt\/wp-json\/wp\/v2\/product_brand?post=162269"},{"taxonomy":"product_cat","embeddable":true,"href":"https:\/\/baldumarket.lt\/lt\/wp-json\/wp\/v2\/product_cat?post=162269"},{"taxonomy":"product_tag","embeddable":true,"href":"https:\/\/baldumarket.lt\/lt\/wp-json\/wp\/v2\/product_tag?post=162269"}],"curies":[{"name":"wp","href":"https:\/\/api.w.org\/{rel}","templated":true}]}}