{"id":162257,"date":"2025-12-19T12:07:43","date_gmt":"2025-12-19T09:07:43","guid":{"rendered":"https:\/\/baldumarket.lt\/product\/lyon-bialy-lyok04-komoda-3s-biala\/"},"modified":"2026-04-06T19:18:55","modified_gmt":"2026-04-06T16:18:55","slug":"lyon-bialy-lyok04-komoda-3s-biala","status":"publish","type":"product","link":"https:\/\/baldumarket.lt\/lt\/product\/lyon-bialy-lyok04-komoda-3s-biala\/","title":{"rendered":"Lyon White LYOK04 \u2013 3 stal\u010di\u0173 komoda, balta"},"content":{"rendered":"<p>Patirkite nesenstant\u012f elegancij\u0105 ir funkcionalum\u0105 su \u2019Lyon White LYOK04 \u2013 3S White\u2019 komoda. \u0160i moderni, trij\u0173 stal\u010di\u0173 komoda sukurta tiems, kurie vertina rafinuot\u0105 dizain\u0105 ir auk\u0161tos kokyb\u0117s meistri\u0161kum\u0105. Ji lengvai der\u0117s prie bet kokio interjero, suteikdama charakterio ir stiliaus. Komodos laminuotos med\u017eio dro\u017eli\u0173 plok\u0161t\u0117s konstrukcija garantuoja jos ilgaam\u017ei\u0161kum\u0105 ir patvarum\u0105. Ie\u0161kant patvari\u0173 sprendim\u0173 nereikia aukoti estetikos \u2013 ir \u201eLyon\u201c komoda yra puikus to pavyzdys. Jos matmenys (plotis: 107,5 cm, auk\u0161tis: 89,1 cm, gylis: 42 cm) suteikia erdv\u0117s, reikalingos daugybei daikt\u0173 laikyti, o stal\u010diai, apr\u016bpinti \u0161velnaus u\u017edarymo sistema, u\u017etikrina patog\u0173 naudojim\u0105 kiekvien\u0105 dien\u0105. Blizgi balta komodos apdaila traukia d\u0117mes\u012f, suteikdama interjerui lengvumo ir gaivos poj\u016bt\u012f. Asimetrija ir stal\u010di\u0173 atidarymo sistema be ranken\u0117li\u0173 yra modern\u016bs akcentai, pabr\u0117\u017eiantys jos unikal\u0173 charakter\u012f. Tiems, kurie vertina detales, komod\u0105 galima komplektuoti su jutikliniu \u0161viesos jungikliu (galima \u012fsigyti kaip papildom\u0105 \u012frang\u0105) u\u017e 61 PLN, kuris dar labiau pagerina bald\u0173 naudojimo patirt\u012f.<\/p>","protected":false},"excerpt":{"rendered":"<p>Plotis (cm): 107,5<br \/>\n\u016agis (cm): 89,1<br \/>\nGylis (cm): 42<\/p>","protected":false},"featured_media":162258,"comment_status":"open","ping_status":"open","template":"","meta":[],"product_brand":[],"product_cat":[9487,1173,4107],"product_tag":[],"class_list":{"0":"post-162257","1":"product","2":"type-product","3":"status-publish","4":"has-post-thumbnail","6":"product_cat-furniture-system-lyon-white-wojcik-meble","7":"product_cat-chests-of-drawers","8":"product_cat-meble-wojcik","10":"first","11":"instock","12":"purchasable","13":"product-type-simple"},"_links":{"self":[{"href":"https:\/\/baldumarket.lt\/lt\/wp-json\/wp\/v2\/product\/162257","targetHints":{"allow":["GET"]}}],"collection":[{"href":"https:\/\/baldumarket.lt\/lt\/wp-json\/wp\/v2\/product"}],"about":[{"href":"https:\/\/baldumarket.lt\/lt\/wp-json\/wp\/v2\/types\/product"}],"replies":[{"embeddable":true,"href":"https:\/\/baldumarket.lt\/lt\/wp-json\/wp\/v2\/comments?post=162257"}],"wp:featuredmedia":[{"embeddable":true,"href":"https:\/\/baldumarket.lt\/lt\/wp-json\/wp\/v2\/media\/162258"}],"wp:attachment":[{"href":"https:\/\/baldumarket.lt\/lt\/wp-json\/wp\/v2\/media?parent=162257"}],"wp:term":[{"taxonomy":"product_brand","embeddable":true,"href":"https:\/\/baldumarket.lt\/lt\/wp-json\/wp\/v2\/product_brand?post=162257"},{"taxonomy":"product_cat","embeddable":true,"href":"https:\/\/baldumarket.lt\/lt\/wp-json\/wp\/v2\/product_cat?post=162257"},{"taxonomy":"product_tag","embeddable":true,"href":"https:\/\/baldumarket.lt\/lt\/wp-json\/wp\/v2\/product_tag?post=162257"}],"curies":[{"name":"wp","href":"https:\/\/api.w.org\/{rel}","templated":true}]}}