{"id":162251,"date":"2025-12-19T12:07:31","date_gmt":"2025-12-19T09:07:31","guid":{"rendered":"https:\/\/baldumarket.lt\/product\/lyon-bialy-lyok01-komoda-2d3s-biala\/"},"modified":"2026-04-06T19:18:44","modified_gmt":"2026-04-06T16:18:44","slug":"lyon-bialy-lyok01-komoda-2d3s-biala","status":"publish","type":"product","link":"https:\/\/baldumarket.lt\/lt\/product\/lyon-bialy-lyok01-komoda-2d3s-biala\/","title":{"rendered":"Lyon White LYOK01 \u2013 Komoda 2D3S balta"},"content":{"rendered":"<p>Kvie\u010diame atrasti komod\u0105, kuri taps ne tik prakti\u0161ku baldu, bet ir tikru stiliaus parei\u0161kimu kiekvienuose namuose. Pristatome balt\u0105 \u201eLyon LYOK01\u201c komod\u0105 \u2013 elegancijos, modernumo ir auk\u0161to funkcionalumo derin\u012f, kuris papildys bet kok\u012f interjero dizain\u0105. Kategorija: Komodos<br \/>\nPlotis: 157,7 cm<br \/>\nAuk\u0161tis: 89,1 cm<br \/>\nGylis: 42 cm<br \/>\nSpalva: balta<br \/>\nMed\u017eiaga: laminuota plok\u0161t\u0117<br \/>\nPapildomos savyb\u0117s: sistema be ranken\u0117li\u0173, \u0161velnus u\u017edarymas, LED ap\u0161vietimas (pasirinktinai). Komoda \u201eLyon White LYOK01\u201c tikrai pritrauks d\u0117mes\u012f. Pagaminta i\u0161 auk\u0161\u010diausios kokyb\u0117s laminuotos plok\u0161t\u0117s Alpi\u0173 baltumo spalvos, kruop\u0161\u010diai apgalvojant kiekvien\u0105 detal\u0119, baldo korpusas ir priekin\u0117 dalis pagaminti i\u0161 laminuotos med\u017eio dro\u017eli\u0173 plok\u0161t\u0117s, u\u017etikrinan\u010dios patvarum\u0105 ir estetin\u012f patrauklum\u0105 ilgus metus.<\/p>","protected":false},"excerpt":{"rendered":"<p>Plotis (cm): 157,7<br \/>\n\u016agis (cm): 89,1<br \/>\nGylis (cm): 42<\/p>","protected":false},"featured_media":162252,"comment_status":"open","ping_status":"open","template":"","meta":[],"product_brand":[],"product_cat":[9487,1173,4107],"product_tag":[],"class_list":{"0":"post-162251","1":"product","2":"type-product","3":"status-publish","4":"has-post-thumbnail","6":"product_cat-furniture-system-lyon-white-wojcik-meble","7":"product_cat-chests-of-drawers","8":"product_cat-meble-wojcik","10":"first","11":"instock","12":"purchasable","13":"product-type-simple"},"_links":{"self":[{"href":"https:\/\/baldumarket.lt\/lt\/wp-json\/wp\/v2\/product\/162251","targetHints":{"allow":["GET"]}}],"collection":[{"href":"https:\/\/baldumarket.lt\/lt\/wp-json\/wp\/v2\/product"}],"about":[{"href":"https:\/\/baldumarket.lt\/lt\/wp-json\/wp\/v2\/types\/product"}],"replies":[{"embeddable":true,"href":"https:\/\/baldumarket.lt\/lt\/wp-json\/wp\/v2\/comments?post=162251"}],"wp:featuredmedia":[{"embeddable":true,"href":"https:\/\/baldumarket.lt\/lt\/wp-json\/wp\/v2\/media\/162252"}],"wp:attachment":[{"href":"https:\/\/baldumarket.lt\/lt\/wp-json\/wp\/v2\/media?parent=162251"}],"wp:term":[{"taxonomy":"product_brand","embeddable":true,"href":"https:\/\/baldumarket.lt\/lt\/wp-json\/wp\/v2\/product_brand?post=162251"},{"taxonomy":"product_cat","embeddable":true,"href":"https:\/\/baldumarket.lt\/lt\/wp-json\/wp\/v2\/product_cat?post=162251"},{"taxonomy":"product_tag","embeddable":true,"href":"https:\/\/baldumarket.lt\/lt\/wp-json\/wp\/v2\/product_tag?post=162251"}],"curies":[{"name":"wp","href":"https:\/\/api.w.org\/{rel}","templated":true}]}}