{"id":162239,"date":"2025-12-19T12:07:06","date_gmt":"2025-12-19T09:07:06","guid":{"rendered":"https:\/\/baldumarket.lt\/product\/linate-typ-44-komoda-4s-biala-dab-truflowy\/"},"modified":"2026-04-06T19:18:44","modified_gmt":"2026-04-06T16:18:44","slug":"linate-typ-44-komoda-4s-biala-dab-truflowy","status":"publish","type":"product","link":"https:\/\/baldumarket.lt\/lt\/product\/linate-typ-44-komoda-4s-biala-dab-truflowy\/","title":{"rendered":"Linate TYPE 44 \u2013 4S komoda su stal\u010diais, balta\/trufeli\u0173 spalvos \u0105\u017euolas"},"content":{"rendered":"<p>Pristatome eleganti\u0161k\u0105 \u201eLinate TYPE 44 \u2013 4S\u201c komod\u0105, kuri neabejotinai suteiks modernumo ir elegancijos bet kokiam interjerui. I\u0161siskirianti subtiliu baltos ir nat\u016bralaus triufeli\u0173 atspalvio deriniu, ji yra puikus pasirinkimas tiems, kurie vertina harmonij\u0105 ir nesenstan\u010di\u0105 estetik\u0105 nam\u0173 interjere. Kruop\u0161\u010diai apgalvoti matmenys: plotis 96 cm, auk\u0161tis 86,3 cm ir gylis 41,9 cm, tod\u0117l ji puikiai tinka tiek erdvioms svetain\u0117ms, tiek jaukesniems miegamiesiems, suteikdama prakti\u0161k\u0105 viet\u0105 daiktams susid\u0117ti. Pagaminta i\u0161 auk\u0161\u010diausios kokyb\u0117s med\u017eiag\u0173 \u2013 laminuotos med\u017eio dro\u017eli\u0173 plok\u0161t\u0117s korpuso ir MDF fasado \u2013 \u201eLinate TYPE 44 \u2013 4S\u201c komoda ne tik d\u017eiugina ak\u012f, bet ir garantuoja ilgalaik\u012f naudojim\u0105. Laminatas yra ne\u012ftik\u0117tinai atsparus kasdieniam naudojimui ir lengvai valomas.<\/p>","protected":false},"excerpt":{"rendered":"<p>Plotis (cm): 96<br \/>\n\u016agis (cm): 86,3<br \/>\nGylis (cm): 41,9<\/p>","protected":false},"featured_media":162240,"comment_status":"open","ping_status":"open","template":"","meta":[],"product_brand":[],"product_cat":[9486,1173,4107],"product_tag":[],"class_list":{"0":"post-162239","1":"product","2":"type-product","3":"status-publish","4":"has-post-thumbnail","6":"product_cat-furniture-system-linate-wojcik-meble","7":"product_cat-chests-of-drawers","8":"product_cat-meble-wojcik","10":"first","11":"instock","12":"purchasable","13":"product-type-simple"},"_links":{"self":[{"href":"https:\/\/baldumarket.lt\/lt\/wp-json\/wp\/v2\/product\/162239","targetHints":{"allow":["GET"]}}],"collection":[{"href":"https:\/\/baldumarket.lt\/lt\/wp-json\/wp\/v2\/product"}],"about":[{"href":"https:\/\/baldumarket.lt\/lt\/wp-json\/wp\/v2\/types\/product"}],"replies":[{"embeddable":true,"href":"https:\/\/baldumarket.lt\/lt\/wp-json\/wp\/v2\/comments?post=162239"}],"wp:featuredmedia":[{"embeddable":true,"href":"https:\/\/baldumarket.lt\/lt\/wp-json\/wp\/v2\/media\/162240"}],"wp:attachment":[{"href":"https:\/\/baldumarket.lt\/lt\/wp-json\/wp\/v2\/media?parent=162239"}],"wp:term":[{"taxonomy":"product_brand","embeddable":true,"href":"https:\/\/baldumarket.lt\/lt\/wp-json\/wp\/v2\/product_brand?post=162239"},{"taxonomy":"product_cat","embeddable":true,"href":"https:\/\/baldumarket.lt\/lt\/wp-json\/wp\/v2\/product_cat?post=162239"},{"taxonomy":"product_tag","embeddable":true,"href":"https:\/\/baldumarket.lt\/lt\/wp-json\/wp\/v2\/product_tag?post=162239"}],"curies":[{"name":"wp","href":"https:\/\/api.w.org\/{rel}","templated":true}]}}