{"id":162233,"date":"2025-12-19T12:06:52","date_gmt":"2025-12-19T09:06:52","guid":{"rendered":"https:\/\/baldumarket.lt\/product\/linate-typ-95-szafka-nocna-wiszaca-biala-dab-truflowy\/"},"modified":"2026-04-06T19:18:44","modified_gmt":"2026-04-06T16:18:44","slug":"linate-typ-95-szafka-nocna-wiszaca-biala-dab-truflowy","status":"publish","type":"product","link":"https:\/\/baldumarket.lt\/lt\/product\/linate-typ-95-szafka-nocna-wiszaca-biala-dab-truflowy\/","title":{"rendered":"Linate TYPE 95 \u2013 Pakabinamas naktinis staliukas, baltas\/triufeli\u0173 spalvos \u0105\u017euolas"},"content":{"rendered":"<p>Kvie\u010diame atrasti i\u0161skirtinai eleganti\u0161k\u0105 ir funkcional\u0173 miegamojo papildym\u0105, kuriame dera nesenstanti klasika su modernumu. Susipa\u017einkite su \u201eLinate TYPE 95 \u2013 White\/Truffle\u201c pakabinamu naktiniu staliuku. Tai puikus pasirinkimas tiems, kurie vertina komfort\u0105 ir stilingus sprendimus. \u0160is pakabinamas naktinis staliukas-komoda yra 50 cm plo\u010dio, 77,7 cm auk\u0161\u010dio ir 35,9 cm gylio, tod\u0117l puikiai tinka tiek ma\u017eiems, tiek dideliems miegamiesiems. Pagamintas i\u0161 auk\u0161tos kokyb\u0117s med\u017eiag\u0173, toki\u0173 kaip laminuota plok\u0161t\u0117 ir MDF, jis garantuoja patvarum\u0105 ir atsparum\u0105 kasdieniam naudojimui. Eleganti\u0161ka triufeli\u0173 spalva kartu su baltais fasadais sukuria unikali\u0105, ta\u010diau universali\u0105 spalv\u0173 gam\u0105, kuri papildys daugum\u0105 \u0161iuolaikini\u0173 interjero dizain\u0173. \u0160iuolaikini\u0173 technologij\u0173, toki\u0173 kaip \u0161velnaus u\u017edarymo sistema ir sistema be ranken\u0117li\u0173, naudojimas ne tik suteikia spintelei subtili\u0173 dizaino akcent\u0173, bet ir u\u017etikrina paprast\u0105 naudojim\u0105. Laminuotos med\u017eio dro\u017eli\u0173 plok\u0161t\u0117s korpusas u\u017etikrina konstrukcijos tvirtum\u0105, o MDF fasadai \u2013 estetin\u012f elegancij\u0105.<\/p>","protected":false},"excerpt":{"rendered":"<p>Plotis (cm): 50<br \/>\n\u016agis (cm): 77,7<br \/>\nGylis (cm): 35,9<\/p>","protected":false},"featured_media":162234,"comment_status":"open","ping_status":"open","template":"","meta":[],"product_brand":[],"product_cat":[9486,1176,4107],"product_tag":[],"class_list":{"0":"post-162233","1":"product","2":"type-product","3":"status-publish","4":"has-post-thumbnail","6":"product_cat-furniture-system-linate-wojcik-meble","7":"product_cat-bedside-tables","8":"product_cat-meble-wojcik","10":"first","11":"instock","12":"purchasable","13":"product-type-simple"},"_links":{"self":[{"href":"https:\/\/baldumarket.lt\/lt\/wp-json\/wp\/v2\/product\/162233","targetHints":{"allow":["GET"]}}],"collection":[{"href":"https:\/\/baldumarket.lt\/lt\/wp-json\/wp\/v2\/product"}],"about":[{"href":"https:\/\/baldumarket.lt\/lt\/wp-json\/wp\/v2\/types\/product"}],"replies":[{"embeddable":true,"href":"https:\/\/baldumarket.lt\/lt\/wp-json\/wp\/v2\/comments?post=162233"}],"wp:featuredmedia":[{"embeddable":true,"href":"https:\/\/baldumarket.lt\/lt\/wp-json\/wp\/v2\/media\/162234"}],"wp:attachment":[{"href":"https:\/\/baldumarket.lt\/lt\/wp-json\/wp\/v2\/media?parent=162233"}],"wp:term":[{"taxonomy":"product_brand","embeddable":true,"href":"https:\/\/baldumarket.lt\/lt\/wp-json\/wp\/v2\/product_brand?post=162233"},{"taxonomy":"product_cat","embeddable":true,"href":"https:\/\/baldumarket.lt\/lt\/wp-json\/wp\/v2\/product_cat?post=162233"},{"taxonomy":"product_tag","embeddable":true,"href":"https:\/\/baldumarket.lt\/lt\/wp-json\/wp\/v2\/product_tag?post=162233"}],"curies":[{"name":"wp","href":"https:\/\/api.w.org\/{rel}","templated":true}]}}