{"id":162221,"date":"2025-12-19T12:06:27","date_gmt":"2025-12-19T09:06:27","guid":{"rendered":"https:\/\/baldumarket.lt\/product\/linate-typ-35-komoda-2d-1s-biala-dab-truflowy\/"},"modified":"2026-04-06T19:18:44","modified_gmt":"2026-04-06T16:18:44","slug":"linate-typ-35-komoda-2d-1s-biala-dab-truflowy","status":"publish","type":"product","link":"https:\/\/baldumarket.lt\/lt\/product\/linate-typ-35-komoda-2d-1s-biala-dab-truflowy\/","title":{"rendered":"Linate TYPE 35 \u2013 Komoda su stal\u010diais 2D-1S balta\/trufeli\u0173 spalvos \u0105\u017euolas"},"content":{"rendered":"<p>Atraskite eleganti\u0161k\u0105 ir funkcionali\u0105 \u201eLinate TYPE 35\u201c komod\u0105. Tai ne tik prakti\u0161kas baldas, bet ir unikalus dekoratyvinis elementas, kuris j\u016bs\u0173 interjerui suteiks modernaus ir rafinuoto stiliaus. \u0160i 109,4 cm plo\u010dio, 86,5 cm auk\u0161\u010dio ir 41,9 cm gylio komoda sukurta tiems, kurie vertina apgalvot\u0105 dizain\u0105 ir kuriems reikia papildomos vietos daiktams susid\u0117ti. Balta \u201eLinate TYPE 35\u201c spalva, papildyta kilniu triufeli\u0173 atspalviu, spinduliuoja elegancija, kuri puikiai papildys tiek modernias, tiek klasikines erdves. Pagaminta i\u0161 auk\u0161tos kokyb\u0117s laminuotos plok\u0161t\u0117s ir MDF fasad\u0173, komoda garantuoja tvirtum\u0105 ir ilgaam\u017ei\u0161kum\u0105. Ypa\u010d verta d\u0117mesio matin\u0117 apdaila, kuri ne tik atspari \u012fbr\u0117\u017eimams, bet ir puikiai dera su nat\u016braliais j\u016bs\u0173 nam\u0173 akcentais. Modern\u0173 \u201eLinate TYPE 35\u201c komodos charakter\u012f pabr\u0117\u017eia jos dizainas be ranken\u0117li\u0173. D\u0117l \u0161velnaus u\u017edarymo sistemos tiek durel\u0117s, tiek stal\u010dius u\u017esidaro skland\u017eiai ir tyliai, suteikdami visam baldui unikalaus funkcionalumo. \u012erenginio viduje galite laikyti asmeninius daiktus ir nam\u0173 apyvokos prietaisus, m\u0117gaudamiesi tvarka ir harmonija savo svetain\u0117je, miegamajame ar koridoriuje.<\/p>","protected":false},"excerpt":{"rendered":"<p>Plotis (cm): 109,4<br \/>\n\u016agis (cm): 86,5<br \/>\nGylis (cm): 41,9<\/p>","protected":false},"featured_media":162222,"comment_status":"open","ping_status":"open","template":"","meta":[],"product_brand":[],"product_cat":[9486,1173,4107],"product_tag":[],"class_list":{"0":"post-162221","1":"product","2":"type-product","3":"status-publish","4":"has-post-thumbnail","6":"product_cat-furniture-system-linate-wojcik-meble","7":"product_cat-chests-of-drawers","8":"product_cat-meble-wojcik","10":"first","11":"instock","12":"purchasable","13":"product-type-simple"},"_links":{"self":[{"href":"https:\/\/baldumarket.lt\/lt\/wp-json\/wp\/v2\/product\/162221","targetHints":{"allow":["GET"]}}],"collection":[{"href":"https:\/\/baldumarket.lt\/lt\/wp-json\/wp\/v2\/product"}],"about":[{"href":"https:\/\/baldumarket.lt\/lt\/wp-json\/wp\/v2\/types\/product"}],"replies":[{"embeddable":true,"href":"https:\/\/baldumarket.lt\/lt\/wp-json\/wp\/v2\/comments?post=162221"}],"wp:featuredmedia":[{"embeddable":true,"href":"https:\/\/baldumarket.lt\/lt\/wp-json\/wp\/v2\/media\/162222"}],"wp:attachment":[{"href":"https:\/\/baldumarket.lt\/lt\/wp-json\/wp\/v2\/media?parent=162221"}],"wp:term":[{"taxonomy":"product_brand","embeddable":true,"href":"https:\/\/baldumarket.lt\/lt\/wp-json\/wp\/v2\/product_brand?post=162221"},{"taxonomy":"product_cat","embeddable":true,"href":"https:\/\/baldumarket.lt\/lt\/wp-json\/wp\/v2\/product_cat?post=162221"},{"taxonomy":"product_tag","embeddable":true,"href":"https:\/\/baldumarket.lt\/lt\/wp-json\/wp\/v2\/product_tag?post=162221"}],"curies":[{"name":"wp","href":"https:\/\/api.w.org\/{rel}","templated":true}]}}