{"id":162215,"date":"2025-12-19T12:06:15","date_gmt":"2025-12-19T09:06:15","guid":{"rendered":"https:\/\/baldumarket.lt\/product\/linate-typ-40-komoda-3d-2s-biala-dab-truflowy\/"},"modified":"2026-04-06T19:18:44","modified_gmt":"2026-04-06T16:18:44","slug":"linate-typ-40-komoda-3d-2s-biala-dab-truflowy","status":"publish","type":"product","link":"https:\/\/baldumarket.lt\/lt\/product\/linate-typ-40-komoda-3d-2s-biala-dab-truflowy\/","title":{"rendered":"Linate TYPE 40 \u2013 3D komoda su 2 stal\u010diais, balta\/trufelin\u0117 \u0105\u017euolo spalva"},"content":{"rendered":"<p>Atraskite eleganti\u0161ko dizaino ir funkcionalumo derin\u012f su \u201eLinate TYPE 40 3D-2S\u201c indauja, kuri\u0105 galima \u012fsigyti baltos ir triufeli\u0173 spalvos. \u0160i nesenstanti indauja atitinka naujausias interjero dizaino tendencijas ir stilingai papuo\u0161 bet kur\u012f kambar\u012f. 164 cm plo\u010dio, 86,5 cm auk\u0161\u010dio ir 41,9 cm gylio, ji suteikia daug vietos visiems j\u016bs\u0173 daiktams, i\u0161laikant tobulas proporcijas. Pagaminta i\u0161 auk\u0161tos kokyb\u0117s med\u017eiag\u0173, derinant laminuotas ir MDF plok\u0161tes, ji garantuoja tvirtum\u0105 ir ilgaam\u017ei\u0161kum\u0105. Laminuotos med\u017eio dro\u017eli\u0173 plok\u0161t\u0117s korpusas ir MDF fasadai sukuria derin\u012f, kuris ne tik gerai atrodo, bet ir atlaiko kasdien\u012f naudojim\u0105. Subtilus triufeli\u0173 atspalvis kartu su gryna balta spalva sukuria harmoning\u0105 kompozicij\u0105, kuri praturtins j\u016bs\u0173 interjer\u0105 nat\u016bralia spalv\u0173 palete. Modern\u0173 \u201eLinate TYPE 40\u201c indauja stili\u0173 sustiprina sistema be ranken\u0117li\u0173, kuri ne tik suteikia elegancijos, bet ir palengvina valym\u0105. Komodos funkcionalum\u0105 sustiprina pa\u017eangi \u0161velnaus u\u017edarymo sistema tiek kreipian\u010diose, tiek vyriuose. D\u0117l to kiekvienas stal\u010di\u0173 ir dureli\u0173 atidarymas ir u\u017edarymas yra beveik tylus ir ne\u012ftik\u0117tinai patogus.<\/p>","protected":false},"excerpt":{"rendered":"<p>Plotis (cm): 164<br \/>\n\u016agis (cm): 86,5<br \/>\nGylis (cm): 41,9<\/p>","protected":false},"featured_media":162216,"comment_status":"open","ping_status":"open","template":"","meta":[],"product_brand":[],"product_cat":[9486,1173,4107],"product_tag":[],"class_list":{"0":"post-162215","1":"product","2":"type-product","3":"status-publish","4":"has-post-thumbnail","6":"product_cat-furniture-system-linate-wojcik-meble","7":"product_cat-chests-of-drawers","8":"product_cat-meble-wojcik","10":"first","11":"instock","12":"purchasable","13":"product-type-simple"},"_links":{"self":[{"href":"https:\/\/baldumarket.lt\/lt\/wp-json\/wp\/v2\/product\/162215","targetHints":{"allow":["GET"]}}],"collection":[{"href":"https:\/\/baldumarket.lt\/lt\/wp-json\/wp\/v2\/product"}],"about":[{"href":"https:\/\/baldumarket.lt\/lt\/wp-json\/wp\/v2\/types\/product"}],"replies":[{"embeddable":true,"href":"https:\/\/baldumarket.lt\/lt\/wp-json\/wp\/v2\/comments?post=162215"}],"wp:featuredmedia":[{"embeddable":true,"href":"https:\/\/baldumarket.lt\/lt\/wp-json\/wp\/v2\/media\/162216"}],"wp:attachment":[{"href":"https:\/\/baldumarket.lt\/lt\/wp-json\/wp\/v2\/media?parent=162215"}],"wp:term":[{"taxonomy":"product_brand","embeddable":true,"href":"https:\/\/baldumarket.lt\/lt\/wp-json\/wp\/v2\/product_brand?post=162215"},{"taxonomy":"product_cat","embeddable":true,"href":"https:\/\/baldumarket.lt\/lt\/wp-json\/wp\/v2\/product_cat?post=162215"},{"taxonomy":"product_tag","embeddable":true,"href":"https:\/\/baldumarket.lt\/lt\/wp-json\/wp\/v2\/product_tag?post=162215"}],"curies":[{"name":"wp","href":"https:\/\/api.w.org\/{rel}","templated":true}]}}